{"id":47588,"date":"2026-04-02T22:58:30","date_gmt":"2026-04-02T19:58:30","guid":{"rendered":"http:\/\/new.ceasuri.md\/shop\/uncategorized\/casio-collection-w-800h-1bves\/"},"modified":"2026-04-07T04:23:31","modified_gmt":"2026-04-07T01:23:31","slug":"casio-collection-w-800h-1bves","status":"publish","type":"product","link":"https:\/\/ceasuri.md\/ru\/shop\/branduri\/casio\/casio-collection-w-800h-1bves\/","title":{"rendered":"Ceas CASIO COLLECTION W-800H-1BVES"},"content":{"rendered":"<p>Ceas multifunc\u021bional cu cronometru, perfect pentru activit\u0103\u021bi sportive.<\/p>\n<p>Cadranul este iluminat de un LED. Culoarea luminii de fundal: verde.<\/p>\n<p>Al doilea fus orar. Format de timp de 12 \u0219i 24 de ore. Cronometru cu precizie de 1\/100s \u0219i timp de m\u0103surare de 24h.<\/p>\n<p>Tipuri de alarme: zilnic\u0103, lunar\u0103, \u00een fiecare zi a unei anumite luni, la o anumit\u0103 dat\u0103.<\/p>\n<p>Curea cu \u00eenchidere clasic\u0103.<\/p>","protected":false},"excerpt":{"rendered":"<p>Ceas multifunc\u021bional cu cronometru, perfect pentru activit\u0103\u021bi sportive. Cadranul este iluminat de un LED. Culoarea luminii de fundal: verde. Al doilea fus orar. Format de timp de 12 \u0219i 24 de ore. Cronometru cu precizie de 1\/100s \u0219i timp de m\u0103surare de 24h. Tipuri de alarme: zilnic\u0103, lunar\u0103, \u00een fiecare zi a unei anumite luni, [&hellip;]<\/p>\n","protected":false},"featured_media":47589,"comment_status":"closed","ping_status":"open","template":"","meta":{"_acf_changed":false},"product_brand":[],"product_cat":[27,20],"product_tag":[],"class_list":{"0":"post-47588","1":"product","2":"type-product","3":"status-publish","4":"has-post-thumbnail","6":"product_cat-casio","7":"product_cat-ceasuri-barbati","8":"pa_brand-casio","9":"pa_braslet-plastic","10":"pa_corpus-37x44mm","11":"pa_forma-octogonala","12":"pa_funcii-alarma","13":"pa_funcii-calendar","14":"pa_funcii-cronometru","15":"pa_funcii-dual-time","16":"pa_funcii-iluminare","17":"pa_funcii-total-black","18":"pa_garatia-24-luni","19":"pa_korpus-negru","20":"pa_material-plastic","21":"pa_mehanizm-electronic","22":"pa_remeshok-negru","23":"pa_steklo-plastic","24":"pa_strana-japonia","25":"pa_voda-10-atm","27":"first","28":"instock","29":"purchasable","30":"product-type-simple"},"acf":[],"_links":{"self":[{"href":"https:\/\/ceasuri.md\/ru\/wp-json\/wp\/v2\/product\/47588","targetHints":{"allow":["GET"]}}],"collection":[{"href":"https:\/\/ceasuri.md\/ru\/wp-json\/wp\/v2\/product"}],"about":[{"href":"https:\/\/ceasuri.md\/ru\/wp-json\/wp\/v2\/types\/product"}],"replies":[{"embeddable":true,"href":"https:\/\/ceasuri.md\/ru\/wp-json\/wp\/v2\/comments?post=47588"}],"wp:featuredmedia":[{"embeddable":true,"href":"https:\/\/ceasuri.md\/ru\/wp-json\/wp\/v2\/media\/47589"}],"wp:attachment":[{"href":"https:\/\/ceasuri.md\/ru\/wp-json\/wp\/v2\/media?parent=47588"}],"wp:term":[{"taxonomy":"product_brand","embeddable":true,"href":"https:\/\/ceasuri.md\/ru\/wp-json\/wp\/v2\/product_brand?post=47588"},{"taxonomy":"product_cat","embeddable":true,"href":"https:\/\/ceasuri.md\/ru\/wp-json\/wp\/v2\/product_cat?post=47588"},{"taxonomy":"product_tag","embeddable":true,"href":"https:\/\/ceasuri.md\/ru\/wp-json\/wp\/v2\/product_tag?post=47588"}],"curies":[{"name":"wp","href":"https:\/\/api.w.org\/{rel}","templated":true}]}}