{"id":47570,"date":"2026-04-02T22:58:30","date_gmt":"2026-04-02T19:58:30","guid":{"rendered":"http:\/\/new.ceasuri.md\/shop\/uncategorized\/casio-g-shock-gm-s5600gb-1\/"},"modified":"2026-04-20T01:04:43","modified_gmt":"2026-04-19T22:04:43","slug":"casio-g-shock-gm-s5600gb-1","status":"publish","type":"product","link":"https:\/\/ceasuri.md\/ru\/shop\/branduri\/casio\/casio-g-shock-gm-s5600gb-1\/","title":{"rendered":"\u0427\u0430\u0441\u044b CASIO G-SHOCK GM-S5600GB-1"},"content":{"rendered":"<p>G-SHOCK metalic cu o carcas\u0103 negru-aurie \u0219i un design mai compact.<\/p>\n<p>Luneta metalic\u0103 placat\u0103 cu ioni de aur vorbe\u0219te despre lux. Butoanele \u0219i \u00eenchiz\u0103toarea, de asemenea placate cu ioni de aur, ies \u00een eviden\u021b\u0103 fa\u021b\u0103 de culoarea neagr\u0103, f\u0103c\u00e2nd metalul s\u0103 str\u0103luceasc\u0103 cu adev\u0103rat.<\/p>\n<p>Luxul auriului combinat cu puterea negrului este o frumuse\u021be str\u0103lucitoare care v\u0103 apar\u021bine \u00een totalitate.<\/p>\n<p>Format de timp de 12 \u0219i 24 de ore. Cronometru cu dou\u0103 citiri de precizie: 1\/100s (\u00eenainte de 1h) \u0219i 1s (dup\u0103 1h) \u0219i timp de m\u0103surare de 24h. Cronometru cu num\u0103r\u0103toare invers\u0103 de la 1s la 24h cu repetare automat\u0103.<\/p>\n<p>Curea din polimer cu cataram\u0103 clasic\u0103 \u0219i sistem de schimbare rapid\u0103.<\/p>","protected":false},"excerpt":{"rendered":"<p>G-SHOCK metalic cu o carcas\u0103 negru-aurie \u0219i un design mai compact. Luneta metalic\u0103 placat\u0103 cu ioni de aur vorbe\u0219te despre lux. Butoanele \u0219i \u00eenchiz\u0103toarea, de asemenea placate cu ioni de aur, ies \u00een eviden\u021b\u0103 fa\u021b\u0103 de culoarea neagr\u0103, f\u0103c\u00e2nd metalul s\u0103 str\u0103luceasc\u0103 cu adev\u0103rat. Luxul auriului combinat cu puterea negrului este o frumuse\u021be str\u0103lucitoare care [&hellip;]<\/p>\n","protected":false},"featured_media":47571,"comment_status":"closed","ping_status":"open","template":"","meta":{"_acf_changed":false},"product_brand":[],"product_cat":[27,20,25,419],"product_tag":[],"class_list":{"0":"post-47570","1":"product","2":"type-product","3":"status-publish","4":"has-post-thumbnail","6":"product_cat-casio","7":"product_cat-ceasuri-barbati","8":"product_cat-ceasuri-dama","9":"product_cat-g-shock","10":"pa_brand-casio","11":"pa_brand-g-shock","12":"pa_braslet-cauciuc","13":"pa_corpus-39x44mm","14":"pa_forma-octogonala","15":"pa_funcii-alarma","16":"pa_funcii-calendar","17":"pa_funcii-cronometru","18":"pa_funcii-iluminare","19":"pa_garatia-24-luni","20":"pa_korpus-auriu","21":"pa_kvarc-quartz","22":"pa_material-otel-inoxidabil","23":"pa_material-plastic","24":"pa_mehanizm-electronic","25":"pa_remeshok-negru","26":"pa_steklo-cristal-mineral","27":"pa_strana-japonia","28":"pa_voda-20-atm","30":"first","31":"instock","32":"purchasable","33":"product-type-simple"},"acf":[],"_links":{"self":[{"href":"https:\/\/ceasuri.md\/ru\/wp-json\/wp\/v2\/product\/47570","targetHints":{"allow":["GET"]}}],"collection":[{"href":"https:\/\/ceasuri.md\/ru\/wp-json\/wp\/v2\/product"}],"about":[{"href":"https:\/\/ceasuri.md\/ru\/wp-json\/wp\/v2\/types\/product"}],"replies":[{"embeddable":true,"href":"https:\/\/ceasuri.md\/ru\/wp-json\/wp\/v2\/comments?post=47570"}],"wp:featuredmedia":[{"embeddable":true,"href":"https:\/\/ceasuri.md\/ru\/wp-json\/wp\/v2\/media\/47571"}],"wp:attachment":[{"href":"https:\/\/ceasuri.md\/ru\/wp-json\/wp\/v2\/media?parent=47570"}],"wp:term":[{"taxonomy":"product_brand","embeddable":true,"href":"https:\/\/ceasuri.md\/ru\/wp-json\/wp\/v2\/product_brand?post=47570"},{"taxonomy":"product_cat","embeddable":true,"href":"https:\/\/ceasuri.md\/ru\/wp-json\/wp\/v2\/product_cat?post=47570"},{"taxonomy":"product_tag","embeddable":true,"href":"https:\/\/ceasuri.md\/ru\/wp-json\/wp\/v2\/product_tag?post=47570"}],"curies":[{"name":"wp","href":"https:\/\/api.w.org\/{rel}","templated":true}]}}