{"id":47568,"date":"2026-04-02T22:58:30","date_gmt":"2026-04-02T19:58:30","guid":{"rendered":"http:\/\/new.ceasuri.md\/shop\/uncategorized\/casio-g-shock-gxw-56-1a\/"},"modified":"2026-04-17T14:03:14","modified_gmt":"2026-04-17T11:03:14","slug":"casio-g-shock-gxw-56-1a","status":"publish","type":"product","link":"https:\/\/ceasuri.md\/ru\/shop\/branduri\/casio\/casio-g-shock-gxw-56-1a\/","title":{"rendered":"Ceas CASIO G-SHOCK GXW-56-1A"},"content":{"rendered":"<p>Acest ceas are un aspect deosebit \u0219i dispune de o gam\u0103 foarte larg\u0103 de func\u021bii. Alimentat cu energie solar\u0103, indicator al nivelului de \u00eenc\u0103rcare a bateriei.<\/p>\n<p>Carcasa anti\u0219oc protejeaz\u0103 mi\u0219carea de \u0219ocuri \u0219i vibra\u021bii. Protejeaz\u0103 \u00eempotriva p\u0103trunderii prafului \u0219i a murd\u0103riei \u00een interior.<\/p>\n<p>Iluminarea LED complet automat\u0103 se opre\u0219te \u00een condi\u021bii de lumin\u0103 suficient\u0103 \u0219i se aprinde \u00een condi\u021bii de lumin\u0103 slab\u0103 \u0219i pe \u00eentuneric.<\/p>\n<p>Format de timp de 12 \u0219i 24 de ore. Cronometru cu o precizie de 1\/100sec \u0219i un timp de m\u0103surare de 24h. Cronometru cu num\u0103r\u0103toare invers\u0103 de la 1min la 24h. Ora mondial\u0103.<\/p>\n<p>Tehnologia Multi Band 6 v\u0103 permite s\u0103 recep\u021biona\u021bi semnale de la \u0219ase turnuri radio situate \u00een diferite p\u0103r\u021bi ale lumii, care transmit semnale de timp de la ceasuri atomice specifice. Corectarea orei curente prin semnal radio peste aproape toat\u0103 Europa, SUA, Japonia \u0219i China.<\/p>\n<p>Func\u021bie de activare\/dezactivare a sunetului.<\/p>\n<p>Rezistent la ap\u0103 p\u00e2n\u0103 la 200 m.<\/p>\n<p>Curea cu \u00eenchidere clasic\u0103.<\/p>","protected":false},"excerpt":{"rendered":"<p>Acest ceas are un aspect deosebit \u0219i dispune de o gam\u0103 foarte larg\u0103 de func\u021bii. Alimentat cu energie solar\u0103, indicator al nivelului de \u00eenc\u0103rcare a bateriei. Carcasa anti\u0219oc protejeaz\u0103 mi\u0219carea de \u0219ocuri \u0219i vibra\u021bii. Protejeaz\u0103 \u00eempotriva p\u0103trunderii prafului \u0219i a murd\u0103riei \u00een interior. Iluminarea LED complet automat\u0103 se opre\u0219te \u00een condi\u021bii de lumin\u0103 suficient\u0103 \u0219i [&hellip;]<\/p>\n","protected":false},"featured_media":47569,"comment_status":"closed","ping_status":"open","template":"","meta":{"_acf_changed":false},"product_brand":[],"product_cat":[27,20,419],"product_tag":[],"class_list":{"0":"post-47568","1":"product","2":"type-product","3":"status-publish","4":"has-post-thumbnail","6":"product_cat-casio","7":"product_cat-ceasuri-barbati","8":"product_cat-g-shock","9":"pa_brand-casio","10":"pa_brand-g-shock","11":"pa_braslet-cauciuc","12":"pa_corpus-54x56mm","13":"pa_forma-octogonala","14":"pa_funcii-alarma","15":"pa_funcii-calendar","16":"pa_funcii-cronometru","17":"pa_funcii-iluminare","18":"pa_funcii-rezerva-de-energie","19":"pa_funcii-timp-mondial","20":"pa_garatia-24-luni","21":"pa_korpus-negru","22":"pa_korpus-rosu","23":"pa_kvarc-quartz","24":"pa_material-cauciuc","25":"pa_mehanizm-electronic","26":"pa_remeshok-negru","27":"pa_remeshok-rosu","28":"pa_steklo-cristal-mineral","29":"pa_strana-japonia","30":"pa_voda-20-atm","32":"first","33":"instock","34":"purchasable","35":"product-type-simple"},"acf":[],"_links":{"self":[{"href":"https:\/\/ceasuri.md\/ru\/wp-json\/wp\/v2\/product\/47568","targetHints":{"allow":["GET"]}}],"collection":[{"href":"https:\/\/ceasuri.md\/ru\/wp-json\/wp\/v2\/product"}],"about":[{"href":"https:\/\/ceasuri.md\/ru\/wp-json\/wp\/v2\/types\/product"}],"replies":[{"embeddable":true,"href":"https:\/\/ceasuri.md\/ru\/wp-json\/wp\/v2\/comments?post=47568"}],"wp:featuredmedia":[{"embeddable":true,"href":"https:\/\/ceasuri.md\/ru\/wp-json\/wp\/v2\/media\/47569"}],"wp:attachment":[{"href":"https:\/\/ceasuri.md\/ru\/wp-json\/wp\/v2\/media?parent=47568"}],"wp:term":[{"taxonomy":"product_brand","embeddable":true,"href":"https:\/\/ceasuri.md\/ru\/wp-json\/wp\/v2\/product_brand?post=47568"},{"taxonomy":"product_cat","embeddable":true,"href":"https:\/\/ceasuri.md\/ru\/wp-json\/wp\/v2\/product_cat?post=47568"},{"taxonomy":"product_tag","embeddable":true,"href":"https:\/\/ceasuri.md\/ru\/wp-json\/wp\/v2\/product_tag?post=47568"}],"curies":[{"name":"wp","href":"https:\/\/api.w.org\/{rel}","templated":true}]}}