{"id":47564,"date":"2026-04-02T22:58:30","date_gmt":"2026-04-02T19:58:30","guid":{"rendered":"http:\/\/new.ceasuri.md\/shop\/uncategorized\/casio-g-shock-gm-s2100-3a\/"},"modified":"2026-04-07T04:23:24","modified_gmt":"2026-04-07T01:23:24","slug":"casio-g-shock-gm-s2100-3a","status":"publish","type":"product","link":"https:\/\/ceasuri.md\/ru\/shop\/branduri\/casio\/casio-g-shock-gm-s2100-3a\/","title":{"rendered":"Ceas CASIO G-SHOCK GM-S2100-3A"},"content":{"rendered":"<p>Aceast\u0103 serie unisex este o versiune mai mic\u0103 a modelelor GM-2100 \u0219i este potrivit\u0103 chiar \u0219i pentru \u00eencheieturile de m\u00e2n\u0103 ale femeilor.<\/p>\n<p>Cu toate c\u0103 are aspect metalic, acest model cu carcas\u0103 din o\u021bel pe o curea din polimer verde se laud\u0103 cu u\u0219urin\u021ba sa de 55 de grame, compactitatea \u0219i grosimea carcasei de doar 11 mm, ceea ce este impresionant \u00een compara\u021bie cu cu modelele mai masive din seria G-Shock.<\/p>\n<p>Ceasul este de culoare verde natural, cu un cadran ad\u00e2nc \u0219i elegant sub un geam mineral.<\/p>\n<p>O alt\u0103 caracteristic\u0103 este ata\u0219amentul reproiectat al curelei, a c\u0103rei schimbare dureaz\u0103 acum doar c\u00e2teva secunde.<\/p>","protected":false},"excerpt":{"rendered":"<p>Aceast\u0103 serie unisex este o versiune mai mic\u0103 a modelelor GM-2100 \u0219i este potrivit\u0103 chiar \u0219i pentru \u00eencheieturile de m\u00e2n\u0103 ale femeilor. Cu toate c\u0103 are aspect metalic, acest model cu carcas\u0103 din o\u021bel pe o curea din polimer verde se laud\u0103 cu u\u0219urin\u021ba sa de 55 de grame, compactitatea \u0219i grosimea carcasei de doar [&hellip;]<\/p>\n","protected":false},"featured_media":47565,"comment_status":"closed","ping_status":"open","template":"","meta":{"_acf_changed":false},"product_brand":[],"product_cat":[27,20,25,419],"product_tag":[],"class_list":{"0":"post-47564","1":"product","2":"type-product","3":"status-publish","4":"has-post-thumbnail","6":"product_cat-casio","7":"product_cat-ceasuri-barbati","8":"product_cat-ceasuri-dama","9":"product_cat-g-shock","10":"pa_brand-casio","11":"pa_brand-g-shock","12":"pa_braslet-cauciuc","13":"pa_corpus-40x46mm","14":"pa_forma-octogonala","15":"pa_funcii-alarma","16":"pa_funcii-calendar","17":"pa_funcii-cronometru","18":"pa_funcii-iluminare","19":"pa_funcii-timp-mondial","20":"pa_garatia-24-luni","21":"pa_korpus-argintiu","22":"pa_material-otel-inoxidabil","23":"pa_material-plastic","24":"pa_mehanizm-electronic","25":"pa_mehanizm-quartz","26":"pa_remeshok-verde","27":"pa_steklo-cristal-mineral","28":"pa_strana-japonia","29":"pa_voda-20-atm","31":"first","32":"instock","33":"purchasable","34":"product-type-simple"},"acf":[],"_links":{"self":[{"href":"https:\/\/ceasuri.md\/ru\/wp-json\/wp\/v2\/product\/47564","targetHints":{"allow":["GET"]}}],"collection":[{"href":"https:\/\/ceasuri.md\/ru\/wp-json\/wp\/v2\/product"}],"about":[{"href":"https:\/\/ceasuri.md\/ru\/wp-json\/wp\/v2\/types\/product"}],"replies":[{"embeddable":true,"href":"https:\/\/ceasuri.md\/ru\/wp-json\/wp\/v2\/comments?post=47564"}],"wp:featuredmedia":[{"embeddable":true,"href":"https:\/\/ceasuri.md\/ru\/wp-json\/wp\/v2\/media\/47565"}],"wp:attachment":[{"href":"https:\/\/ceasuri.md\/ru\/wp-json\/wp\/v2\/media?parent=47564"}],"wp:term":[{"taxonomy":"product_brand","embeddable":true,"href":"https:\/\/ceasuri.md\/ru\/wp-json\/wp\/v2\/product_brand?post=47564"},{"taxonomy":"product_cat","embeddable":true,"href":"https:\/\/ceasuri.md\/ru\/wp-json\/wp\/v2\/product_cat?post=47564"},{"taxonomy":"product_tag","embeddable":true,"href":"https:\/\/ceasuri.md\/ru\/wp-json\/wp\/v2\/product_tag?post=47564"}],"curies":[{"name":"wp","href":"https:\/\/api.w.org\/{rel}","templated":true}]}}