{"id":47560,"date":"2026-04-02T22:58:30","date_gmt":"2026-04-02T19:58:30","guid":{"rendered":"http:\/\/new.ceasuri.md\/shop\/uncategorized\/casio-g-shock-gm-s2100gb-1a\/"},"modified":"2026-04-20T01:04:42","modified_gmt":"2026-04-19T22:04:42","slug":"casio-g-shock-gm-s2100gb-1a","status":"publish","type":"product","link":"https:\/\/ceasuri.md\/ru\/shop\/branduri\/casio\/casio-g-shock-gm-s2100gb-1a\/","title":{"rendered":"\u0427\u0430\u0441\u044b CASIO G-SHOCK GM-S2100GB-1A"},"content":{"rendered":"<p>Acest ceas elegant de la Casio va fi un companion indispensabil pentru iubitorul de mod\u0103 al unui stil de via\u021b\u0103 activ. G-SHOCK metalic cu un design negru-auriu \u0219i o carcas\u0103 mai compact\u0103.<\/p>\n<p>Luneta metalic\u0103 acoperit\u0103 cu ioni aurii vorbe\u0219te despre lux. Butoanele \u0219i \u00eenchiz\u0103toarea, de asemenea placate cu ioni aurii, sunt a\u0219ezate pe un fundal negru, f\u0103c\u00e2nd metalul s\u0103 str\u0103luceasc\u0103 cu adev\u0103rat.<\/p>\n<p>Format de timp de 12 \u0219i 24 de ore. Cronometru cu citiri de 1\/100s (\u00eenainte de 1h) \u0219i 1s (dup\u0103 1h) \u0219i timp de m\u0103surare de 24h. Cronometru cu num\u0103r\u0103toare invers\u0103 de la 1min la 24h.<\/p>\n<p>Ora lumii &#8211; 48 de ora\u0219e (31 de fusuri orare), timp universal coordonat (UTC). Trecere automat\u0103 la ora de iarn\u0103 \u0219i de var\u0103, posibilitatea de a activa\/dezactiva aceast\u0103 func\u021bie.<\/p>\n<p>Func\u021bii Mute\/unmute \u0219i de mi\u0219care a m\u00e2inii pentru vizualizarea neobstruc\u021bionat\u0103 a informa\u021biilor de pe afi\u0219ajele digitale.<\/p>\n<p>Fundul carcasei din o\u021bel este fixat cu 4 \u0219uruburi.<\/p>\n<p>Curea din polimer cu cataram\u0103 clasic\u0103 \u0219i sistem de schimbare rapid\u0103.<\/p>","protected":false},"excerpt":{"rendered":"<p>Acest ceas elegant de la Casio va fi un companion indispensabil pentru iubitorul de mod\u0103 al unui stil de via\u021b\u0103 activ. G-SHOCK metalic cu un design negru-auriu \u0219i o carcas\u0103 mai compact\u0103. Luneta metalic\u0103 acoperit\u0103 cu ioni aurii vorbe\u0219te despre lux. Butoanele \u0219i \u00eenchiz\u0103toarea, de asemenea placate cu ioni aurii, sunt a\u0219ezate pe un fundal [&hellip;]<\/p>\n","protected":false},"featured_media":47561,"comment_status":"closed","ping_status":"open","template":"","meta":{"_acf_changed":false},"product_brand":[],"product_cat":[27,20,25,419],"product_tag":[],"class_list":{"0":"post-47560","1":"product","2":"type-product","3":"status-publish","4":"has-post-thumbnail","6":"product_cat-casio","7":"product_cat-ceasuri-barbati","8":"product_cat-ceasuri-dama","9":"product_cat-g-shock","10":"pa_brand-casio","11":"pa_brand-g-shock","12":"pa_braslet-cauciuc","13":"pa_corpus-40x46mm","14":"pa_forma-octogonala","15":"pa_funcii-alarma","16":"pa_funcii-calendar","17":"pa_funcii-cronometru","18":"pa_funcii-iluminare","19":"pa_funcii-timp-mondial","20":"pa_garatia-24-luni","21":"pa_korpus-auriu","22":"pa_kvarc-quartz","23":"pa_material-otel-inoxidabil","24":"pa_material-plastic","25":"pa_mehanizm-electronic","26":"pa_mehanizm-quartz","27":"pa_remeshok-negru","28":"pa_steklo-cristal-mineral","29":"pa_strana-japonia","30":"pa_voda-20-atm","32":"first","33":"outofstock","34":"purchasable","35":"product-type-simple"},"acf":[],"_links":{"self":[{"href":"https:\/\/ceasuri.md\/ru\/wp-json\/wp\/v2\/product\/47560","targetHints":{"allow":["GET"]}}],"collection":[{"href":"https:\/\/ceasuri.md\/ru\/wp-json\/wp\/v2\/product"}],"about":[{"href":"https:\/\/ceasuri.md\/ru\/wp-json\/wp\/v2\/types\/product"}],"replies":[{"embeddable":true,"href":"https:\/\/ceasuri.md\/ru\/wp-json\/wp\/v2\/comments?post=47560"}],"wp:featuredmedia":[{"embeddable":true,"href":"https:\/\/ceasuri.md\/ru\/wp-json\/wp\/v2\/media\/47561"}],"wp:attachment":[{"href":"https:\/\/ceasuri.md\/ru\/wp-json\/wp\/v2\/media?parent=47560"}],"wp:term":[{"taxonomy":"product_brand","embeddable":true,"href":"https:\/\/ceasuri.md\/ru\/wp-json\/wp\/v2\/product_brand?post=47560"},{"taxonomy":"product_cat","embeddable":true,"href":"https:\/\/ceasuri.md\/ru\/wp-json\/wp\/v2\/product_cat?post=47560"},{"taxonomy":"product_tag","embeddable":true,"href":"https:\/\/ceasuri.md\/ru\/wp-json\/wp\/v2\/product_tag?post=47560"}],"curies":[{"name":"wp","href":"https:\/\/api.w.org\/{rel}","templated":true}]}}