{"id":47552,"date":"2026-04-02T22:58:30","date_gmt":"2026-04-02T19:58:30","guid":{"rendered":"http:\/\/new.ceasuri.md\/shop\/uncategorized\/casio-g-shock-gm-b2100d-1aer\/"},"modified":"2026-04-07T04:23:21","modified_gmt":"2026-04-07T01:23:21","slug":"casio-g-shock-gm-b2100d-1aer","status":"publish","type":"product","link":"https:\/\/ceasuri.md\/ru\/shop\/branduri\/casio\/casio-g-shock-gm-b2100d-1aer\/","title":{"rendered":"Ceas CASIO G-SHOCK GM-B2100D-1AER"},"content":{"rendered":"<p>Construc\u021bia de lux complet metalic\u0103 cu o carcas\u0103 , luneta \u0219i banda confec\u021bionate din o\u021bel inoxidabil, creeaz\u0103 un design aerodinamic \u0219i minimalist, protej\u00e2nd \u00een acela\u0219i timp modulul de impact \u00een caz de c\u0103dere. Ne \u00eentoarcem cu mult \u00een trecut, cu luneta octogonal\u0103 \u0219i designul cu gropi\u021be al benzii originale din 1983, toate realizate \u00een metal.<\/p>\n<p>Montarea de \u00eenalt\u0103 densitate men\u021bine modulul combinat analog-digital sub\u021bire, oferind \u00een acela\u0219i timp func\u021biile avansate pe care le \u00eendr\u0103gi\u021bi \u00eentr-un profil compact \u0219i o potrivire confortabil\u0103.<\/p>\n<p>Se \u00eemperecheaz\u0103 cu un smartphone prin Bluetooth\u00ae. Nu trebuie dec\u00e2t s\u0103 accesezi aplica\u021bia dedicat\u0103 pentru o cronometrare de precizie care te men\u021bine pe drumul cel bun. Cu Tough Solar, o lumin\u0103 LED de \u00eenalt\u0103 luminozitate \u0219i o serie de alte func\u021bii convenabile, acesta este un ceas care ofer\u0103 stil \u0219i utilitate practic\u0103.<\/p>","protected":false},"excerpt":{"rendered":"<p>Construc\u021bia de lux complet metalic\u0103 cu o carcas\u0103 , luneta \u0219i banda confec\u021bionate din o\u021bel inoxidabil, creeaz\u0103 un design aerodinamic \u0219i minimalist, protej\u00e2nd \u00een acela\u0219i timp modulul de impact \u00een caz de c\u0103dere. Ne \u00eentoarcem cu mult \u00een trecut, cu luneta octogonal\u0103 \u0219i designul cu gropi\u021be al benzii originale din 1983, toate realizate \u00een metal. [&hellip;]<\/p>\n","protected":false},"featured_media":47553,"comment_status":"closed","ping_status":"open","template":"","meta":{"_acf_changed":false},"product_brand":[],"product_cat":[27,20,419],"product_tag":[],"class_list":{"0":"post-47552","1":"product","2":"type-product","3":"status-publish","4":"has-post-thumbnail","6":"product_cat-casio","7":"product_cat-ceasuri-barbati","8":"product_cat-g-shock","9":"pa_brand-casio","10":"pa_brand-g-shock","11":"pa_braslet-otel-inoxidabil","12":"pa_corpus-44x50mm","13":"pa_forma-octogonala","14":"pa_funcii-alarma","15":"pa_funcii-bluetooth-smart","16":"pa_funcii-calendar","17":"pa_funcii-cronometru","18":"pa_funcii-iluminare","19":"pa_funcii-rezerva-de-energie","20":"pa_funcii-timp-mondial","21":"pa_funcii-ziua-saptamanii","22":"pa_garatia-24-luni","23":"pa_korpus-argintiu","24":"pa_material-otel-inoxidabil","25":"pa_mehanizm-baterie-solara","26":"pa_remeshok-argintiu","27":"pa_steklo-cristal-mineral","28":"pa_strana-japonia","29":"pa_voda-20-atm","31":"first","32":"instock","33":"purchasable","34":"product-type-simple"},"acf":[],"_links":{"self":[{"href":"https:\/\/ceasuri.md\/ru\/wp-json\/wp\/v2\/product\/47552","targetHints":{"allow":["GET"]}}],"collection":[{"href":"https:\/\/ceasuri.md\/ru\/wp-json\/wp\/v2\/product"}],"about":[{"href":"https:\/\/ceasuri.md\/ru\/wp-json\/wp\/v2\/types\/product"}],"replies":[{"embeddable":true,"href":"https:\/\/ceasuri.md\/ru\/wp-json\/wp\/v2\/comments?post=47552"}],"wp:featuredmedia":[{"embeddable":true,"href":"https:\/\/ceasuri.md\/ru\/wp-json\/wp\/v2\/media\/47553"}],"wp:attachment":[{"href":"https:\/\/ceasuri.md\/ru\/wp-json\/wp\/v2\/media?parent=47552"}],"wp:term":[{"taxonomy":"product_brand","embeddable":true,"href":"https:\/\/ceasuri.md\/ru\/wp-json\/wp\/v2\/product_brand?post=47552"},{"taxonomy":"product_cat","embeddable":true,"href":"https:\/\/ceasuri.md\/ru\/wp-json\/wp\/v2\/product_cat?post=47552"},{"taxonomy":"product_tag","embeddable":true,"href":"https:\/\/ceasuri.md\/ru\/wp-json\/wp\/v2\/product_tag?post=47552"}],"curies":[{"name":"wp","href":"https:\/\/api.w.org\/{rel}","templated":true}]}}