{"id":47548,"date":"2026-04-02T22:58:30","date_gmt":"2026-04-02T19:58:30","guid":{"rendered":"http:\/\/new.ceasuri.md\/shop\/uncategorized\/casio-g-shock-gm-b2100gd-5a\/"},"modified":"2026-04-07T04:23:21","modified_gmt":"2026-04-07T01:23:21","slug":"casio-g-shock-gm-b2100gd-5a","status":"publish","type":"product","link":"https:\/\/ceasuri.md\/ru\/shop\/branduri\/casio\/casio-g-shock-gm-b2100gd-5a\/","title":{"rendered":"Ceas CASIO G-SHOCK GM-B2100GD-5A"},"content":{"rendered":"<p>Tehnologia modelului este, demn\u0103 de men\u021bionat: ceasul dispune de sincronizarea orei de pe smartphone \u0219i de o configurare u\u0219oar\u0103 a ceasului prin Bluetooth, precum \u0219i de tehnologia Tough Solar \u00eembun\u0103t\u0103\u021bit\u0103 \u0219i chiar mai performant\u0103 &#8211; alimentat\u0103 de soare sau de o alt\u0103 surs\u0103 de lumin\u0103, care nu va necesita \u00eenlocuirea bateriei ceasului pentru urm\u0103torul deceniu.<\/p>\n<p>Designerii Casio au perfec\u021bionat \u0219i mai mult cadranul, acesta a devenit mai ad\u00e2nc, mai stratificat \u0219i mai texturat.<\/p>\n<p>Este rezistent la ap\u0103 p\u00e2n\u0103 la 200 de metri, rezistent la lovituri, are o func\u021bie de cronometru, ora mondiala \u0219i o lumin\u0103 de fundal dubl\u0103 luminoas\u0103 pe cadran \u0219i pe afi\u0219aj.<\/p>","protected":false},"excerpt":{"rendered":"<p>Tehnologia modelului este, demn\u0103 de men\u021bionat: ceasul dispune de sincronizarea orei de pe smartphone \u0219i de o configurare u\u0219oar\u0103 a ceasului prin Bluetooth, precum \u0219i de tehnologia Tough Solar \u00eembun\u0103t\u0103\u021bit\u0103 \u0219i chiar mai performant\u0103 &#8211; alimentat\u0103 de soare sau de o alt\u0103 surs\u0103 de lumin\u0103, care nu va necesita \u00eenlocuirea bateriei ceasului pentru urm\u0103torul deceniu. [&hellip;]<\/p>\n","protected":false},"featured_media":47549,"comment_status":"closed","ping_status":"open","template":"","meta":{"_acf_changed":false},"product_brand":[],"product_cat":[27,20,419],"product_tag":[],"class_list":{"0":"post-47548","1":"product","2":"type-product","3":"status-publish","4":"has-post-thumbnail","6":"product_cat-casio","7":"product_cat-ceasuri-barbati","8":"product_cat-g-shock","9":"pa_brand-casio","10":"pa_brand-g-shock","11":"pa_braslet-otel-inoxidabil","12":"pa_corpus-44x50mm","13":"pa_forma-octogonala","14":"pa_funcii-alarma","15":"pa_funcii-bluetooth-smart","16":"pa_funcii-calendar","17":"pa_funcii-cronometru","18":"pa_funcii-iluminare","19":"pa_funcii-rezerva-de-energie","20":"pa_funcii-timp-mondial","21":"pa_funcii-ziua-saptamanii","22":"pa_garatia-24-luni","23":"pa_korpus-roz-gold","24":"pa_material-otel-inoxidabil","25":"pa_mehanizm-baterie-solara","26":"pa_remeshok-roz-gold","27":"pa_steklo-cristal-mineral","28":"pa_strana-japonia","29":"pa_voda-20-atm","31":"first","32":"instock","33":"purchasable","34":"product-type-simple"},"acf":[],"_links":{"self":[{"href":"https:\/\/ceasuri.md\/ru\/wp-json\/wp\/v2\/product\/47548","targetHints":{"allow":["GET"]}}],"collection":[{"href":"https:\/\/ceasuri.md\/ru\/wp-json\/wp\/v2\/product"}],"about":[{"href":"https:\/\/ceasuri.md\/ru\/wp-json\/wp\/v2\/types\/product"}],"replies":[{"embeddable":true,"href":"https:\/\/ceasuri.md\/ru\/wp-json\/wp\/v2\/comments?post=47548"}],"wp:featuredmedia":[{"embeddable":true,"href":"https:\/\/ceasuri.md\/ru\/wp-json\/wp\/v2\/media\/47549"}],"wp:attachment":[{"href":"https:\/\/ceasuri.md\/ru\/wp-json\/wp\/v2\/media?parent=47548"}],"wp:term":[{"taxonomy":"product_brand","embeddable":true,"href":"https:\/\/ceasuri.md\/ru\/wp-json\/wp\/v2\/product_brand?post=47548"},{"taxonomy":"product_cat","embeddable":true,"href":"https:\/\/ceasuri.md\/ru\/wp-json\/wp\/v2\/product_cat?post=47548"},{"taxonomy":"product_tag","embeddable":true,"href":"https:\/\/ceasuri.md\/ru\/wp-json\/wp\/v2\/product_tag?post=47548"}],"curies":[{"name":"wp","href":"https:\/\/api.w.org\/{rel}","templated":true}]}}