{"id":47531,"date":"2026-04-02T22:57:52","date_gmt":"2026-04-02T19:57:52","guid":{"rendered":"http:\/\/new.ceasuri.md\/shop\/uncategorized\/casio-g-shock-gma-s2100sk-7aer\/"},"modified":"2026-04-20T01:04:38","modified_gmt":"2026-04-19T22:04:38","slug":"casio-g-shock-gma-s2100sk-7aer","status":"publish","type":"product","link":"https:\/\/ceasuri.md\/ru\/shop\/branduri\/casio\/casio-g-shock-gma-s2100sk-7aer\/","title":{"rendered":"\u0427\u0430\u0441\u044b CASIO G-SHOCK GMA-S2100SK-7AER"},"content":{"rendered":"<p>Experimenta\u021bi un strop de distrac\u021bie metalic\u0103 transparent\u0103 cu populara combina\u021bie analogic\u0103\/digital\u0103 \u00eentr-o carcas\u0103 mai sub\u021bire \u0219i mai compact\u0103. Cu un design metalic translucid \u00eentr-o varietate de culori, acesta este un ceas versatil care se va potrivi cu orice \u021binut\u0103 pe tot parcursul anului.<\/p>\n<p>Ceas cu structur\u0103 Carbon Core Guard. Carcasa din plastic rezistent la \u0219ocuri cu fibre de carbon este mai durabil\u0103 \u0219i, \u00een acela\u0219i timp, mai u\u0219oar\u0103. Acela\u0219i material protejeaz\u0103 modulul interior de deteriorare \u0219i deformare \u00een timpul \u0219ocurilor.<\/p>\n<p>Iluminare dubl\u0103: cadranul \u0219i LCD-urile sunt iluminate de un LED, datorit\u0103 func\u021biei de \u00eent\u00e2rziere, iluminarea r\u0103m\u00e2ne aprins\u0103 timp de c\u00e2teva secunde dup\u0103 ce butonul este eliberat. Culoarea luminii de fundal: alb. Acoperirea Neobrite care acumuleaz\u0103 lumin\u0103 asigur\u0103 o str\u0103lucire de lung\u0103 durat\u0103 \u00een \u00eentuneric, chiar \u0219i dup\u0103 expunerea la lumin\u0103 pentru o perioad\u0103 scurt\u0103 de timp.<\/p>\n<p>Format de timp de 12 \u0219i 24 de ore. Cronometru cu citiri de 1\/100 sec (\u00eenainte de 1 h) \u0219i 1 sec (dup\u0103 1 h) \u0219i timp de m\u0103surare de 24 h. Cronometru cu num\u0103r\u0103toare invers\u0103 de la 1s la 24h.<\/p>\n<p>Ora mondial\u0103 &#8211; 48 de ora\u0219e (31 de fusuri orare), timp universal coordonat (UTC). Func\u021bie de activare\/dezactivare a orei de var\u0103.<\/p>\n<p>Indicator retrograd pentru s\u0103pt\u0103m\u00e2n\u0103. Func\u021bii Mute\/unmute \u0219i de mi\u0219care a m\u00e2inii pentru vizualizarea neobstruc\u021bionat\u0103 a informa\u021biilor de pe afi\u0219ajele digitale.<\/p>\n<p>Curea din polimer cu cataram\u0103 clasic\u0103 \u0219i sistem de schimbare rapid\u0103.<\/p>","protected":false},"excerpt":{"rendered":"<p>Experimenta\u021bi un strop de distrac\u021bie metalic\u0103 transparent\u0103 cu populara combina\u021bie analogic\u0103\/digital\u0103 \u00eentr-o carcas\u0103 mai sub\u021bire \u0219i mai compact\u0103. Cu un design metalic translucid \u00eentr-o varietate de culori, acesta este un ceas versatil care se va potrivi cu orice \u021binut\u0103 pe tot parcursul anului. Ceas cu structur\u0103 Carbon Core Guard. Carcasa din plastic rezistent la \u0219ocuri [&hellip;]<\/p>\n","protected":false},"featured_media":47532,"comment_status":"closed","ping_status":"open","template":"","meta":{"_acf_changed":false},"product_brand":[],"product_cat":[27,25,419],"product_tag":[],"class_list":{"0":"post-47531","1":"product","2":"type-product","3":"status-publish","4":"has-post-thumbnail","6":"product_cat-casio","7":"product_cat-ceasuri-dama","8":"product_cat-g-shock","9":"pa_brand-casio","10":"pa_brand-g-shock","11":"pa_braslet-cauciuc","12":"pa_corpus-43x46mm","13":"pa_forma-octogonala","14":"pa_funcii-alarma","15":"pa_funcii-calendar","16":"pa_funcii-cronometru","17":"pa_funcii-iluminare","18":"pa_funcii-timp-mondial","19":"pa_funcii-ziua-saptamanii","20":"pa_garatia-24-luni","21":"pa_korpus-alb","22":"pa_korpus-transparent","23":"pa_kvarc-quartz","24":"pa_material-carbon","25":"pa_material-plastic","26":"pa_mehanizm-electronic","27":"pa_mehanizm-quartz","28":"pa_remeshok-alb","29":"pa_remeshok-transparent","30":"pa_steklo-cristal-mineral","31":"pa_strana-japonia","32":"pa_voda-20-atm","34":"first","35":"instock","36":"purchasable","37":"product-type-simple"},"acf":[],"_links":{"self":[{"href":"https:\/\/ceasuri.md\/ru\/wp-json\/wp\/v2\/product\/47531","targetHints":{"allow":["GET"]}}],"collection":[{"href":"https:\/\/ceasuri.md\/ru\/wp-json\/wp\/v2\/product"}],"about":[{"href":"https:\/\/ceasuri.md\/ru\/wp-json\/wp\/v2\/types\/product"}],"replies":[{"embeddable":true,"href":"https:\/\/ceasuri.md\/ru\/wp-json\/wp\/v2\/comments?post=47531"}],"wp:featuredmedia":[{"embeddable":true,"href":"https:\/\/ceasuri.md\/ru\/wp-json\/wp\/v2\/media\/47532"}],"wp:attachment":[{"href":"https:\/\/ceasuri.md\/ru\/wp-json\/wp\/v2\/media?parent=47531"}],"wp:term":[{"taxonomy":"product_brand","embeddable":true,"href":"https:\/\/ceasuri.md\/ru\/wp-json\/wp\/v2\/product_brand?post=47531"},{"taxonomy":"product_cat","embeddable":true,"href":"https:\/\/ceasuri.md\/ru\/wp-json\/wp\/v2\/product_cat?post=47531"},{"taxonomy":"product_tag","embeddable":true,"href":"https:\/\/ceasuri.md\/ru\/wp-json\/wp\/v2\/product_tag?post=47531"}],"curies":[{"name":"wp","href":"https:\/\/api.w.org\/{rel}","templated":true}]}}