{"id":47528,"date":"2026-04-02T22:57:52","date_gmt":"2026-04-02T19:57:52","guid":{"rendered":"http:\/\/new.ceasuri.md\/shop\/uncategorized\/casio-g-shock-gm-2100b-3aer\/"},"modified":"2026-04-17T14:02:41","modified_gmt":"2026-04-17T11:02:41","slug":"casio-g-shock-gm-2100b-3aer","status":"publish","type":"product","link":"https:\/\/ceasuri.md\/ru\/shop\/branduri\/casio\/casio-g-shock-gm-2100b-3aer\/","title":{"rendered":"Ceas CASIO G-SHOCK GM-2100B-3AER"},"content":{"rendered":"<p>Un ceas rezistent la lovituri, cu un design func\u021bional, perfect pentru pasiona\u021bii de stilul de via\u021b\u0103 activ.<\/p>\n<p>Func\u021bia de iluminare lumineaz\u0103 nu numai cadranul analogic, ci \u0219i afi\u0219ajul digital. Culoarea luminii de fundal este alb\u0103.<\/p>\n<p>Format de 12 \u0219i 24 de ore. Ora mondial\u0103 &#8211; 48 de ora\u0219e (31 de fusuri orare), timp universal coordonat (UTC). Func\u021bia de activare\/dezactivare a orei de economisire a luminii de zi.<\/p>\n<p>Indicator retrograd al zilei s\u0103pt\u0103m\u00e2nii. Func\u021bii Mute\/unmute \u0219i de mi\u0219care a m\u00e2inii pentru vizualizarea f\u0103r\u0103 obstacole a informa\u021biilor de pe afi\u0219ajele digitale.<\/p>\n<p>Curea confortabil\u0103 din polimer cu sistem de schimbare rapid\u0103 \u0219i \u00eenchidere clasic\u0103.<\/p>","protected":false},"excerpt":{"rendered":"<p>Un ceas rezistent la lovituri, cu un design func\u021bional, perfect pentru pasiona\u021bii de stilul de via\u021b\u0103 activ. Func\u021bia de iluminare lumineaz\u0103 nu numai cadranul analogic, ci \u0219i afi\u0219ajul digital. Culoarea luminii de fundal este alb\u0103. Format de 12 \u0219i 24 de ore. Ora mondial\u0103 &#8211; 48 de ora\u0219e (31 de fusuri orare), timp universal coordonat [&hellip;]<\/p>\n","protected":false},"featured_media":47529,"comment_status":"closed","ping_status":"open","template":"","meta":{"_acf_changed":false},"product_brand":[],"product_cat":[27,20,419],"product_tag":[],"class_list":{"0":"post-47528","1":"product","2":"type-product","3":"status-publish","4":"has-post-thumbnail","6":"product_cat-casio","7":"product_cat-ceasuri-barbati","8":"product_cat-g-shock","9":"pa_brand-casio","10":"pa_brand-g-shock","11":"pa_braslet-cauciuc","12":"pa_corpus-44x49mm","13":"pa_forma-octogonala","14":"pa_funcii-alarma","15":"pa_funcii-calendar","16":"pa_funcii-cronometru","17":"pa_funcii-iluminare","18":"pa_funcii-timp-mondial","19":"pa_funcii-ziua-saptamanii","20":"pa_garatia-24-luni","21":"pa_korpus-gri","22":"pa_kvarc-quartz","23":"pa_material-otel-inoxidabil","24":"pa_material-plastic","25":"pa_mehanizm-electronic","26":"pa_mehanizm-quartz","27":"pa_remeshok-verde","28":"pa_steklo-cristal-mineral","29":"pa_strana-japonia","30":"pa_voda-20-atm","32":"first","33":"instock","34":"purchasable","35":"product-type-simple"},"acf":[],"_links":{"self":[{"href":"https:\/\/ceasuri.md\/ru\/wp-json\/wp\/v2\/product\/47528","targetHints":{"allow":["GET"]}}],"collection":[{"href":"https:\/\/ceasuri.md\/ru\/wp-json\/wp\/v2\/product"}],"about":[{"href":"https:\/\/ceasuri.md\/ru\/wp-json\/wp\/v2\/types\/product"}],"replies":[{"embeddable":true,"href":"https:\/\/ceasuri.md\/ru\/wp-json\/wp\/v2\/comments?post=47528"}],"wp:featuredmedia":[{"embeddable":true,"href":"https:\/\/ceasuri.md\/ru\/wp-json\/wp\/v2\/media\/47529"}],"wp:attachment":[{"href":"https:\/\/ceasuri.md\/ru\/wp-json\/wp\/v2\/media?parent=47528"}],"wp:term":[{"taxonomy":"product_brand","embeddable":true,"href":"https:\/\/ceasuri.md\/ru\/wp-json\/wp\/v2\/product_brand?post=47528"},{"taxonomy":"product_cat","embeddable":true,"href":"https:\/\/ceasuri.md\/ru\/wp-json\/wp\/v2\/product_cat?post=47528"},{"taxonomy":"product_tag","embeddable":true,"href":"https:\/\/ceasuri.md\/ru\/wp-json\/wp\/v2\/product_tag?post=47528"}],"curies":[{"name":"wp","href":"https:\/\/api.w.org\/{rel}","templated":true}]}}