{"id":47517,"date":"2026-04-02T22:57:52","date_gmt":"2026-04-02T19:57:52","guid":{"rendered":"http:\/\/new.ceasuri.md\/shop\/uncategorized\/casio-edifice-efs-s620db-1a\/"},"modified":"2026-04-07T04:23:13","modified_gmt":"2026-04-07T01:23:13","slug":"casio-edifice-efs-s620db-1a","status":"publish","type":"product","link":"https:\/\/ceasuri.md\/ru\/shop\/branduri\/casio\/casio-edifice-efs-s620db-1a\/","title":{"rendered":"Ceas CASIO EDIFICE EFS-S620DB-1A"},"content":{"rendered":"<p>Cronograf alimentat cu energie solar\u0103 cu un design dinamic al cadranului tridimensional. Alimentat cu energie solar\u0103, indicator al nivelului de \u00eenc\u0103rcare a bateriei. Durata de via\u021b\u0103 a bateriei de aproximativ 5 luni f\u0103r\u0103 re\u00eenc\u0103rcare.<\/p>\n<p>Stratul nereflectorizant de acumulare a luminii asigur\u0103 o str\u0103lucire de lung\u0103 durat\u0103 \u00een \u00eentuneric, chiar \u0219i dup\u0103 o scurt\u0103 expunere la lumin\u0103.<\/p>\n<p>Ceas cronograf cu cronometru cu precizie de 1 secund\u0103 \u0219i timp de m\u0103surare de 30 min. Format de timp de 12 \u0219i 24 de ore.<\/p>\n<p>Cadranul cu semne de liniu\u021b\u0103 este realizat cu tehnologia Sunray. Fereastr\u0103 pentru dat\u0103 la ora 4.<\/p>\n<p>Coroana este protejat\u0103. Capacul carcasei se \u00eenchide cu \u0219urub.<\/p>\n<p>Rezistent la ap\u0103 \u00een conformitate cu ISO 2281.<\/p>\n<p>\u00cenchiz\u0103toare tripl\u0103 pliabil\u0103 pentru br\u0103\u021bar\u0103, eliberare cu o singur\u0103 atingere.<\/p>","protected":false},"excerpt":{"rendered":"<p>Cronograf alimentat cu energie solar\u0103 cu un design dinamic al cadranului tridimensional. Alimentat cu energie solar\u0103, indicator al nivelului de \u00eenc\u0103rcare a bateriei. Durata de via\u021b\u0103 a bateriei de aproximativ 5 luni f\u0103r\u0103 re\u00eenc\u0103rcare. Stratul nereflectorizant de acumulare a luminii asigur\u0103 o str\u0103lucire de lung\u0103 durat\u0103 \u00een \u00eentuneric, chiar \u0219i dup\u0103 o scurt\u0103 expunere la [&hellip;]<\/p>\n","protected":false},"featured_media":47518,"comment_status":"closed","ping_status":"open","template":"","meta":{"_acf_changed":false},"product_brand":[],"product_cat":[27,20,536],"product_tag":[],"class_list":{"0":"post-47517","1":"product","2":"type-product","3":"status-publish","4":"has-post-thumbnail","6":"product_cat-casio","7":"product_cat-ceasuri-barbati","8":"product_cat-edifice","9":"pa_brand-casio","10":"pa_brand-edifice","11":"pa_braslet-otel-inoxidabil","12":"pa_corpus-46-mm","13":"pa_forma-rotund","14":"pa_funcii-cronograf","15":"pa_funcii-data","16":"pa_funcii-rezerva-de-energie","17":"pa_garatia-24-luni","18":"pa_korpus-argintiu","19":"pa_material-otel-inoxidabil","20":"pa_mehanizm-baterie-solara","21":"pa_remeshok-argintiu","22":"pa_steklo-cristal-safir","23":"pa_strana-japonia","24":"pa_voda-10-atm","26":"first","27":"instock","28":"purchasable","29":"product-type-simple"},"acf":[],"_links":{"self":[{"href":"https:\/\/ceasuri.md\/ru\/wp-json\/wp\/v2\/product\/47517","targetHints":{"allow":["GET"]}}],"collection":[{"href":"https:\/\/ceasuri.md\/ru\/wp-json\/wp\/v2\/product"}],"about":[{"href":"https:\/\/ceasuri.md\/ru\/wp-json\/wp\/v2\/types\/product"}],"replies":[{"embeddable":true,"href":"https:\/\/ceasuri.md\/ru\/wp-json\/wp\/v2\/comments?post=47517"}],"wp:featuredmedia":[{"embeddable":true,"href":"https:\/\/ceasuri.md\/ru\/wp-json\/wp\/v2\/media\/47518"}],"wp:attachment":[{"href":"https:\/\/ceasuri.md\/ru\/wp-json\/wp\/v2\/media?parent=47517"}],"wp:term":[{"taxonomy":"product_brand","embeddable":true,"href":"https:\/\/ceasuri.md\/ru\/wp-json\/wp\/v2\/product_brand?post=47517"},{"taxonomy":"product_cat","embeddable":true,"href":"https:\/\/ceasuri.md\/ru\/wp-json\/wp\/v2\/product_cat?post=47517"},{"taxonomy":"product_tag","embeddable":true,"href":"https:\/\/ceasuri.md\/ru\/wp-json\/wp\/v2\/product_tag?post=47517"}],"curies":[{"name":"wp","href":"https:\/\/api.w.org\/{rel}","templated":true}]}}