{"id":47515,"date":"2026-04-02T22:57:52","date_gmt":"2026-04-02T19:57:52","guid":{"rendered":"http:\/\/new.ceasuri.md\/shop\/uncategorized\/casio-edifice-eqb-2000db-1a\/"},"modified":"2026-04-07T04:23:12","modified_gmt":"2026-04-07T01:23:12","slug":"casio-edifice-eqb-2000db-1a","status":"publish","type":"product","link":"https:\/\/ceasuri.md\/ru\/shop\/branduri\/casio\/casio-edifice-eqb-2000db-1a\/","title":{"rendered":"Ceas CASIO EDIFICE EQB-2000DB-1A"},"content":{"rendered":"<p>Prezentarea formei, func\u021bionalit\u0103\u021bii \u0219i sofistic\u0103rii adev\u0103rate a sporturilor cu motor cu cronograful emblematic EDIFICE, SOSPENSIONE EQB-2000.<\/p>\n<p>Aduc\u00e2nd inova\u021bie \u0219i tehnologie de \u00eenalt\u0103 performan\u021b\u0103 la EDIFICE Speed &#038; Intelligence, configura\u021bia cu patru bra\u021be a urechilor este inspirat\u0103 de suspensia cu patru bra\u021be cu dublu bra\u021b \u0219i bra\u021be oscilante de pe ma\u0219inile de curse de formul\u0103.<\/p>\n<p>Componentele cheie ale cadranului sunt codificate prin culoare, precum volanele ma\u0219inilor de curse, pentru a oferi o recunoa\u0219tere rapid\u0103. M\u00e2na ro\u0219ie a secundarului ofer\u0103 vizibilitatea evident\u0103 de care echipele de curse au nevoie pentru ca fiecare secund\u0103 s\u0103 conteze.<\/p>\n<p>Luneta \u0219i banda \u0219i cristalul de safir fac din acest ceas un ceas rezistent la zg\u00e2rieturi cu aspectul \u0219i senza\u021bia unei ma\u0219ini de curse.<\/p>\n<p>Sincronizarea cu smartphone-ul dvs. prin Bluetooth\u00ae este foarte u\u0219oar\u0103. Atinge\u021bi aplica\u021bia pentru a accesa func\u021biile at\u00e2t de importante pentru echipele de curse &#8211; ob\u021bine\u021bi cronometrarea de precizie ajustat\u0103 automat la secund\u0103, gestiona\u021bi f\u0103r\u0103 efort ora mondial\u0103 \u0219i transfera\u021bi pe smartphone-ul dvs. datele cronometrului m\u0103surate la milisecund\u0103 pentru p\u00e2n\u0103 la 200 de timpi pe tur.<\/p>\n<p>Tough Solar poate \u00eenc\u0103rca ceasul de la lumina soarelui sau chiar de la lumina l\u0103mpii fluorescente, stoc\u00e2nd suficient\u0103 energie pentru 5 luni de utilizare normal\u0103.<\/p>","protected":false},"excerpt":{"rendered":"<p>Prezentarea formei, func\u021bionalit\u0103\u021bii \u0219i sofistic\u0103rii adev\u0103rate a sporturilor cu motor cu cronograful emblematic EDIFICE, SOSPENSIONE EQB-2000. Aduc\u00e2nd inova\u021bie \u0219i tehnologie de \u00eenalt\u0103 performan\u021b\u0103 la EDIFICE Speed &#038; Intelligence, configura\u021bia cu patru bra\u021be a urechilor este inspirat\u0103 de suspensia cu patru bra\u021be cu dublu bra\u021b \u0219i bra\u021be oscilante de pe ma\u0219inile de curse de formul\u0103. Componentele [&hellip;]<\/p>\n","protected":false},"featured_media":47516,"comment_status":"closed","ping_status":"open","template":"","meta":{"_acf_changed":false},"product_brand":[],"product_cat":[27,20,536],"product_tag":[],"class_list":{"0":"post-47515","1":"product","2":"type-product","3":"status-publish","4":"has-post-thumbnail","6":"product_cat-casio","7":"product_cat-ceasuri-barbati","8":"product_cat-edifice","9":"pa_brand-casio","10":"pa_brand-edifice","11":"pa_braslet-otel-inoxidabil","12":"pa_corpus-48-mm","13":"pa_forma-rotund","14":"pa_funcii-alarma","15":"pa_funcii-bluetooth-smart","16":"pa_funcii-cronograf","17":"pa_funcii-data","18":"pa_funcii-dual-time","19":"pa_funcii-tahimetru","20":"pa_garatia-24-luni","21":"pa_korpus-argintiu","22":"pa_material-otel-inoxidabil","23":"pa_mehanizm-baterie-solara","24":"pa_remeshok-argintiu","25":"pa_steklo-cristal-safir","26":"pa_strana-japonia","27":"pa_voda-10-atm","29":"first","30":"instock","31":"purchasable","32":"product-type-simple"},"acf":[],"_links":{"self":[{"href":"https:\/\/ceasuri.md\/ru\/wp-json\/wp\/v2\/product\/47515","targetHints":{"allow":["GET"]}}],"collection":[{"href":"https:\/\/ceasuri.md\/ru\/wp-json\/wp\/v2\/product"}],"about":[{"href":"https:\/\/ceasuri.md\/ru\/wp-json\/wp\/v2\/types\/product"}],"replies":[{"embeddable":true,"href":"https:\/\/ceasuri.md\/ru\/wp-json\/wp\/v2\/comments?post=47515"}],"wp:featuredmedia":[{"embeddable":true,"href":"https:\/\/ceasuri.md\/ru\/wp-json\/wp\/v2\/media\/47516"}],"wp:attachment":[{"href":"https:\/\/ceasuri.md\/ru\/wp-json\/wp\/v2\/media?parent=47515"}],"wp:term":[{"taxonomy":"product_brand","embeddable":true,"href":"https:\/\/ceasuri.md\/ru\/wp-json\/wp\/v2\/product_brand?post=47515"},{"taxonomy":"product_cat","embeddable":true,"href":"https:\/\/ceasuri.md\/ru\/wp-json\/wp\/v2\/product_cat?post=47515"},{"taxonomy":"product_tag","embeddable":true,"href":"https:\/\/ceasuri.md\/ru\/wp-json\/wp\/v2\/product_tag?post=47515"}],"curies":[{"name":"wp","href":"https:\/\/api.w.org\/{rel}","templated":true}]}}