{"id":47499,"date":"2026-04-02T22:57:52","date_gmt":"2026-04-02T19:57:52","guid":{"rendered":"http:\/\/new.ceasuri.md\/shop\/uncategorized\/casio-edifice-ecb-2000dc-1a\/"},"modified":"2026-04-15T20:08:54","modified_gmt":"2026-04-15T17:08:54","slug":"casio-edifice-ecb-2000dc-1a","status":"publish","type":"product","link":"https:\/\/ceasuri.md\/ru\/shop\/branduri\/casio\/casio-edifice-ecb-2000dc-1a\/","title":{"rendered":"Ceas CASIO EDIFICE ECB-2000DC-1A"},"content":{"rendered":"<p>Ceea ce face acest ceas deosebit este carcasa din carbon &#8211; este primul ceas Edifice cu carcas\u0103 din carbon, p\u00e2n\u0103 acum toate modelele Edifice aveau doar carcase din o\u021bel.<\/p>\n<p>Modelul este dotat cu un nou \u0219i puternic modul Bluetooth care \u00eei permite s\u0103 se conecteze automat la smartphone pentru a sincroniza ora exact\u0103, pentru o configurare u\u0219oar\u0103 sau pentru a g\u0103si rapid telefonul dac\u0103 este r\u0103t\u0103cit (smartphone-ul va emite un semnal sonor dac\u0103 ap\u0103sa\u021bi butonul dedicat de pe ceas).<\/p>\n<p>Ceasul este prev\u0103zut cu un panou solar, rezisten\u021b\u0103 la ap\u0103 de 10 bar, func\u021bie world time, cronometru \u0219i cronometru invers, cinci alarme zilnice \u0219i o alarm\u0103 orar\u0103, precum \u0219i posibilitatea de a afi\u0219a ziua curent\u0103 a s\u0103pt\u0103m\u00e2nii.<\/p>","protected":false},"excerpt":{"rendered":"<p>Ceea ce face acest ceas deosebit este carcasa din carbon &#8211; este primul ceas Edifice cu carcas\u0103 din carbon, p\u00e2n\u0103 acum toate modelele Edifice aveau doar carcase din o\u021bel. Modelul este dotat cu un nou \u0219i puternic modul Bluetooth care \u00eei permite s\u0103 se conecteze automat la smartphone pentru a sincroniza ora exact\u0103, pentru o [&hellip;]<\/p>\n","protected":false},"featured_media":47500,"comment_status":"closed","ping_status":"open","template":"","meta":{"_acf_changed":false},"product_brand":[],"product_cat":[27,20,536],"product_tag":[],"class_list":{"0":"post-47499","1":"product","2":"type-product","3":"status-publish","4":"has-post-thumbnail","6":"product_cat-casio","7":"product_cat-ceasuri-barbati","8":"product_cat-edifice","9":"pa_brand-casio","10":"pa_brand-edifice","11":"pa_braslet-otel-inoxidabil","12":"pa_corpus-48-mm","13":"pa_forma-rotund","14":"pa_funcii-alarma","15":"pa_funcii-bluetooth-smart","16":"pa_funcii-calendar","17":"pa_funcii-cronometru","18":"pa_funcii-iluminare","19":"pa_funcii-rezerva-de-energie","20":"pa_funcii-timp-mondial","21":"pa_garatia-24-luni","22":"pa_korpus-gri","23":"pa_korpus-negru","24":"pa_kvarc-quartz","25":"pa_material-carbon","26":"pa_material-otel-inoxidabil","27":"pa_mehanizm-baterie-solara","28":"pa_remeshok-gri","29":"pa_steklo-cristal-mineral","30":"pa_strana-japonia","31":"pa_voda-10-atm","33":"first","34":"instock","35":"purchasable","36":"product-type-simple"},"acf":[],"_links":{"self":[{"href":"https:\/\/ceasuri.md\/ru\/wp-json\/wp\/v2\/product\/47499","targetHints":{"allow":["GET"]}}],"collection":[{"href":"https:\/\/ceasuri.md\/ru\/wp-json\/wp\/v2\/product"}],"about":[{"href":"https:\/\/ceasuri.md\/ru\/wp-json\/wp\/v2\/types\/product"}],"replies":[{"embeddable":true,"href":"https:\/\/ceasuri.md\/ru\/wp-json\/wp\/v2\/comments?post=47499"}],"wp:featuredmedia":[{"embeddable":true,"href":"https:\/\/ceasuri.md\/ru\/wp-json\/wp\/v2\/media\/47500"}],"wp:attachment":[{"href":"https:\/\/ceasuri.md\/ru\/wp-json\/wp\/v2\/media?parent=47499"}],"wp:term":[{"taxonomy":"product_brand","embeddable":true,"href":"https:\/\/ceasuri.md\/ru\/wp-json\/wp\/v2\/product_brand?post=47499"},{"taxonomy":"product_cat","embeddable":true,"href":"https:\/\/ceasuri.md\/ru\/wp-json\/wp\/v2\/product_cat?post=47499"},{"taxonomy":"product_tag","embeddable":true,"href":"https:\/\/ceasuri.md\/ru\/wp-json\/wp\/v2\/product_tag?post=47499"}],"curies":[{"name":"wp","href":"https:\/\/api.w.org\/{rel}","templated":true}]}}