{"id":47476,"date":"2026-04-02T22:57:03","date_gmt":"2026-04-02T19:57:03","guid":{"rendered":"http:\/\/new.ceasuri.md\/shop\/uncategorized\/bulova-computron-98c140\/"},"modified":"2026-04-20T01:10:24","modified_gmt":"2026-04-19T22:10:24","slug":"bulova-computron-98c140","status":"publish","type":"product","link":"https:\/\/ceasuri.md\/ru\/shop\/branduri\/bulova\/bulova-computron-98c140\/","title":{"rendered":"\u0427\u0430\u0441\u044b BULOVA COMPUTRON 98C140"},"content":{"rendered":"<p>Stilul de ultim\u0103 genera\u021bie este c\u00e2\u0219tig\u0103tor \u00eentr-o colaborare exclusiv\u0103 cu D-Cave, liderul jocurilor de noroc live, \u0219i Bulova, inovatorul \u00een materie de ceasuri fine.<\/p>\n<p>Noua edi\u021bie special\u0103 Computron D-Cave este ceasul suprem pentru gameri \u0219i entuzia\u0219ti deopotriv\u0103.<\/p>\n<p>Designul iconic \u0219i futurist Computron D-Cave este inspirat de cultura jocurilor \u0219i prezint\u0103 o plac\u0103 de circuit de expozi\u021bie \u0219i un detaliu de perete lateral gravat cu acid, inspirat de turnurile de calculatoare. Designul este finisat cu un cristal mineral transparent.<\/p>\n<p>Cu o carcas\u0103 din o\u021bel inoxidabil negru pe o curea neagr\u0103 \u0219i un afi\u0219aj de timp cu LED verde cu capacit\u0103\u021bi de fus orar dublu.<\/p>\n<p>Ceasul iconic din anii 1970 devine ceasul esen\u021bial pentru a v\u0103 \u00eembun\u0103t\u0103\u021bi stilul cu D-Cave \u00een era digital\u0103.<\/p>","protected":false},"excerpt":{"rendered":"<p>Stilul de ultim\u0103 genera\u021bie este c\u00e2\u0219tig\u0103tor \u00eentr-o colaborare exclusiv\u0103 cu D-Cave, liderul jocurilor de noroc live, \u0219i Bulova, inovatorul \u00een materie de ceasuri fine. Noua edi\u021bie special\u0103 Computron D-Cave este ceasul suprem pentru gameri \u0219i entuzia\u0219ti deopotriv\u0103. Designul iconic \u0219i futurist Computron D-Cave este inspirat de cultura jocurilor \u0219i prezint\u0103 o plac\u0103 de circuit de [&hellip;]<\/p>\n","protected":false},"featured_media":47477,"comment_status":"closed","ping_status":"open","template":"","meta":{"_acf_changed":false},"product_brand":[],"product_cat":[624,20],"product_tag":[],"class_list":{"0":"post-47476","1":"product","2":"type-product","3":"status-publish","4":"has-post-thumbnail","6":"product_cat-bulova","7":"product_cat-ceasuri-barbati","8":"pa_brand-bulova","9":"pa_braslet-otel-inoxidabil","10":"pa_corpus-40-mm","11":"pa_forma-dreptunghiular","12":"pa_funcii-calendar","13":"pa_funcii-schelet","14":"pa_garatia-24-luni","15":"pa_korpus-negru","16":"pa_kvarc-quartz","17":"pa_material-otel-inoxidabil","18":"pa_mehanizm-quartz","19":"pa_remeshok-negru","20":"pa_steklo-cristal-mineral","21":"pa_strana-sua","22":"pa_voda-3-atm","24":"first","25":"instock","26":"purchasable","27":"product-type-simple"},"acf":[],"_links":{"self":[{"href":"https:\/\/ceasuri.md\/ru\/wp-json\/wp\/v2\/product\/47476","targetHints":{"allow":["GET"]}}],"collection":[{"href":"https:\/\/ceasuri.md\/ru\/wp-json\/wp\/v2\/product"}],"about":[{"href":"https:\/\/ceasuri.md\/ru\/wp-json\/wp\/v2\/types\/product"}],"replies":[{"embeddable":true,"href":"https:\/\/ceasuri.md\/ru\/wp-json\/wp\/v2\/comments?post=47476"}],"wp:featuredmedia":[{"embeddable":true,"href":"https:\/\/ceasuri.md\/ru\/wp-json\/wp\/v2\/media\/47477"}],"wp:attachment":[{"href":"https:\/\/ceasuri.md\/ru\/wp-json\/wp\/v2\/media?parent=47476"}],"wp:term":[{"taxonomy":"product_brand","embeddable":true,"href":"https:\/\/ceasuri.md\/ru\/wp-json\/wp\/v2\/product_brand?post=47476"},{"taxonomy":"product_cat","embeddable":true,"href":"https:\/\/ceasuri.md\/ru\/wp-json\/wp\/v2\/product_cat?post=47476"},{"taxonomy":"product_tag","embeddable":true,"href":"https:\/\/ceasuri.md\/ru\/wp-json\/wp\/v2\/product_tag?post=47476"}],"curies":[{"name":"wp","href":"https:\/\/api.w.org\/{rel}","templated":true}]}}