{"id":47468,"date":"2026-04-02T22:57:03","date_gmt":"2026-04-02T19:57:03","guid":{"rendered":"http:\/\/new.ceasuri.md\/shop\/uncategorized\/bulova-octava-98l302\/"},"modified":"2026-04-17T14:01:17","modified_gmt":"2026-04-17T11:01:17","slug":"bulova-octava-98l302","status":"publish","type":"product","link":"https:\/\/ceasuri.md\/ru\/shop\/branduri\/bulova\/bulova-octava-98l302\/","title":{"rendered":"Ceas BULOVA OCTAVA 98L302"},"content":{"rendered":"<p>Acest ceas expresiv este un cadou minunat pentru femeia modern\u0103.<\/p>\n<p>Carcasa rotund\u0103 \u0219i br\u0103\u021bara asortat\u0103 sunt \u00eentr-o schem\u0103 de culori argintiu-auriu.<\/p>\n<p>\u00cen plus, carcasa, br\u0103\u021bara \u0219i cadranul atractiv sunt decorate cu 345 de cristale.<\/p>\n<p>Cadranul este protejat de sticl\u0103 mineral\u0103.<\/p>","protected":false},"excerpt":{"rendered":"<p>Acest ceas expresiv este un cadou minunat pentru femeia modern\u0103. Carcasa rotund\u0103 \u0219i br\u0103\u021bara asortat\u0103 sunt \u00eentr-o schem\u0103 de culori argintiu-auriu. \u00cen plus, carcasa, br\u0103\u021bara \u0219i cadranul atractiv sunt decorate cu 345 de cristale. Cadranul este protejat de sticl\u0103 mineral\u0103.<\/p>","protected":false},"featured_media":47469,"comment_status":"closed","ping_status":"open","template":"","meta":{"_acf_changed":false},"product_brand":[],"product_cat":[624,25,106],"product_tag":[],"class_list":{"0":"post-47468","1":"product","2":"type-product","3":"status-publish","4":"has-post-thumbnail","6":"product_cat-bulova","7":"product_cat-ceasuri-dama","8":"product_cat-ceasuri-premium","9":"pa_brand-bulova","10":"pa_braslet-otel-inoxidabil","11":"pa_corpus-34-mm","12":"pa_decor-cristale-swarowski","13":"pa_forma-rotund","14":"pa_garatia-24-luni","15":"pa_korpus-auriu","16":"pa_kvarc-quartz","17":"pa_material-otel-inoxidabil","18":"pa_mehanizm-quartz","19":"pa_remeshok-auriu","20":"pa_steklo-cristal-mineral","21":"pa_strana-sua","22":"pa_voda-3-atm","24":"first","25":"instock","26":"purchasable","27":"product-type-simple"},"acf":[],"_links":{"self":[{"href":"https:\/\/ceasuri.md\/ru\/wp-json\/wp\/v2\/product\/47468","targetHints":{"allow":["GET"]}}],"collection":[{"href":"https:\/\/ceasuri.md\/ru\/wp-json\/wp\/v2\/product"}],"about":[{"href":"https:\/\/ceasuri.md\/ru\/wp-json\/wp\/v2\/types\/product"}],"replies":[{"embeddable":true,"href":"https:\/\/ceasuri.md\/ru\/wp-json\/wp\/v2\/comments?post=47468"}],"wp:featuredmedia":[{"embeddable":true,"href":"https:\/\/ceasuri.md\/ru\/wp-json\/wp\/v2\/media\/47469"}],"wp:attachment":[{"href":"https:\/\/ceasuri.md\/ru\/wp-json\/wp\/v2\/media?parent=47468"}],"wp:term":[{"taxonomy":"product_brand","embeddable":true,"href":"https:\/\/ceasuri.md\/ru\/wp-json\/wp\/v2\/product_brand?post=47468"},{"taxonomy":"product_cat","embeddable":true,"href":"https:\/\/ceasuri.md\/ru\/wp-json\/wp\/v2\/product_cat?post=47468"},{"taxonomy":"product_tag","embeddable":true,"href":"https:\/\/ceasuri.md\/ru\/wp-json\/wp\/v2\/product_tag?post=47468"}],"curies":[{"name":"wp","href":"https:\/\/api.w.org\/{rel}","templated":true}]}}