{"id":47454,"date":"2026-04-02T22:57:03","date_gmt":"2026-04-02T19:57:03","guid":{"rendered":"http:\/\/new.ceasuri.md\/shop\/uncategorized\/bulova-icon-98b358\/"},"modified":"2026-04-20T01:10:21","modified_gmt":"2026-04-19T22:10:21","slug":"bulova-icon-98b358","status":"publish","type":"product","link":"https:\/\/ceasuri.md\/ru\/shop\/branduri\/bulova\/bulova-icon-98b358\/","title":{"rendered":"\u0427\u0430\u0441\u044b BULOVA ICON 98B358"},"content":{"rendered":"<p>\u00cenc\u0103 de la debutul s\u0103u din 2010, mi\u0219carea Precisionist a expus cronometrarea avansat\u0103 \u00een cea mai bun\u0103 form\u0103 &#8211; \u00eembin\u00e2nd un design \u00eendr\u0103zne\u021b \u0219i distinctiv cu o mi\u0219care de ultim\u0103 genera\u021bie de 262 kHz.<\/p>\n<p>2020 s\u0103rb\u0103tore\u0219te 10 ani de tehnologie Precisionist \u0219i reinventeaz\u0103 estetica Seriei X cu un nou design revolu\u021bionar.<\/p>\n<p>Cu mi\u0219carea sa brevetat\u0103 de \u00eenalt\u0103 precizie, ceasul pentru b\u0103rba\u021bi are o carcas\u0103 gri din o\u021bel inoxidabil cu inser\u021bie de inel superior negru \u0219i un cadran negru. Este asortat cu o curea neagr\u0103 din cauciuc.<\/p>\n<p>\u00cen plus, acesta dispune de un calendar \u0219i un cronograf cu dou\u0103sprezece ore, cu cronometrare precis\u0103 la 1\/1000 de secund\u0103, pentru o asociere perfect\u0103 \u00eentre form\u0103 \u0219i func\u021bie.<\/p>\n<p>Lux, performan\u021b\u0103 \u0219i istorie &#8211; Seria X este o \u00eembinare perfect\u0103 de tehnologie inovatoare \u0219i design.<\/p>","protected":false},"excerpt":{"rendered":"<p>\u00cenc\u0103 de la debutul s\u0103u din 2010, mi\u0219carea Precisionist a expus cronometrarea avansat\u0103 \u00een cea mai bun\u0103 form\u0103 &#8211; \u00eembin\u00e2nd un design \u00eendr\u0103zne\u021b \u0219i distinctiv cu o mi\u0219care de ultim\u0103 genera\u021bie de 262 kHz. 2020 s\u0103rb\u0103tore\u0219te 10 ani de tehnologie Precisionist \u0219i reinventeaz\u0103 estetica Seriei X cu un nou design revolu\u021bionar. Cu mi\u0219carea sa brevetat\u0103 [&hellip;]<\/p>\n","protected":false},"featured_media":47455,"comment_status":"closed","ping_status":"open","template":"","meta":{"_acf_changed":false},"product_brand":[],"product_cat":[624,20,106],"product_tag":[],"class_list":{"0":"post-47454","1":"product","2":"type-product","3":"status-publish","4":"has-post-thumbnail","6":"product_cat-bulova","7":"product_cat-ceasuri-barbati","8":"product_cat-ceasuri-premium","9":"pa_brand-bulova","10":"pa_braslet-cauciuc","11":"pa_corpus-44-mm","12":"pa_forma-rotund","13":"pa_funcii-cronograf","14":"pa_funcii-data","15":"pa_garatia-24-luni","16":"pa_korpus-gri","17":"pa_kvarc-quartz","18":"pa_material-otel-inoxidabil","19":"pa_mehanizm-quartz","20":"pa_remeshok-negru","21":"pa_steklo-cristal-safir","22":"pa_strana-sua","23":"pa_voda-30-atm","25":"first","26":"instock","27":"purchasable","28":"product-type-simple"},"acf":[],"_links":{"self":[{"href":"https:\/\/ceasuri.md\/ru\/wp-json\/wp\/v2\/product\/47454","targetHints":{"allow":["GET"]}}],"collection":[{"href":"https:\/\/ceasuri.md\/ru\/wp-json\/wp\/v2\/product"}],"about":[{"href":"https:\/\/ceasuri.md\/ru\/wp-json\/wp\/v2\/types\/product"}],"replies":[{"embeddable":true,"href":"https:\/\/ceasuri.md\/ru\/wp-json\/wp\/v2\/comments?post=47454"}],"wp:featuredmedia":[{"embeddable":true,"href":"https:\/\/ceasuri.md\/ru\/wp-json\/wp\/v2\/media\/47455"}],"wp:attachment":[{"href":"https:\/\/ceasuri.md\/ru\/wp-json\/wp\/v2\/media?parent=47454"}],"wp:term":[{"taxonomy":"product_brand","embeddable":true,"href":"https:\/\/ceasuri.md\/ru\/wp-json\/wp\/v2\/product_brand?post=47454"},{"taxonomy":"product_cat","embeddable":true,"href":"https:\/\/ceasuri.md\/ru\/wp-json\/wp\/v2\/product_cat?post=47454"},{"taxonomy":"product_tag","embeddable":true,"href":"https:\/\/ceasuri.md\/ru\/wp-json\/wp\/v2\/product_tag?post=47454"}],"curies":[{"name":"wp","href":"https:\/\/api.w.org\/{rel}","templated":true}]}}