{"id":47450,"date":"2026-04-02T22:57:03","date_gmt":"2026-04-02T19:57:03","guid":{"rendered":"http:\/\/new.ceasuri.md\/shop\/uncategorized\/bulova-maquina-98b381\/"},"modified":"2026-04-20T01:10:22","modified_gmt":"2026-04-19T22:10:22","slug":"bulova-maquina-98b381","status":"publish","type":"product","link":"https:\/\/ceasuri.md\/ru\/shop\/branduri\/bulova\/bulova-maquina-98b381\/","title":{"rendered":"\u0427\u0430\u0441\u044b BULOVA MAQUINA 98B381"},"content":{"rendered":"<p>Face\u021bi o declara\u021bie \u00eendr\u0103znea\u021b\u0103 cu noul ceas sportiv Maquina &#8211; garantat s\u0103 ias\u0103 \u00een eviden\u021b\u0103 pe orice \u00eencheietur\u0103.<\/p>\n<p>modern, cu o margine robust\u0103, are o carcas\u0103 din o\u021bel inoxidabil negru placat cu ioni \u0219i un cadran gri \u00eenchis \u0219i negru cu accente verzi care prezint\u0103 mi\u0219carea cronograf cu 5 m\u00e2ini \u0219i calendarul pe o curea din silicon negru mat.<\/p>\n<p>De asemenea, are un cristal de safir \u0219i rezisten\u021b\u0103 la ap\u0103 p\u00e2n\u0103 la 100 de metri.<\/p>\n<p>Acest ceas distinctiv pentru b\u0103rba\u021bi Maquina ofer\u0103 o nou\u0103 abordare a unui cronograf \u00eendr\u0103zne\u021b, esen\u021bial pentru stilul t\u0103u sportiv.<\/p>","protected":false},"excerpt":{"rendered":"<p>Face\u021bi o declara\u021bie \u00eendr\u0103znea\u021b\u0103 cu noul ceas sportiv Maquina &#8211; garantat s\u0103 ias\u0103 \u00een eviden\u021b\u0103 pe orice \u00eencheietur\u0103. modern, cu o margine robust\u0103, are o carcas\u0103 din o\u021bel inoxidabil negru placat cu ioni \u0219i un cadran gri \u00eenchis \u0219i negru cu accente verzi care prezint\u0103 mi\u0219carea cronograf cu 5 m\u00e2ini \u0219i calendarul pe o curea [&hellip;]<\/p>\n","protected":false},"featured_media":47451,"comment_status":"closed","ping_status":"open","template":"","meta":{"_acf_changed":false},"product_brand":[],"product_cat":[624,20],"product_tag":[],"class_list":{"0":"post-47450","1":"product","2":"type-product","3":"status-publish","4":"has-post-thumbnail","6":"product_cat-bulova","7":"product_cat-ceasuri-barbati","8":"pa_brand-bulova","9":"pa_braslet-cauciuc","10":"pa_corpus-46-mm","11":"pa_forma-rotund","12":"pa_funcii-cronograf","13":"pa_funcii-data","14":"pa_garatia-24-luni","15":"pa_korpus-negru","16":"pa_kvarc-quartz","17":"pa_material-otel-inoxidabil","18":"pa_mehanizm-quartz","19":"pa_remeshok-negru","20":"pa_steklo-cristal-safir","21":"pa_strana-sua","22":"pa_voda-10-atm","24":"first","25":"instock","26":"purchasable","27":"product-type-simple"},"acf":[],"_links":{"self":[{"href":"https:\/\/ceasuri.md\/ru\/wp-json\/wp\/v2\/product\/47450","targetHints":{"allow":["GET"]}}],"collection":[{"href":"https:\/\/ceasuri.md\/ru\/wp-json\/wp\/v2\/product"}],"about":[{"href":"https:\/\/ceasuri.md\/ru\/wp-json\/wp\/v2\/types\/product"}],"replies":[{"embeddable":true,"href":"https:\/\/ceasuri.md\/ru\/wp-json\/wp\/v2\/comments?post=47450"}],"wp:featuredmedia":[{"embeddable":true,"href":"https:\/\/ceasuri.md\/ru\/wp-json\/wp\/v2\/media\/47451"}],"wp:attachment":[{"href":"https:\/\/ceasuri.md\/ru\/wp-json\/wp\/v2\/media?parent=47450"}],"wp:term":[{"taxonomy":"product_brand","embeddable":true,"href":"https:\/\/ceasuri.md\/ru\/wp-json\/wp\/v2\/product_brand?post=47450"},{"taxonomy":"product_cat","embeddable":true,"href":"https:\/\/ceasuri.md\/ru\/wp-json\/wp\/v2\/product_cat?post=47450"},{"taxonomy":"product_tag","embeddable":true,"href":"https:\/\/ceasuri.md\/ru\/wp-json\/wp\/v2\/product_tag?post=47450"}],"curies":[{"name":"wp","href":"https:\/\/api.w.org\/{rel}","templated":true}]}}