{"id":47446,"date":"2026-04-02T22:57:03","date_gmt":"2026-04-02T19:57:03","guid":{"rendered":"http:\/\/new.ceasuri.md\/shop\/uncategorized\/bulova-octava-98a293\/"},"modified":"2026-04-20T01:10:18","modified_gmt":"2026-04-19T22:10:18","slug":"bulova-octava-98a293","status":"publish","type":"product","link":"https:\/\/ceasuri.md\/ru\/shop\/branduri\/bulova\/bulova-octava-98a293\/","title":{"rendered":"\u0427\u0430\u0441\u044b BULOVA OCTAVA 98A293"},"content":{"rendered":"<p>Bulova Octava Skeleton este un ceas b\u0103rb\u0103tesc cu un design modern.<\/p>\n<p>Carcasa gri din o\u021bel inoxidabil este completat\u0103 de o br\u0103\u021bar\u0103 similar\u0103, iar totul (inclusiv cadranul) este decorat cu numeroase cristale.<\/p>\n<p>Cadranul transparent este protejat de sticl\u0103 mineral\u0103.<\/p>\n<p>O rezisten\u021b\u0103 la ap\u0103 de 30 de metri asigur\u0103 rezisten\u021ba la stropi mici.<\/p>","protected":false},"excerpt":{"rendered":"<p>Bulova Octava Skeleton este un ceas b\u0103rb\u0103tesc cu un design modern. Carcasa gri din o\u021bel inoxidabil este completat\u0103 de o br\u0103\u021bar\u0103 similar\u0103, iar totul (inclusiv cadranul) este decorat cu numeroase cristale. Cadranul transparent este protejat de sticl\u0103 mineral\u0103. O rezisten\u021b\u0103 la ap\u0103 de 30 de metri asigur\u0103 rezisten\u021ba la stropi mici.<\/p>","protected":false},"featured_media":47447,"comment_status":"closed","ping_status":"open","template":"","meta":{"_acf_changed":false},"product_brand":[],"product_cat":[624,20],"product_tag":[],"class_list":{"0":"post-47446","1":"product","2":"type-product","3":"status-publish","4":"has-post-thumbnail","6":"product_cat-bulova","7":"product_cat-ceasuri-barbati","8":"pa_brand-bulova","9":"pa_braslet-otel-inoxidabil","10":"pa_corpus-42-mm","11":"pa_decor-cristale-swarowski","12":"pa_forma-rotund","13":"pa_funcii-schelet","14":"pa_garatia-24-luni","15":"pa_korpus-gri","16":"pa_material-otel-inoxidabil","17":"pa_mehanizm-mecanic","18":"pa_mehanizm-mecanism-automatic","19":"pa_remeshok-gri","20":"pa_steklo-cristal-mineral","21":"pa_strana-sua","22":"pa_voda-3-atm","24":"first","25":"instock","26":"purchasable","27":"product-type-simple"},"acf":[],"_links":{"self":[{"href":"https:\/\/ceasuri.md\/ru\/wp-json\/wp\/v2\/product\/47446","targetHints":{"allow":["GET"]}}],"collection":[{"href":"https:\/\/ceasuri.md\/ru\/wp-json\/wp\/v2\/product"}],"about":[{"href":"https:\/\/ceasuri.md\/ru\/wp-json\/wp\/v2\/types\/product"}],"replies":[{"embeddable":true,"href":"https:\/\/ceasuri.md\/ru\/wp-json\/wp\/v2\/comments?post=47446"}],"wp:featuredmedia":[{"embeddable":true,"href":"https:\/\/ceasuri.md\/ru\/wp-json\/wp\/v2\/media\/47447"}],"wp:attachment":[{"href":"https:\/\/ceasuri.md\/ru\/wp-json\/wp\/v2\/media?parent=47446"}],"wp:term":[{"taxonomy":"product_brand","embeddable":true,"href":"https:\/\/ceasuri.md\/ru\/wp-json\/wp\/v2\/product_brand?post=47446"},{"taxonomy":"product_cat","embeddable":true,"href":"https:\/\/ceasuri.md\/ru\/wp-json\/wp\/v2\/product_cat?post=47446"},{"taxonomy":"product_tag","embeddable":true,"href":"https:\/\/ceasuri.md\/ru\/wp-json\/wp\/v2\/product_tag?post=47446"}],"curies":[{"name":"wp","href":"https:\/\/api.w.org\/{rel}","templated":true}]}}