{"id":47442,"date":"2026-04-02T22:57:03","date_gmt":"2026-04-02T19:57:03","guid":{"rendered":"http:\/\/new.ceasuri.md\/shop\/uncategorized\/bulova-precisionist-98b298\/"},"modified":"2026-04-07T04:22:53","modified_gmt":"2026-04-07T01:22:53","slug":"bulova-precisionist-98b298","status":"publish","type":"product","link":"https:\/\/ceasuri.md\/ru\/shop\/branduri\/bulova\/bulova-precisionist-98b298\/","title":{"rendered":"Ceas BULOVA PRECISIONIST 98B298"},"content":{"rendered":"<p>Bulova Precisionist Chronograph reflect\u0103 perfec\u021biunea \u0219i acurate\u021bea. Elegan\u021b\u0103, estetic\u0103 \u0219i calitate &#8211; aceste cuvinte pot defini acest ceas pentru b\u0103rba\u021bi.<\/p>\n<p>Carcasa realizat\u0103 din cele mai bune materiale protejeaz\u0103 o mi\u0219care precis\u0103 cu cuar\u021b.<\/p>\n<p>Br\u0103\u021bara este fabricat\u0103 din o\u021bel inoxidabil de \u00eenalt\u0103 calitate. Aceasta poate fi scoas\u0103 cu u\u0219urin\u021b\u0103 datorit\u0103 unei \u00eenchiz\u0103tori confortabile.<\/p>\n<p>Cadranul negru este prev\u0103zut cu un cristal mineral, care este foarte rezistent la lovituri \u0219i zg\u00e2rieturi provocate \u00een timpul utiliz\u0103rii zilnice. <\/p>\n<p>O rezisten\u021b\u0103 la ap\u0103 de 100 de metri \u00eenseamn\u0103 c\u0103 ceasul poate fi purtat la \u00eenot.<\/p>","protected":false},"excerpt":{"rendered":"<p>Bulova Precisionist Chronograph reflect\u0103 perfec\u021biunea \u0219i acurate\u021bea. Elegan\u021b\u0103, estetic\u0103 \u0219i calitate &#8211; aceste cuvinte pot defini acest ceas pentru b\u0103rba\u021bi. Carcasa realizat\u0103 din cele mai bune materiale protejeaz\u0103 o mi\u0219care precis\u0103 cu cuar\u021b. Br\u0103\u021bara este fabricat\u0103 din o\u021bel inoxidabil de \u00eenalt\u0103 calitate. Aceasta poate fi scoas\u0103 cu u\u0219urin\u021b\u0103 datorit\u0103 unei \u00eenchiz\u0103tori confortabile. Cadranul negru este [&hellip;]<\/p>\n","protected":false},"featured_media":47443,"comment_status":"closed","ping_status":"open","template":"","meta":{"_acf_changed":false},"product_brand":[],"product_cat":[624,20],"product_tag":[],"class_list":{"0":"post-47442","1":"product","2":"type-product","3":"status-publish","4":"has-post-thumbnail","6":"product_cat-bulova","7":"product_cat-ceasuri-barbati","8":"pa_brand-bulova","9":"pa_braslet-otel-inoxidabil","10":"pa_corpus-44-mm","11":"pa_forma-rotund","12":"pa_funcii-cronograf","13":"pa_funcii-data","14":"pa_funcii-tahimetru","15":"pa_garatia-24-luni","16":"pa_korpus-argintiu","17":"pa_material-otel-inoxidabil","18":"pa_mehanizm-quartz","19":"pa_remeshok-argintiu","20":"pa_steklo-cristal-mineral","21":"pa_strana-sua","22":"pa_voda-10-atm","24":"first","25":"instock","26":"purchasable","27":"product-type-simple"},"acf":[],"_links":{"self":[{"href":"https:\/\/ceasuri.md\/ru\/wp-json\/wp\/v2\/product\/47442","targetHints":{"allow":["GET"]}}],"collection":[{"href":"https:\/\/ceasuri.md\/ru\/wp-json\/wp\/v2\/product"}],"about":[{"href":"https:\/\/ceasuri.md\/ru\/wp-json\/wp\/v2\/types\/product"}],"replies":[{"embeddable":true,"href":"https:\/\/ceasuri.md\/ru\/wp-json\/wp\/v2\/comments?post=47442"}],"wp:featuredmedia":[{"embeddable":true,"href":"https:\/\/ceasuri.md\/ru\/wp-json\/wp\/v2\/media\/47443"}],"wp:attachment":[{"href":"https:\/\/ceasuri.md\/ru\/wp-json\/wp\/v2\/media?parent=47442"}],"wp:term":[{"taxonomy":"product_brand","embeddable":true,"href":"https:\/\/ceasuri.md\/ru\/wp-json\/wp\/v2\/product_brand?post=47442"},{"taxonomy":"product_cat","embeddable":true,"href":"https:\/\/ceasuri.md\/ru\/wp-json\/wp\/v2\/product_cat?post=47442"},{"taxonomy":"product_tag","embeddable":true,"href":"https:\/\/ceasuri.md\/ru\/wp-json\/wp\/v2\/product_tag?post=47442"}],"curies":[{"name":"wp","href":"https:\/\/api.w.org\/{rel}","templated":true}]}}