{"id":47438,"date":"2026-04-02T22:57:03","date_gmt":"2026-04-02T19:57:03","guid":{"rendered":"http:\/\/new.ceasuri.md\/shop\/uncategorized\/bulova-marine-star-98b301\/"},"modified":"2026-04-21T12:43:35","modified_gmt":"2026-04-21T09:43:35","slug":"bulova-marine-star-98b301","status":"publish","type":"product","link":"https:\/\/ceasuri.md\/ru\/shop\/branduri\/bulova\/bulova-marine-star-98b301\/","title":{"rendered":"\u0427\u0430\u0441\u044b BULOVA MARINE STAR 98B301"},"content":{"rendered":"<p>Mi\u0219carea de \u00eenalt\u0103 calitate, carcasa solid\u0103 \u0219i br\u0103\u021bara robust\u0103 vor fi pe placul b\u0103rba\u021bilor adev\u0103ra\u021bi.<\/p>\n<p>Noul cronograf cu \u0219ase m\u00e2ini cu rezisten\u021b\u0103 la ap\u0103 de 200 de metri. O\u021bel inoxidabil cu accente de culoarea aurului roz \u0219i o inser\u021bie de sticl\u0103 albastr\u0103 pe luneta rotativ\u0103 cu mecanism cu clichet (luneta se rote\u0219te pe o parte).<\/p>\n<p>Cadran albastru cu m\u00e2ini \u0219i indicatori lumino\u0219i \u0219i func\u021bie calendar.<\/p>\n<p>Cristal mineral \u00een form\u0103 de cupol\u0103.<\/p>\n<p>Br\u0103\u021bar\u0103 din o\u021bel inoxidabil \u0219i aur roz cu \u00eenchidere pliabil\u0103, bar\u0103 de siguran\u021b\u0103 \u0219i extensie.<\/p>","protected":false},"excerpt":{"rendered":"<p>Mi\u0219carea de \u00eenalt\u0103 calitate, carcasa solid\u0103 \u0219i br\u0103\u021bara robust\u0103 vor fi pe placul b\u0103rba\u021bilor adev\u0103ra\u021bi. Noul cronograf cu \u0219ase m\u00e2ini cu rezisten\u021b\u0103 la ap\u0103 de 200 de metri. O\u021bel inoxidabil cu accente de culoarea aurului roz \u0219i o inser\u021bie de sticl\u0103 albastr\u0103 pe luneta rotativ\u0103 cu mecanism cu clichet (luneta se rote\u0219te pe o parte). [&hellip;]<\/p>\n","protected":false},"featured_media":47439,"comment_status":"closed","ping_status":"open","template":"","meta":{"_acf_changed":false},"product_brand":[],"product_cat":[624,20],"product_tag":[],"class_list":{"0":"post-47438","1":"product","2":"type-product","3":"status-publish","4":"has-post-thumbnail","6":"product_cat-bulova","7":"product_cat-ceasuri-barbati","8":"pa_brand-bulova","9":"pa_braslet-otel-inoxidabil","10":"pa_corpus-45-mm","11":"pa_forma-rotund","12":"pa_funcii-cronograf","13":"pa_funcii-data","14":"pa_garatia-24-luni","15":"pa_korpus-argintiu","16":"pa_kvarc-quartz","17":"pa_material-otel-inoxidabil","18":"pa_mehanizm-quartz","19":"pa_remeshok-argintiu","20":"pa_remeshok-roz-gold","21":"pa_steklo-cristal-mineral","22":"pa_strana-sua","23":"pa_voda-20-atm","25":"first","26":"instock","27":"purchasable","28":"product-type-simple"},"acf":[],"_links":{"self":[{"href":"https:\/\/ceasuri.md\/ru\/wp-json\/wp\/v2\/product\/47438","targetHints":{"allow":["GET"]}}],"collection":[{"href":"https:\/\/ceasuri.md\/ru\/wp-json\/wp\/v2\/product"}],"about":[{"href":"https:\/\/ceasuri.md\/ru\/wp-json\/wp\/v2\/types\/product"}],"replies":[{"embeddable":true,"href":"https:\/\/ceasuri.md\/ru\/wp-json\/wp\/v2\/comments?post=47438"}],"wp:featuredmedia":[{"embeddable":true,"href":"https:\/\/ceasuri.md\/ru\/wp-json\/wp\/v2\/media\/47439"}],"wp:attachment":[{"href":"https:\/\/ceasuri.md\/ru\/wp-json\/wp\/v2\/media?parent=47438"}],"wp:term":[{"taxonomy":"product_brand","embeddable":true,"href":"https:\/\/ceasuri.md\/ru\/wp-json\/wp\/v2\/product_brand?post=47438"},{"taxonomy":"product_cat","embeddable":true,"href":"https:\/\/ceasuri.md\/ru\/wp-json\/wp\/v2\/product_cat?post=47438"},{"taxonomy":"product_tag","embeddable":true,"href":"https:\/\/ceasuri.md\/ru\/wp-json\/wp\/v2\/product_tag?post=47438"}],"curies":[{"name":"wp","href":"https:\/\/api.w.org\/{rel}","templated":true}]}}