{"id":47434,"date":"2026-04-02T22:57:03","date_gmt":"2026-04-02T19:57:03","guid":{"rendered":"http:\/\/new.ceasuri.md\/shop\/uncategorized\/bulova-precisionist-98b343\/"},"modified":"2026-04-20T01:10:20","modified_gmt":"2026-04-19T22:10:20","slug":"bulova-precisionist-98b343","status":"publish","type":"product","link":"https:\/\/ceasuri.md\/ru\/shop\/branduri\/bulova\/bulova-precisionist-98b343\/","title":{"rendered":"\u0427\u0430\u0441\u044b BULOVA PRECISIONIST 98B343"},"content":{"rendered":"<p>Carcasa masiv\u0103 \u0219i designul brutal al acestui cronograf sportiv vor schimba modul \u00een care v\u0103 g\u00e2ndi\u021bi la ceasuri.<\/p>\n<p>Ac\u021bionat de o mi\u0219care cronografic\u0103 patentat\u0103 cu opt m\u00e2ini \u0219i cuar\u021b, cu o frecven\u021b\u0103 de oscila\u021bie de 262 kHz, de opt ori mai mare dec\u00e2t a ceasurilor standard, ceasul ofer\u0103 o precizie de neegalat.<\/p>\n<p>Carcas\u0103 din o\u021bel inoxidabil gri-albastru cu cadran negru cu accente portocalii, cristal mineral curbat.<\/p>\n<p>Br\u0103\u021bar\u0103 din o\u021bel inoxidabil gri cu \u00eenchidere pliabil\u0103, bar\u0103 de siguran\u021b\u0103 \u0219i extensie. Rezistent la ap\u0103 p\u00e2n\u0103 la 300 de metri.<\/p>","protected":false},"excerpt":{"rendered":"<p>Carcasa masiv\u0103 \u0219i designul brutal al acestui cronograf sportiv vor schimba modul \u00een care v\u0103 g\u00e2ndi\u021bi la ceasuri. Ac\u021bionat de o mi\u0219care cronografic\u0103 patentat\u0103 cu opt m\u00e2ini \u0219i cuar\u021b, cu o frecven\u021b\u0103 de oscila\u021bie de 262 kHz, de opt ori mai mare dec\u00e2t a ceasurilor standard, ceasul ofer\u0103 o precizie de neegalat. Carcas\u0103 din o\u021bel [&hellip;]<\/p>\n","protected":false},"featured_media":47435,"comment_status":"closed","ping_status":"open","template":"","meta":{"_acf_changed":false},"product_brand":[],"product_cat":[624,20,106],"product_tag":[],"class_list":{"0":"post-47434","1":"product","2":"type-product","3":"status-publish","4":"has-post-thumbnail","6":"product_cat-bulova","7":"product_cat-ceasuri-barbati","8":"product_cat-ceasuri-premium","9":"pa_brand-bulova","10":"pa_braslet-otel-inoxidabil","11":"pa_corpus-46-mm","12":"pa_forma-rotund","13":"pa_funcii-cronograf","14":"pa_funcii-data","15":"pa_funcii-tahimetru","16":"pa_garatia-24-luni","17":"pa_korpus-gri","18":"pa_kvarc-quartz","19":"pa_material-otel-inoxidabil","20":"pa_mehanizm-quartz","21":"pa_remeshok-gri","22":"pa_steklo-cristal-mineral","23":"pa_strana-sua","24":"pa_voda-30-atm","26":"first","27":"instock","28":"purchasable","29":"product-type-simple"},"acf":[],"_links":{"self":[{"href":"https:\/\/ceasuri.md\/ru\/wp-json\/wp\/v2\/product\/47434","targetHints":{"allow":["GET"]}}],"collection":[{"href":"https:\/\/ceasuri.md\/ru\/wp-json\/wp\/v2\/product"}],"about":[{"href":"https:\/\/ceasuri.md\/ru\/wp-json\/wp\/v2\/types\/product"}],"replies":[{"embeddable":true,"href":"https:\/\/ceasuri.md\/ru\/wp-json\/wp\/v2\/comments?post=47434"}],"wp:featuredmedia":[{"embeddable":true,"href":"https:\/\/ceasuri.md\/ru\/wp-json\/wp\/v2\/media\/47435"}],"wp:attachment":[{"href":"https:\/\/ceasuri.md\/ru\/wp-json\/wp\/v2\/media?parent=47434"}],"wp:term":[{"taxonomy":"product_brand","embeddable":true,"href":"https:\/\/ceasuri.md\/ru\/wp-json\/wp\/v2\/product_brand?post=47434"},{"taxonomy":"product_cat","embeddable":true,"href":"https:\/\/ceasuri.md\/ru\/wp-json\/wp\/v2\/product_cat?post=47434"},{"taxonomy":"product_tag","embeddable":true,"href":"https:\/\/ceasuri.md\/ru\/wp-json\/wp\/v2\/product_tag?post=47434"}],"curies":[{"name":"wp","href":"https:\/\/api.w.org\/{rel}","templated":true}]}}