{"id":47430,"date":"2026-04-02T22:57:03","date_gmt":"2026-04-02T19:57:03","guid":{"rendered":"http:\/\/new.ceasuri.md\/shop\/uncategorized\/bulova-curv-98a231\/"},"modified":"2026-04-20T01:10:15","modified_gmt":"2026-04-19T22:10:15","slug":"bulova-curv-98a231","status":"publish","type":"product","link":"https:\/\/ceasuri.md\/ru\/shop\/branduri\/bulova\/bulova-curv-98a231\/","title":{"rendered":"\u0427\u0430\u0441\u044b BULOVA CURV 98A231"},"content":{"rendered":"<p>Prima mi\u0219care cronografic\u0103 curbat\u0103 din lume dispune de o tehnologie de \u00eenalt\u0103 performan\u021b\u0103 cu cuar\u021b cu o frecven\u021b\u0103 de vibra\u021bie de 262 kHz pentru o precizie precis\u0103.<\/p>\n<p>Cronograf cu cinci m\u00e2ini \u00eentr-o carcas\u0103 din o\u021bel inoxidabil gri, cu cadran negru \u0219i maro transparent, m\u00e2ini \u0219i markeri gri.<\/p>\n<p>Cristal de safir curbat anti-reflexie.<\/p>\n<p>Copert\u0103 spate transparent\u0103.<\/p>\n<p>Curea din piele maro cu textur\u0103 de piele de aligator \u0219i \u00eenchidere deployant\u0103 cu dubl\u0103 ap\u0103sare.<\/p>","protected":false},"excerpt":{"rendered":"<p>Prima mi\u0219care cronografic\u0103 curbat\u0103 din lume dispune de o tehnologie de \u00eenalt\u0103 performan\u021b\u0103 cu cuar\u021b cu o frecven\u021b\u0103 de vibra\u021bie de 262 kHz pentru o precizie precis\u0103. Cronograf cu cinci m\u00e2ini \u00eentr-o carcas\u0103 din o\u021bel inoxidabil gri, cu cadran negru \u0219i maro transparent, m\u00e2ini \u0219i markeri gri. Cristal de safir curbat anti-reflexie. Copert\u0103 spate transparent\u0103. [&hellip;]<\/p>\n","protected":false},"featured_media":47431,"comment_status":"closed","ping_status":"open","template":"","meta":{"_acf_changed":false},"product_brand":[],"product_cat":[624,20,106],"product_tag":[],"class_list":{"0":"post-47430","1":"product","2":"type-product","3":"status-publish","4":"has-post-thumbnail","6":"product_cat-bulova","7":"product_cat-ceasuri-barbati","8":"product_cat-ceasuri-premium","9":"pa_brand-bulova","10":"pa_braslet-piele","11":"pa_corpus-44-mm","12":"pa_forma-rotund","13":"pa_funcii-cronograf","14":"pa_funcii-schelet","15":"pa_garatia-24-luni","16":"pa_korpus-gri","17":"pa_kvarc-quartz","18":"pa_material-otel-inoxidabil","19":"pa_mehanizm-quartz","20":"pa_remeshok-maro","21":"pa_steklo-cristal-safir","22":"pa_strana-sua","23":"pa_voda-3-atm","25":"first","26":"instock","27":"purchasable","28":"product-type-simple"},"acf":[],"_links":{"self":[{"href":"https:\/\/ceasuri.md\/ru\/wp-json\/wp\/v2\/product\/47430","targetHints":{"allow":["GET"]}}],"collection":[{"href":"https:\/\/ceasuri.md\/ru\/wp-json\/wp\/v2\/product"}],"about":[{"href":"https:\/\/ceasuri.md\/ru\/wp-json\/wp\/v2\/types\/product"}],"replies":[{"embeddable":true,"href":"https:\/\/ceasuri.md\/ru\/wp-json\/wp\/v2\/comments?post=47430"}],"wp:featuredmedia":[{"embeddable":true,"href":"https:\/\/ceasuri.md\/ru\/wp-json\/wp\/v2\/media\/47431"}],"wp:attachment":[{"href":"https:\/\/ceasuri.md\/ru\/wp-json\/wp\/v2\/media?parent=47430"}],"wp:term":[{"taxonomy":"product_brand","embeddable":true,"href":"https:\/\/ceasuri.md\/ru\/wp-json\/wp\/v2\/product_brand?post=47430"},{"taxonomy":"product_cat","embeddable":true,"href":"https:\/\/ceasuri.md\/ru\/wp-json\/wp\/v2\/product_cat?post=47430"},{"taxonomy":"product_tag","embeddable":true,"href":"https:\/\/ceasuri.md\/ru\/wp-json\/wp\/v2\/product_tag?post=47430"}],"curies":[{"name":"wp","href":"https:\/\/api.w.org\/{rel}","templated":true}]}}