{"id":47426,"date":"2026-04-02T22:57:03","date_gmt":"2026-04-02T19:57:03","guid":{"rendered":"http:\/\/new.ceasuri.md\/shop\/uncategorized\/bulova-marine-star-98a272\/"},"modified":"2026-04-20T01:10:15","modified_gmt":"2026-04-19T22:10:15","slug":"bulova-marine-star-98a272","status":"publish","type":"product","link":"https:\/\/ceasuri.md\/ru\/shop\/branduri\/bulova\/bulova-marine-star-98a272\/","title":{"rendered":"\u0427\u0430\u0441\u044b BULOVA MARINE STAR 98A272"},"content":{"rendered":"<p>Ceasul Marine Star pentru b\u0103rba\u021bi este un ceas clasic cu o mo\u0219tenire care se \u00eentinde pe zeci de ani.<\/p>\n<p>Mi\u0219carea automat\u0103 cu 21 de bijuterii cu b\u0103t\u0103i deschise ale inimii este prezentat\u0103 \u00een deschiderea cadranului \u0219i \u00een spatele carcasei de expozi\u021bie.<\/p>\n<p>Carcasa din o\u021bel inoxidabil de culoare aurie este accentuat\u0103 cu negru \u0219i prezint\u0103 un cadran negru \u0219i un cristal mineral plat.<\/p>\n<p>Cureaua neagr\u0103 din silicon texturat are partea inferioar\u0103 de culoare ro\u0219ie contrastant\u0103.<\/p>\n<p>Rezistent la ap\u0103 p\u00e2n\u0103 la 200 de metri.<\/p>\n<p>F\u0103c\u00e2ndu-\u0219i cinste cu numele de ceas care poate merge oriunde.<\/p>","protected":false},"excerpt":{"rendered":"<p>Ceasul Marine Star pentru b\u0103rba\u021bi este un ceas clasic cu o mo\u0219tenire care se \u00eentinde pe zeci de ani. Mi\u0219carea automat\u0103 cu 21 de bijuterii cu b\u0103t\u0103i deschise ale inimii este prezentat\u0103 \u00een deschiderea cadranului \u0219i \u00een spatele carcasei de expozi\u021bie. Carcasa din o\u021bel inoxidabil de culoare aurie este accentuat\u0103 cu negru \u0219i prezint\u0103 un [&hellip;]<\/p>\n","protected":false},"featured_media":47427,"comment_status":"closed","ping_status":"open","template":"","meta":{"_acf_changed":false},"product_brand":[],"product_cat":[624,20],"product_tag":[],"class_list":{"0":"post-47426","1":"product","2":"type-product","3":"status-publish","4":"has-post-thumbnail","6":"product_cat-bulova","7":"product_cat-ceasuri-barbati","8":"pa_brand-bulova","9":"pa_braslet-cauciuc","10":"pa_corpus-45-mm","11":"pa_forma-rotund","12":"pa_funcii-cronograf","13":"pa_funcii-semischelet","14":"pa_garatia-24-luni","15":"pa_korpus-auriu","16":"pa_material-otel-inoxidabil","17":"pa_mehanizm-mecanic","18":"pa_mehanizm-mecanism-automatic","19":"pa_remeshok-negru","20":"pa_steklo-cristal-mineral","21":"pa_strana-sua","22":"pa_voda-20-atm","24":"first","25":"instock","26":"purchasable","27":"product-type-simple"},"acf":[],"_links":{"self":[{"href":"https:\/\/ceasuri.md\/ru\/wp-json\/wp\/v2\/product\/47426","targetHints":{"allow":["GET"]}}],"collection":[{"href":"https:\/\/ceasuri.md\/ru\/wp-json\/wp\/v2\/product"}],"about":[{"href":"https:\/\/ceasuri.md\/ru\/wp-json\/wp\/v2\/types\/product"}],"replies":[{"embeddable":true,"href":"https:\/\/ceasuri.md\/ru\/wp-json\/wp\/v2\/comments?post=47426"}],"wp:featuredmedia":[{"embeddable":true,"href":"https:\/\/ceasuri.md\/ru\/wp-json\/wp\/v2\/media\/47427"}],"wp:attachment":[{"href":"https:\/\/ceasuri.md\/ru\/wp-json\/wp\/v2\/media?parent=47426"}],"wp:term":[{"taxonomy":"product_brand","embeddable":true,"href":"https:\/\/ceasuri.md\/ru\/wp-json\/wp\/v2\/product_brand?post=47426"},{"taxonomy":"product_cat","embeddable":true,"href":"https:\/\/ceasuri.md\/ru\/wp-json\/wp\/v2\/product_cat?post=47426"},{"taxonomy":"product_tag","embeddable":true,"href":"https:\/\/ceasuri.md\/ru\/wp-json\/wp\/v2\/product_tag?post=47426"}],"curies":[{"name":"wp","href":"https:\/\/api.w.org\/{rel}","templated":true}]}}