{"id":47418,"date":"2026-04-02T22:57:03","date_gmt":"2026-04-02T19:57:03","guid":{"rendered":"http:\/\/new.ceasuri.md\/shop\/uncategorized\/bulova-marine-star-98a282\/"},"modified":"2026-04-20T01:10:17","modified_gmt":"2026-04-19T22:10:17","slug":"bulova-marine-star-98a282","status":"publish","type":"product","link":"https:\/\/ceasuri.md\/ru\/shop\/branduri\/bulova\/bulova-marine-star-98a282\/","title":{"rendered":"\u0427\u0430\u0441\u044b BULOVA MARINE STAR 98A282"},"content":{"rendered":"<p>Ceasul Marine Star pentru b\u0103rba\u021bi este un ceas clasic cu o mo\u0219tenire care se \u00eentinde pe zeci de ani.<\/p>\n<p>Mi\u0219carea automat\u0103 cu 21 de bijuterii cu b\u0103t\u0103i deschise ale inimii este prezentat\u0103 \u00een deschiderea cadranului \u0219i \u00een spatele carcasei de expozi\u021bie.<\/p>\n<p>Prezint\u0103 o carcas\u0103 din o\u021bel inoxidabil cuplat cu un cadran albastru cu accente de aur roz \u0219i un cristal mineral plat.<\/p>\n<p>Cureaua din silicon texturat de culoare albastr\u0103 are partea inferioar\u0103 de culoare ro\u0219ie contrastant\u0103.<\/p>\n<p>Rezistent la ap\u0103 p\u00e2n\u0103 la 200 de metri.<\/p>\n<p>F\u0103c\u00e2ndu-\u0219i cinste cu numele de ceas care poate merge oriunde.<\/p>","protected":false},"excerpt":{"rendered":"<p>Ceasul Marine Star pentru b\u0103rba\u021bi este un ceas clasic cu o mo\u0219tenire care se \u00eentinde pe zeci de ani. Mi\u0219carea automat\u0103 cu 21 de bijuterii cu b\u0103t\u0103i deschise ale inimii este prezentat\u0103 \u00een deschiderea cadranului \u0219i \u00een spatele carcasei de expozi\u021bie. Prezint\u0103 o carcas\u0103 din o\u021bel inoxidabil cuplat cu un cadran albastru cu accente de [&hellip;]<\/p>\n","protected":false},"featured_media":47419,"comment_status":"closed","ping_status":"open","template":"","meta":{"_acf_changed":false},"product_brand":[],"product_cat":[624,20],"product_tag":[],"class_list":{"0":"post-47418","1":"product","2":"type-product","3":"status-publish","4":"has-post-thumbnail","6":"product_cat-bulova","7":"product_cat-ceasuri-barbati","8":"pa_brand-bulova","9":"pa_braslet-piele","10":"pa_corpus-45-mm","11":"pa_forma-rotund","12":"pa_funcii-cronograf","13":"pa_funcii-semischelet","14":"pa_garatia-24-luni","15":"pa_korpus-argintiu","16":"pa_material-otel-inoxidabil","17":"pa_mehanizm-mecanic","18":"pa_mehanizm-mecanism-automatic","19":"pa_remeshok-albastru-inchis","20":"pa_steklo-cristal-mineral","21":"pa_strana-sua","22":"pa_voda-20-atm","24":"first","25":"instock","26":"purchasable","27":"product-type-simple"},"acf":[],"_links":{"self":[{"href":"https:\/\/ceasuri.md\/ru\/wp-json\/wp\/v2\/product\/47418","targetHints":{"allow":["GET"]}}],"collection":[{"href":"https:\/\/ceasuri.md\/ru\/wp-json\/wp\/v2\/product"}],"about":[{"href":"https:\/\/ceasuri.md\/ru\/wp-json\/wp\/v2\/types\/product"}],"replies":[{"embeddable":true,"href":"https:\/\/ceasuri.md\/ru\/wp-json\/wp\/v2\/comments?post=47418"}],"wp:featuredmedia":[{"embeddable":true,"href":"https:\/\/ceasuri.md\/ru\/wp-json\/wp\/v2\/media\/47419"}],"wp:attachment":[{"href":"https:\/\/ceasuri.md\/ru\/wp-json\/wp\/v2\/media?parent=47418"}],"wp:term":[{"taxonomy":"product_brand","embeddable":true,"href":"https:\/\/ceasuri.md\/ru\/wp-json\/wp\/v2\/product_brand?post=47418"},{"taxonomy":"product_cat","embeddable":true,"href":"https:\/\/ceasuri.md\/ru\/wp-json\/wp\/v2\/product_cat?post=47418"},{"taxonomy":"product_tag","embeddable":true,"href":"https:\/\/ceasuri.md\/ru\/wp-json\/wp\/v2\/product_tag?post=47418"}],"curies":[{"name":"wp","href":"https:\/\/api.w.org\/{rel}","templated":true}]}}