{"id":47410,"date":"2026-04-02T22:57:03","date_gmt":"2026-04-02T19:57:03","guid":{"rendered":"http:\/\/new.ceasuri.md\/shop\/uncategorized\/bulova-maquina-98a177\/"},"modified":"2026-04-20T01:10:11","modified_gmt":"2026-04-19T22:10:11","slug":"bulova-maquina-98a177","status":"publish","type":"product","link":"https:\/\/ceasuri.md\/ru\/shop\/branduri\/bulova\/bulova-maquina-98a177\/","title":{"rendered":"\u0427\u0430\u0441\u044b BULOVA MAQUINA 98A177"},"content":{"rendered":"<p>Model nou \u00een stil Sport, cu carcas\u0103 din o\u021bel inoxidabil de culoarea aurului roz.<\/p>\n<p>Cadran transparent cu accente de culoarea aurului roz \u0219i inel interior negru.<\/p>\n<p>Caseback transparent.<\/p>\n<p>Mi\u0219care deschis\u0103 cu rezerv\u0103 de putere de 40 de ore.<\/p>\n<p>Cristal safir.<\/p>\n<p>Curea neagr\u0103 mat\u0103 din silicon cu cataram\u0103.<\/p>\n<p>Rezistent la ap\u0103 p\u00e2n\u0103 la 100 de metri.<\/p>","protected":false},"excerpt":{"rendered":"<p>Model nou \u00een stil Sport, cu carcas\u0103 din o\u021bel inoxidabil de culoarea aurului roz. Cadran transparent cu accente de culoarea aurului roz \u0219i inel interior negru. Caseback transparent. Mi\u0219care deschis\u0103 cu rezerv\u0103 de putere de 40 de ore. Cristal safir. Curea neagr\u0103 mat\u0103 din silicon cu cataram\u0103. Rezistent la ap\u0103 p\u00e2n\u0103 la 100 de metri.<\/p>","protected":false},"featured_media":47411,"comment_status":"closed","ping_status":"open","template":"","meta":{"_acf_changed":false},"product_brand":[],"product_cat":[624,20],"product_tag":[],"class_list":{"0":"post-47410","1":"product","2":"type-product","3":"status-publish","4":"has-post-thumbnail","6":"product_cat-bulova","7":"product_cat-ceasuri-barbati","8":"pa_brand-bulova","9":"pa_braslet-cauciuc","10":"pa_corpus-46-mm","11":"pa_forma-rotund","12":"pa_funcii-schelet","13":"pa_garatia-24-luni","14":"pa_korpus-roz-gold","15":"pa_material-otel-inoxidabil","16":"pa_mehanizm-mecanic","17":"pa_mehanizm-mecanism-automatic","18":"pa_remeshok-negru","19":"pa_steklo-cristal-safir","20":"pa_strana-sua","21":"pa_voda-10-atm","23":"first","24":"instock","25":"purchasable","26":"product-type-simple"},"acf":[],"_links":{"self":[{"href":"https:\/\/ceasuri.md\/ru\/wp-json\/wp\/v2\/product\/47410","targetHints":{"allow":["GET"]}}],"collection":[{"href":"https:\/\/ceasuri.md\/ru\/wp-json\/wp\/v2\/product"}],"about":[{"href":"https:\/\/ceasuri.md\/ru\/wp-json\/wp\/v2\/types\/product"}],"replies":[{"embeddable":true,"href":"https:\/\/ceasuri.md\/ru\/wp-json\/wp\/v2\/comments?post=47410"}],"wp:featuredmedia":[{"embeddable":true,"href":"https:\/\/ceasuri.md\/ru\/wp-json\/wp\/v2\/media\/47411"}],"wp:attachment":[{"href":"https:\/\/ceasuri.md\/ru\/wp-json\/wp\/v2\/media?parent=47410"}],"wp:term":[{"taxonomy":"product_brand","embeddable":true,"href":"https:\/\/ceasuri.md\/ru\/wp-json\/wp\/v2\/product_brand?post=47410"},{"taxonomy":"product_cat","embeddable":true,"href":"https:\/\/ceasuri.md\/ru\/wp-json\/wp\/v2\/product_cat?post=47410"},{"taxonomy":"product_tag","embeddable":true,"href":"https:\/\/ceasuri.md\/ru\/wp-json\/wp\/v2\/product_tag?post=47410"}],"curies":[{"name":"wp","href":"https:\/\/api.w.org\/{rel}","templated":true}]}}