{"id":47406,"date":"2026-04-02T22:57:03","date_gmt":"2026-04-02T19:57:03","guid":{"rendered":"http:\/\/new.ceasuri.md\/shop\/uncategorized\/bulova-maquina-98a179\/"},"modified":"2026-04-20T01:10:12","modified_gmt":"2026-04-19T22:10:12","slug":"bulova-maquina-98a179","status":"publish","type":"product","link":"https:\/\/ceasuri.md\/ru\/shop\/branduri\/bulova\/bulova-maquina-98a179\/","title":{"rendered":"\u0427\u0430\u0441\u044b BULOVA MAQUINA 98A179"},"content":{"rendered":"<p>Noul stil Sport \u00eentr-o carcas\u0103 neagr\u0103 din o\u021bel inoxidabil.<\/p>\n<p>Cadran transparent cu accente argintii \u0219i inel interior negru.<\/p>\n<p>Caseback transparent.<\/p>\n<p>Mi\u0219care deschis\u0103 cu rezerv\u0103 de putere de 40 de ore.<\/p>\n<p>Cristal safir.<\/p>\n<p>Br\u0103\u021bar\u0103 neagr\u0103 din o\u021bel inoxidabil cu \u00eenchidere dubl\u0103.<\/p>\n<p>Rezistent la ap\u0103 p\u00e2n\u0103 la 100 de metri.<\/p>","protected":false},"excerpt":{"rendered":"<p>Noul stil Sport \u00eentr-o carcas\u0103 neagr\u0103 din o\u021bel inoxidabil. Cadran transparent cu accente argintii \u0219i inel interior negru. Caseback transparent. Mi\u0219care deschis\u0103 cu rezerv\u0103 de putere de 40 de ore. Cristal safir. Br\u0103\u021bar\u0103 neagr\u0103 din o\u021bel inoxidabil cu \u00eenchidere dubl\u0103. Rezistent la ap\u0103 p\u00e2n\u0103 la 100 de metri.<\/p>","protected":false},"featured_media":47407,"comment_status":"closed","ping_status":"open","template":"","meta":{"_acf_changed":false},"product_brand":[],"product_cat":[624,20],"product_tag":[],"class_list":{"0":"post-47406","1":"product","2":"type-product","3":"status-publish","4":"has-post-thumbnail","6":"product_cat-bulova","7":"product_cat-ceasuri-barbati","8":"pa_brand-bulova","9":"pa_braslet-otel-inoxidabil","10":"pa_corpus-46-mm","11":"pa_forma-rotund","12":"pa_funcii-schelet","13":"pa_garatia-24-luni","14":"pa_korpus-negru","15":"pa_material-otel-inoxidabil","16":"pa_mehanizm-mecanic","17":"pa_mehanizm-mecanism-automatic","18":"pa_remeshok-negru","19":"pa_steklo-cristal-safir","20":"pa_strana-sua","21":"pa_voda-10-atm","23":"first","24":"instock","25":"purchasable","26":"product-type-simple"},"acf":[],"_links":{"self":[{"href":"https:\/\/ceasuri.md\/ru\/wp-json\/wp\/v2\/product\/47406","targetHints":{"allow":["GET"]}}],"collection":[{"href":"https:\/\/ceasuri.md\/ru\/wp-json\/wp\/v2\/product"}],"about":[{"href":"https:\/\/ceasuri.md\/ru\/wp-json\/wp\/v2\/types\/product"}],"replies":[{"embeddable":true,"href":"https:\/\/ceasuri.md\/ru\/wp-json\/wp\/v2\/comments?post=47406"}],"wp:featuredmedia":[{"embeddable":true,"href":"https:\/\/ceasuri.md\/ru\/wp-json\/wp\/v2\/media\/47407"}],"wp:attachment":[{"href":"https:\/\/ceasuri.md\/ru\/wp-json\/wp\/v2\/media?parent=47406"}],"wp:term":[{"taxonomy":"product_brand","embeddable":true,"href":"https:\/\/ceasuri.md\/ru\/wp-json\/wp\/v2\/product_brand?post=47406"},{"taxonomy":"product_cat","embeddable":true,"href":"https:\/\/ceasuri.md\/ru\/wp-json\/wp\/v2\/product_cat?post=47406"},{"taxonomy":"product_tag","embeddable":true,"href":"https:\/\/ceasuri.md\/ru\/wp-json\/wp\/v2\/product_tag?post=47406"}],"curies":[{"name":"wp","href":"https:\/\/api.w.org\/{rel}","templated":true}]}}