{"id":47398,"date":"2026-04-02T22:56:14","date_gmt":"2026-04-02T19:56:14","guid":{"rendered":"http:\/\/new.ceasuri.md\/shop\/uncategorized\/bulova-marine-star-98a227\/"},"modified":"2026-04-20T01:10:13","modified_gmt":"2026-04-19T22:10:13","slug":"bulova-marine-star-98a227","status":"publish","type":"product","link":"https:\/\/ceasuri.md\/ru\/shop\/branduri\/bulova\/bulova-marine-star-98a227\/","title":{"rendered":"\u0427\u0430\u0441\u044b BULOVA MARINE STAR 98A227"},"content":{"rendered":"<p>Nou ceas Marine Star cu mi\u0219care automat\u0103 cu trei m\u00e2ini \u0219i o fereastr\u0103 deschis\u0103. Fereastra de pe cadran v\u0103 permite s\u0103 v\u0103 bucura\u021bi de precizia mi\u0219c\u0103rii.<\/p>\n<p>Carcas\u0103 din o\u021bel inoxidabil de culoarea aurului roz cu inel exterior albastru.<\/p>\n<p>Cadran albastru cu cristal mineral plat.<\/p>\n<p>Curea din silicon texturat albastru cu partea inferioar\u0103 ro\u0219ie contrastant\u0103.<\/p>\n<p>Rezistent la ap\u0103 p\u00e2n\u0103 la 200 de metri.<\/p>","protected":false},"excerpt":{"rendered":"<p>Nou ceas Marine Star cu mi\u0219care automat\u0103 cu trei m\u00e2ini \u0219i o fereastr\u0103 deschis\u0103. Fereastra de pe cadran v\u0103 permite s\u0103 v\u0103 bucura\u021bi de precizia mi\u0219c\u0103rii. Carcas\u0103 din o\u021bel inoxidabil de culoarea aurului roz cu inel exterior albastru. Cadran albastru cu cristal mineral plat. Curea din silicon texturat albastru cu partea inferioar\u0103 ro\u0219ie contrastant\u0103. Rezistent [&hellip;]<\/p>\n","protected":false},"featured_media":47399,"comment_status":"closed","ping_status":"open","template":"","meta":{"_acf_changed":false},"product_brand":[],"product_cat":[624,20],"product_tag":[],"class_list":{"0":"post-47398","1":"product","2":"type-product","3":"status-publish","4":"has-post-thumbnail","6":"product_cat-bulova","7":"product_cat-ceasuri-barbati","8":"pa_brand-bulova","9":"pa_braslet-cauciuc","10":"pa_corpus-45-mm","11":"pa_forma-rotund","12":"pa_funcii-cronograf","13":"pa_funcii-semischelet","14":"pa_garatia-24-luni","15":"pa_korpus-roz-gold","16":"pa_material-otel-inoxidabil","17":"pa_mehanizm-mecanic","18":"pa_mehanizm-mecanism-automatic","19":"pa_remeshok-albastru-inchis","20":"pa_steklo-cristal-mineral","21":"pa_strana-sua","22":"pa_voda-20-atm","24":"first","25":"instock","26":"purchasable","27":"product-type-simple"},"acf":[],"_links":{"self":[{"href":"https:\/\/ceasuri.md\/ru\/wp-json\/wp\/v2\/product\/47398","targetHints":{"allow":["GET"]}}],"collection":[{"href":"https:\/\/ceasuri.md\/ru\/wp-json\/wp\/v2\/product"}],"about":[{"href":"https:\/\/ceasuri.md\/ru\/wp-json\/wp\/v2\/types\/product"}],"replies":[{"embeddable":true,"href":"https:\/\/ceasuri.md\/ru\/wp-json\/wp\/v2\/comments?post=47398"}],"wp:featuredmedia":[{"embeddable":true,"href":"https:\/\/ceasuri.md\/ru\/wp-json\/wp\/v2\/media\/47399"}],"wp:attachment":[{"href":"https:\/\/ceasuri.md\/ru\/wp-json\/wp\/v2\/media?parent=47398"}],"wp:term":[{"taxonomy":"product_brand","embeddable":true,"href":"https:\/\/ceasuri.md\/ru\/wp-json\/wp\/v2\/product_brand?post=47398"},{"taxonomy":"product_cat","embeddable":true,"href":"https:\/\/ceasuri.md\/ru\/wp-json\/wp\/v2\/product_cat?post=47398"},{"taxonomy":"product_tag","embeddable":true,"href":"https:\/\/ceasuri.md\/ru\/wp-json\/wp\/v2\/product_tag?post=47398"}],"curies":[{"name":"wp","href":"https:\/\/api.w.org\/{rel}","templated":true}]}}