{"id":47386,"date":"2026-04-02T22:56:14","date_gmt":"2026-04-02T19:56:14","guid":{"rendered":"http:\/\/new.ceasuri.md\/shop\/uncategorized\/bulova-sutton-97a169\/"},"modified":"2026-04-20T01:10:08","modified_gmt":"2026-04-19T22:10:08","slug":"bulova-sutton-97a169","status":"publish","type":"product","link":"https:\/\/ceasuri.md\/ru\/shop\/branduri\/bulova\/bulova-sutton-97a169\/","title":{"rendered":"\u0427\u0430\u0441\u044b BULOVA SUTTON 97A169"},"content":{"rendered":"<p>Ceasul Sutton pentru b\u0103rba\u021bi are un design sofisticat, cu un cadran \u0219i un fund de carcas\u0103 complet de expozi\u021bie.<\/p>\n<p>Carcasa din o\u021bel inoxidabil de culoare aurie-roz, cu fundul \u00een\u0219urubat, are un cadran negru &#8222;scheletizat&#8221; cu trei m\u00e2ini, cu m\u00e2ini \u0219i indicatoare de culoare aurie-roz, care dezv\u0103luie mecanismele complicate ale mi\u0219c\u0103rii automate cu 21 de bijuterii cu \u00eenc\u0103rcare automat\u0103.<\/p>\n<p>Este asortat cu o curea de ceas din piele maro, finisat\u0103 cu o cataram\u0103 cu buton de deschidere \u0219i \u00eenchidere.<\/p>\n<p>Rezistent la ap\u0103 p\u00e2n\u0103 la 30 de metri.<\/p>\n<p>Acest ceas distinctiv este un accesoriu excelent pentru orice colec\u021bie.<\/p>","protected":false},"excerpt":{"rendered":"<p>Ceasul Sutton pentru b\u0103rba\u021bi are un design sofisticat, cu un cadran \u0219i un fund de carcas\u0103 complet de expozi\u021bie. Carcasa din o\u021bel inoxidabil de culoare aurie-roz, cu fundul \u00een\u0219urubat, are un cadran negru &#8222;scheletizat&#8221; cu trei m\u00e2ini, cu m\u00e2ini \u0219i indicatoare de culoare aurie-roz, care dezv\u0103luie mecanismele complicate ale mi\u0219c\u0103rii automate cu 21 de bijuterii [&hellip;]<\/p>\n","protected":false},"featured_media":47387,"comment_status":"closed","ping_status":"open","template":"","meta":{"_acf_changed":false},"product_brand":[],"product_cat":[624,20],"product_tag":[],"class_list":{"0":"post-47386","1":"product","2":"type-product","3":"status-publish","4":"has-post-thumbnail","6":"product_cat-bulova","7":"product_cat-ceasuri-barbati","8":"pa_brand-bulova","9":"pa_braslet-piele","10":"pa_corpus-43-mm","11":"pa_forma-rotund","12":"pa_funcii-schelet","13":"pa_garatia-24-luni","14":"pa_korpus-roz-gold","15":"pa_material-otel-inoxidabil","16":"pa_mehanizm-mecanic","17":"pa_mehanizm-mecanism-automatic","18":"pa_remeshok-maro","19":"pa_steklo-cristal-mineral","20":"pa_strana-sua","21":"pa_voda-3-atm","23":"first","24":"instock","25":"purchasable","26":"product-type-simple"},"acf":[],"_links":{"self":[{"href":"https:\/\/ceasuri.md\/ru\/wp-json\/wp\/v2\/product\/47386","targetHints":{"allow":["GET"]}}],"collection":[{"href":"https:\/\/ceasuri.md\/ru\/wp-json\/wp\/v2\/product"}],"about":[{"href":"https:\/\/ceasuri.md\/ru\/wp-json\/wp\/v2\/types\/product"}],"replies":[{"embeddable":true,"href":"https:\/\/ceasuri.md\/ru\/wp-json\/wp\/v2\/comments?post=47386"}],"wp:featuredmedia":[{"embeddable":true,"href":"https:\/\/ceasuri.md\/ru\/wp-json\/wp\/v2\/media\/47387"}],"wp:attachment":[{"href":"https:\/\/ceasuri.md\/ru\/wp-json\/wp\/v2\/media?parent=47386"}],"wp:term":[{"taxonomy":"product_brand","embeddable":true,"href":"https:\/\/ceasuri.md\/ru\/wp-json\/wp\/v2\/product_brand?post=47386"},{"taxonomy":"product_cat","embeddable":true,"href":"https:\/\/ceasuri.md\/ru\/wp-json\/wp\/v2\/product_cat?post=47386"},{"taxonomy":"product_tag","embeddable":true,"href":"https:\/\/ceasuri.md\/ru\/wp-json\/wp\/v2\/product_tag?post=47386"}],"curies":[{"name":"wp","href":"https:\/\/api.w.org\/{rel}","templated":true}]}}