{"id":47374,"date":"2026-04-02T22:56:14","date_gmt":"2026-04-02T19:56:14","guid":{"rendered":"http:\/\/new.ceasuri.md\/shop\/uncategorized\/bulova-curv-98a162\/"},"modified":"2026-04-20T01:10:10","modified_gmt":"2026-04-19T22:10:10","slug":"bulova-curv-98a162","status":"publish","type":"product","link":"https:\/\/ceasuri.md\/ru\/shop\/branduri\/bulova\/bulova-curv-98a162\/","title":{"rendered":"\u0427\u0430\u0441\u044b BULOVA CURV 98A162"},"content":{"rendered":"<p>Acest accesoriu sportiv elegant de la Bulova este atingerea final\u0103 perfect\u0103 pentru aspectul dvs. dinamic, subliniind individualitatea purt\u0103torului.<\/p>\n<p>Prima mi\u0219care de cronograf curbat\u0103 din lume este alimentat\u0103 de tehnologia cu cuar\u021b de \u00eenalt\u0103 performan\u021b\u0103, cu o frecven\u021b\u0103 de oscila\u021bie de 262 kHz pentru o precizie ridicat\u0103.<\/p>\n<p>Cronograf cu cinci m\u00e2ini \u00eentr-o carcas\u0103 din titan \u0219i o\u021bel inoxidabil, cadran transparent gri \u00eenchis cu accente din aur roz.<\/p>\n<p>Caseback transparent cu \u0219urub.<\/p>\n<p>Cristal de safir curbat cu metalizare neagr\u0103 pe stratul exterior.<\/p>\n<p>Curea din cauciuc negru \u0219i rezistent la ap\u0103 p\u00e2n\u0103 la 30 de metri.<\/p>","protected":false},"excerpt":{"rendered":"<p>Acest accesoriu sportiv elegant de la Bulova este atingerea final\u0103 perfect\u0103 pentru aspectul dvs. dinamic, subliniind individualitatea purt\u0103torului. Prima mi\u0219care de cronograf curbat\u0103 din lume este alimentat\u0103 de tehnologia cu cuar\u021b de \u00eenalt\u0103 performan\u021b\u0103, cu o frecven\u021b\u0103 de oscila\u021bie de 262 kHz pentru o precizie ridicat\u0103. Cronograf cu cinci m\u00e2ini \u00eentr-o carcas\u0103 din titan \u0219i [&hellip;]<\/p>\n","protected":false},"featured_media":47375,"comment_status":"closed","ping_status":"open","template":"","meta":{"_acf_changed":false},"product_brand":[],"product_cat":[624,20,106],"product_tag":[],"class_list":{"0":"post-47374","1":"product","2":"type-product","3":"status-publish","4":"has-post-thumbnail","6":"product_cat-bulova","7":"product_cat-ceasuri-barbati","8":"product_cat-ceasuri-premium","9":"pa_brand-bulova","10":"pa_braslet-cauciuc","11":"pa_corpus-44-mm","12":"pa_forma-rotund","13":"pa_funcii-cronograf","14":"pa_garatia-24-luni","15":"pa_korpus-gri","16":"pa_kvarc-quartz","17":"pa_material-otel-inoxidabil","18":"pa_mehanizm-quartz","19":"pa_remeshok-negru","20":"pa_steklo-cristal-safir","21":"pa_strana-sua","22":"pa_voda-3-atm","24":"first","25":"instock","26":"purchasable","27":"product-type-simple"},"acf":[],"_links":{"self":[{"href":"https:\/\/ceasuri.md\/ru\/wp-json\/wp\/v2\/product\/47374","targetHints":{"allow":["GET"]}}],"collection":[{"href":"https:\/\/ceasuri.md\/ru\/wp-json\/wp\/v2\/product"}],"about":[{"href":"https:\/\/ceasuri.md\/ru\/wp-json\/wp\/v2\/types\/product"}],"replies":[{"embeddable":true,"href":"https:\/\/ceasuri.md\/ru\/wp-json\/wp\/v2\/comments?post=47374"}],"wp:featuredmedia":[{"embeddable":true,"href":"https:\/\/ceasuri.md\/ru\/wp-json\/wp\/v2\/media\/47375"}],"wp:attachment":[{"href":"https:\/\/ceasuri.md\/ru\/wp-json\/wp\/v2\/media?parent=47374"}],"wp:term":[{"taxonomy":"product_brand","embeddable":true,"href":"https:\/\/ceasuri.md\/ru\/wp-json\/wp\/v2\/product_brand?post=47374"},{"taxonomy":"product_cat","embeddable":true,"href":"https:\/\/ceasuri.md\/ru\/wp-json\/wp\/v2\/product_cat?post=47374"},{"taxonomy":"product_tag","embeddable":true,"href":"https:\/\/ceasuri.md\/ru\/wp-json\/wp\/v2\/product_tag?post=47374"}],"curies":[{"name":"wp","href":"https:\/\/api.w.org\/{rel}","templated":true}]}}