{"id":47362,"date":"2026-04-02T22:56:14","date_gmt":"2026-04-02T19:56:14","guid":{"rendered":"http:\/\/new.ceasuri.md\/shop\/uncategorized\/bulova-precisionist-96b356\/"},"modified":"2026-04-20T01:10:04","modified_gmt":"2026-04-19T22:10:04","slug":"bulova-precisionist-96b356","status":"publish","type":"product","link":"https:\/\/ceasuri.md\/ru\/shop\/branduri\/bulova\/bulova-precisionist-96b356\/","title":{"rendered":"\u0427\u0430\u0441\u044b BULOVA PRECISIONIST 96B356"},"content":{"rendered":"<p>Un ceas func\u021bional de o precizie fenomenal\u0103. Mi\u0219carea oscileaz\u0103 la o frecven\u021b\u0103 de 262 kHz &#8211; mai mare dec\u00e2t orice alt ceas cu cuar\u021b existent. La r\u00e2ndul s\u0103u, aceast\u0103 frecven\u021b\u0103 ofer\u0103 o precizie de p\u00e2n\u0103 la 10 secunde pe an.<\/p>\n<p>Ace centrale pentru ore \u0219i minute, cu m\u00e2na secundar\u0103 pe cadranul mic.<\/p>\n<p>Deschiderea datei \u00eentre orele 4 \u0219i 5.<\/p>\n<p>Cadran gri. Indica\u021bie arab\u0103 a orei.<\/p>\n<p>Carcas\u0103 rotund\u0103 din o\u021bel inoxidabil. Carcasa m\u0103soar\u0103 43 mm \u00een diametru \u0219i 12 mm \u00een grosime.<\/p>\n<p>Curea din piele maro cu l\u0103\u021bimea de 22 mm, cu \u00eenchidere standard.<\/p>\n<p>Sticl\u0103 mineral\u0103 durabil\u0103 \u0219i rezistent\u0103 la deterior\u0103ri mecanice minore.<\/p>\n<p>Rezistent la ap\u0103 WR 30 (stropire).<\/p>","protected":false},"excerpt":{"rendered":"<p>Un ceas func\u021bional de o precizie fenomenal\u0103. Mi\u0219carea oscileaz\u0103 la o frecven\u021b\u0103 de 262 kHz &#8211; mai mare dec\u00e2t orice alt ceas cu cuar\u021b existent. La r\u00e2ndul s\u0103u, aceast\u0103 frecven\u021b\u0103 ofer\u0103 o precizie de p\u00e2n\u0103 la 10 secunde pe an. Ace centrale pentru ore \u0219i minute, cu m\u00e2na secundar\u0103 pe cadranul mic. Deschiderea datei \u00eentre [&hellip;]<\/p>\n","protected":false},"featured_media":47363,"comment_status":"closed","ping_status":"open","template":"","meta":{"_acf_changed":false},"product_brand":[],"product_cat":[624,20],"product_tag":[],"class_list":{"0":"post-47362","1":"product","2":"type-product","3":"status-publish","4":"has-post-thumbnail","6":"product_cat-bulova","7":"product_cat-ceasuri-barbati","8":"pa_brand-bulova","9":"pa_braslet-piele","10":"pa_corpus-43-mm","11":"pa_forma-rotund","12":"pa_funcii-cronograf","13":"pa_funcii-data","14":"pa_garatia-24-luni","15":"pa_korpus-argintiu","16":"pa_kvarc-quartz","17":"pa_material-otel-inoxidabil","18":"pa_mehanizm-quartz","19":"pa_remeshok-maro","20":"pa_steklo-cristal-mineral","21":"pa_strana-sua","22":"pa_voda-3-atm","24":"first","25":"instock","26":"purchasable","27":"product-type-simple"},"acf":[],"_links":{"self":[{"href":"https:\/\/ceasuri.md\/ru\/wp-json\/wp\/v2\/product\/47362","targetHints":{"allow":["GET"]}}],"collection":[{"href":"https:\/\/ceasuri.md\/ru\/wp-json\/wp\/v2\/product"}],"about":[{"href":"https:\/\/ceasuri.md\/ru\/wp-json\/wp\/v2\/types\/product"}],"replies":[{"embeddable":true,"href":"https:\/\/ceasuri.md\/ru\/wp-json\/wp\/v2\/comments?post=47362"}],"wp:featuredmedia":[{"embeddable":true,"href":"https:\/\/ceasuri.md\/ru\/wp-json\/wp\/v2\/media\/47363"}],"wp:attachment":[{"href":"https:\/\/ceasuri.md\/ru\/wp-json\/wp\/v2\/media?parent=47362"}],"wp:term":[{"taxonomy":"product_brand","embeddable":true,"href":"https:\/\/ceasuri.md\/ru\/wp-json\/wp\/v2\/product_brand?post=47362"},{"taxonomy":"product_cat","embeddable":true,"href":"https:\/\/ceasuri.md\/ru\/wp-json\/wp\/v2\/product_cat?post=47362"},{"taxonomy":"product_tag","embeddable":true,"href":"https:\/\/ceasuri.md\/ru\/wp-json\/wp\/v2\/product_tag?post=47362"}],"curies":[{"name":"wp","href":"https:\/\/api.w.org\/{rel}","templated":true}]}}