{"id":47354,"date":"2023-01-17T13:28:18","date_gmt":"2023-01-17T11:28:18","guid":{"rendered":"http:\/\/new.ceasuri.md\/shop\/uncategorized\/bulova-millennia-96c149\/"},"modified":"2026-05-01T17:33:03","modified_gmt":"2026-05-01T14:33:03","slug":"bulova-millennia-96c149","status":"publish","type":"product","link":"https:\/\/ceasuri.md\/ru\/shop\/branduri\/bulova\/bulova-millennia-96c149\/","title":{"rendered":"\u0427\u0430\u0441\u044b BULOVA MILLENNIA 96C149"},"content":{"rendered":"<p>Forma \u0219i func\u021bia se \u00eembin\u0103 perfect \u00een ceasul cronograf sofisticat din colec\u021bia Bulova Modern Millennia.<\/p>\n<p>Acest ceas elegant este montat \u00eentr-o carcas\u0103 din o\u021bel inoxidabil argintiu, finisat\u0103 cu cristalul modern metalizat de la margine la margine, semn\u0103tura Modern, \u0219i are o mi\u0219care cronograf cu 6 m\u00e2ini zi\/data, cu subregistre pentru m\u0103surarea timpului scurs, un cadran pentru minute \u0219i un cadran pentru ore.<\/p>\n<p>Br\u0103\u021bara din o\u021bel inoxidabil argintiu.<\/p>\n<p>Acest ceas elegant, dar foarte func\u021bional, va fi pe placul sim\u021bului dvs. modern de stil.<\/p>","protected":false},"excerpt":{"rendered":"<p>Forma \u0219i func\u021bia se \u00eembin\u0103 perfect \u00een ceasul cronograf sofisticat din colec\u021bia Bulova Modern Millennia. Acest ceas elegant este montat \u00eentr-o carcas\u0103 din o\u021bel inoxidabil argintiu, finisat\u0103 cu cristalul modern metalizat de la margine la margine, semn\u0103tura Modern, \u0219i are o mi\u0219care cronograf cu 6 m\u00e2ini zi\/data, cu subregistre pentru m\u0103surarea timpului scurs, un cadran [&hellip;]<\/p>\n","protected":false},"featured_media":47355,"comment_status":"closed","ping_status":"open","template":"","meta":{"_acf_changed":false},"product_brand":[],"product_cat":[624,20],"product_tag":[],"class_list":{"0":"post-47354","1":"product","2":"type-product","3":"status-publish","4":"has-post-thumbnail","6":"product_cat-bulova","7":"product_cat-ceasuri-barbati","8":"pa_brand-bulova","9":"pa_braslet-otel-inoxidabil","10":"pa_corpus-41-mm","11":"pa_forma-rotund","12":"pa_funcii-cronograf","13":"pa_funcii-data","14":"pa_garatia-24-luni","15":"pa_korpus-argintiu","16":"pa_kvarc-quartz","17":"pa_material-otel-inoxidabil","18":"pa_mehanizm-quartz","19":"pa_remeshok-argintiu","20":"pa_steklo-cristal-mineral","21":"pa_strana-sua","22":"pa_voda-3-atm","24":"first","25":"instock","26":"purchasable","27":"product-type-simple"},"acf":[],"_links":{"self":[{"href":"https:\/\/ceasuri.md\/ru\/wp-json\/wp\/v2\/product\/47354","targetHints":{"allow":["GET"]}}],"collection":[{"href":"https:\/\/ceasuri.md\/ru\/wp-json\/wp\/v2\/product"}],"about":[{"href":"https:\/\/ceasuri.md\/ru\/wp-json\/wp\/v2\/types\/product"}],"replies":[{"embeddable":true,"href":"https:\/\/ceasuri.md\/ru\/wp-json\/wp\/v2\/comments?post=47354"}],"wp:featuredmedia":[{"embeddable":true,"href":"https:\/\/ceasuri.md\/ru\/wp-json\/wp\/v2\/media\/47355"}],"wp:attachment":[{"href":"https:\/\/ceasuri.md\/ru\/wp-json\/wp\/v2\/media?parent=47354"}],"wp:term":[{"taxonomy":"product_brand","embeddable":true,"href":"https:\/\/ceasuri.md\/ru\/wp-json\/wp\/v2\/product_brand?post=47354"},{"taxonomy":"product_cat","embeddable":true,"href":"https:\/\/ceasuri.md\/ru\/wp-json\/wp\/v2\/product_cat?post=47354"},{"taxonomy":"product_tag","embeddable":true,"href":"https:\/\/ceasuri.md\/ru\/wp-json\/wp\/v2\/product_tag?post=47354"}],"curies":[{"name":"wp","href":"https:\/\/api.w.org\/{rel}","templated":true}]}}