{"id":47350,"date":"2026-04-02T22:56:14","date_gmt":"2026-04-02T19:56:14","guid":{"rendered":"http:\/\/new.ceasuri.md\/shop\/uncategorized\/bulova-surveyor-96a275\/"},"modified":"2026-04-20T01:09:59","modified_gmt":"2026-04-19T22:09:59","slug":"bulova-surveyor-96a275","status":"publish","type":"product","link":"https:\/\/ceasuri.md\/ru\/shop\/branduri\/bulova\/bulova-surveyor-96a275\/","title":{"rendered":"\u0427\u0430\u0441\u044b BULOVA SURVEYOR 96A275"},"content":{"rendered":"<p>Parte a liniei Surveyor de ceasuri Bulova, acest ceas clasic actualizat ofer\u0103 toate detaliile \u0219i calitatea la care te-ai a\u0219tepta de la un ceas de lux, r\u0103m\u00e2n\u00e2nd \u00een acela\u0219i timp la un pre\u021b accesibil.<\/p>\n<p>Carcasa \u0219i br\u0103\u021bara din o\u021bel inoxidabil sunt asortate cu un cadran albastru cu trei m\u00e2ini, cu accente argintii \u0219i o deschidere pentru a vedea roata de balans \u0219i sc\u0103parea mi\u0219c\u0103rii.<\/p>\n<p>Carcasa cu \u0219urub este acoperit\u0103 cu o fereastr\u0103 de expunere din cristal mineral pentru a prezenta mi\u0219carea automat\u0103 care alimenteaz\u0103 ceasul.<\/p>\n<p>Acest ceas de calitate, cu detalii frumoase, este destinat s\u0103 devin\u0103 un nou favorit \u00een orice colec\u021bie.<\/p>","protected":false},"excerpt":{"rendered":"<p>Parte a liniei Surveyor de ceasuri Bulova, acest ceas clasic actualizat ofer\u0103 toate detaliile \u0219i calitatea la care te-ai a\u0219tepta de la un ceas de lux, r\u0103m\u00e2n\u00e2nd \u00een acela\u0219i timp la un pre\u021b accesibil. Carcasa \u0219i br\u0103\u021bara din o\u021bel inoxidabil sunt asortate cu un cadran albastru cu trei m\u00e2ini, cu accente argintii \u0219i o deschidere [&hellip;]<\/p>\n","protected":false},"featured_media":47351,"comment_status":"closed","ping_status":"open","template":"","meta":{"_acf_changed":false},"product_brand":[],"product_cat":[624,20],"product_tag":[],"class_list":{"0":"post-47350","1":"product","2":"type-product","3":"status-publish","4":"has-post-thumbnail","6":"product_cat-bulova","7":"product_cat-ceasuri-barbati","8":"pa_brand-bulova","9":"pa_braslet-otel-inoxidabil","10":"pa_corpus-42-mm","11":"pa_forma-rotund","12":"pa_funcii-semischelet","13":"pa_garatia-24-luni","14":"pa_korpus-argintiu","15":"pa_material-otel-inoxidabil","16":"pa_mehanizm-mecanic","17":"pa_mehanizm-mecanism-automatic","18":"pa_remeshok-argintiu","19":"pa_steklo-cristal-mineral","20":"pa_strana-sua","21":"pa_voda-3-atm","23":"first","24":"instock","25":"purchasable","26":"product-type-simple"},"acf":[],"_links":{"self":[{"href":"https:\/\/ceasuri.md\/ru\/wp-json\/wp\/v2\/product\/47350","targetHints":{"allow":["GET"]}}],"collection":[{"href":"https:\/\/ceasuri.md\/ru\/wp-json\/wp\/v2\/product"}],"about":[{"href":"https:\/\/ceasuri.md\/ru\/wp-json\/wp\/v2\/types\/product"}],"replies":[{"embeddable":true,"href":"https:\/\/ceasuri.md\/ru\/wp-json\/wp\/v2\/comments?post=47350"}],"wp:featuredmedia":[{"embeddable":true,"href":"https:\/\/ceasuri.md\/ru\/wp-json\/wp\/v2\/media\/47351"}],"wp:attachment":[{"href":"https:\/\/ceasuri.md\/ru\/wp-json\/wp\/v2\/media?parent=47350"}],"wp:term":[{"taxonomy":"product_brand","embeddable":true,"href":"https:\/\/ceasuri.md\/ru\/wp-json\/wp\/v2\/product_brand?post=47350"},{"taxonomy":"product_cat","embeddable":true,"href":"https:\/\/ceasuri.md\/ru\/wp-json\/wp\/v2\/product_cat?post=47350"},{"taxonomy":"product_tag","embeddable":true,"href":"https:\/\/ceasuri.md\/ru\/wp-json\/wp\/v2\/product_tag?post=47350"}],"curies":[{"name":"wp","href":"https:\/\/api.w.org\/{rel}","templated":true}]}}