{"id":47346,"date":"2026-04-02T22:56:14","date_gmt":"2026-04-02T19:56:14","guid":{"rendered":"http:\/\/new.ceasuri.md\/shop\/uncategorized\/bulova-marine-star-96a291\/"},"modified":"2026-04-20T01:10:00","modified_gmt":"2026-04-19T22:10:00","slug":"bulova-marine-star-96a291","status":"publish","type":"product","link":"https:\/\/ceasuri.md\/ru\/shop\/branduri\/bulova\/bulova-marine-star-96a291\/","title":{"rendered":"\u0427\u0430\u0441\u044b BULOVA MARINE STAR 96A291"},"content":{"rendered":"<p>Acest ceas clasic pentru b\u0103rba\u021bi are o elegan\u021b\u0103 sportiv\u0103 cu un aspect nautic care se reg\u0103se\u0219te \u00een detalii. Acest ceas elegant are un cadran cu o de inim\u0103 deschis\u0103, care pune \u00een eviden\u021b\u0103 mi\u0219carea automat\u0103 cu 3 m\u00e2ini de 21 de bijuterii.<\/p>\n<p>Carcasa din o\u021bel inoxidabil este finisat\u0103 cu o lunet\u0103 rotativ\u0103.<\/p>\n<p>Cureaua din piele albastr\u0103 cu granula\u021bie de aligator \u00een relief are o baz\u0103 din silicon pentru mai mult\u0103 flexibilitate \u0219i confort, care \u0219i prezint\u0103 un model de valuri logo-ul iconic al balenei Marine Star. Cureaua este finisat\u0103 cu o cataram\u0103 din 3 piese.<\/p>\n<p>Acest ceas este rezistent la ap\u0103 p\u00e2n\u0103 la 200 de metri \u0219i reprezint\u0103 look-ul perfect pentru aventuri elegante pe uscat \u0219i pe mare.<\/p>","protected":false},"excerpt":{"rendered":"<p>Acest ceas clasic pentru b\u0103rba\u021bi are o elegan\u021b\u0103 sportiv\u0103 cu un aspect nautic care se reg\u0103se\u0219te \u00een detalii. Acest ceas elegant are un cadran cu o de inim\u0103 deschis\u0103, care pune \u00een eviden\u021b\u0103 mi\u0219carea automat\u0103 cu 3 m\u00e2ini de 21 de bijuterii. Carcasa din o\u021bel inoxidabil este finisat\u0103 cu o lunet\u0103 rotativ\u0103. Cureaua din piele [&hellip;]<\/p>\n","protected":false},"featured_media":47347,"comment_status":"closed","ping_status":"open","template":"","meta":{"_acf_changed":false},"product_brand":[],"product_cat":[624,20],"product_tag":[],"class_list":{"0":"post-47346","1":"product","2":"type-product","3":"status-publish","4":"has-post-thumbnail","6":"product_cat-bulova","7":"product_cat-ceasuri-barbati","8":"pa_brand-bulova","9":"pa_braslet-piele","10":"pa_corpus-45-mm","11":"pa_forma-rotund","12":"pa_funcii-semischelet","13":"pa_garatia-24-luni","14":"pa_korpus-argintiu","15":"pa_material-otel-inoxidabil","16":"pa_mehanizm-mecanic","17":"pa_mehanizm-mecanism-automatic","18":"pa_remeshok-albastru-inchis","19":"pa_steklo-cristal-mineral","20":"pa_strana-sua","21":"pa_voda-20-atm","23":"first","24":"instock","25":"purchasable","26":"product-type-simple"},"acf":[],"_links":{"self":[{"href":"https:\/\/ceasuri.md\/ru\/wp-json\/wp\/v2\/product\/47346","targetHints":{"allow":["GET"]}}],"collection":[{"href":"https:\/\/ceasuri.md\/ru\/wp-json\/wp\/v2\/product"}],"about":[{"href":"https:\/\/ceasuri.md\/ru\/wp-json\/wp\/v2\/types\/product"}],"replies":[{"embeddable":true,"href":"https:\/\/ceasuri.md\/ru\/wp-json\/wp\/v2\/comments?post=47346"}],"wp:featuredmedia":[{"embeddable":true,"href":"https:\/\/ceasuri.md\/ru\/wp-json\/wp\/v2\/media\/47347"}],"wp:attachment":[{"href":"https:\/\/ceasuri.md\/ru\/wp-json\/wp\/v2\/media?parent=47346"}],"wp:term":[{"taxonomy":"product_brand","embeddable":true,"href":"https:\/\/ceasuri.md\/ru\/wp-json\/wp\/v2\/product_brand?post=47346"},{"taxonomy":"product_cat","embeddable":true,"href":"https:\/\/ceasuri.md\/ru\/wp-json\/wp\/v2\/product_cat?post=47346"},{"taxonomy":"product_tag","embeddable":true,"href":"https:\/\/ceasuri.md\/ru\/wp-json\/wp\/v2\/product_tag?post=47346"}],"curies":[{"name":"wp","href":"https:\/\/api.w.org\/{rel}","templated":true}]}}