{"id":47342,"date":"2026-04-02T22:56:14","date_gmt":"2026-04-02T19:56:14","guid":{"rendered":"http:\/\/new.ceasuri.md\/shop\/uncategorized\/bulova-marine-star-96b256\/"},"modified":"2026-04-20T01:10:01","modified_gmt":"2026-04-19T22:10:01","slug":"bulova-marine-star-96b256","status":"publish","type":"product","link":"https:\/\/ceasuri.md\/ru\/shop\/branduri\/bulova\/bulova-marine-star-96b256\/","title":{"rendered":"\u0427\u0430\u0441\u044b BULOVA MARINE STAR 96B256"},"content":{"rendered":"<p>Designul dinamic al acestui cronograf elegant este perfect pentru b\u0103rba\u021bii cu un stil de via\u021b\u0103 activ.<\/p>\n<p>Cronograf cu \u0219ase m\u00e2ini \u0219i calendar din o\u021bel inoxidabil.<\/p>\n<p>Cadran de culoare albastr\u0103.<\/p>\n<p>Sticl\u0103 mineral\u0103.<\/p>\n<p>Fond cu \u0219urub.<\/p>\n<p>Br\u0103\u021bar\u0103 cu \u00eencuietoare pliabil\u0103 cu buton, bar\u0103 de siguran\u021b\u0103 \u0219i extensie.<\/p>","protected":false},"excerpt":{"rendered":"<p>Designul dinamic al acestui cronograf elegant este perfect pentru b\u0103rba\u021bii cu un stil de via\u021b\u0103 activ. Cronograf cu \u0219ase m\u00e2ini \u0219i calendar din o\u021bel inoxidabil. Cadran de culoare albastr\u0103. Sticl\u0103 mineral\u0103. Fond cu \u0219urub. Br\u0103\u021bar\u0103 cu \u00eencuietoare pliabil\u0103 cu buton, bar\u0103 de siguran\u021b\u0103 \u0219i extensie.<\/p>","protected":false},"featured_media":47343,"comment_status":"closed","ping_status":"open","template":"","meta":{"_acf_changed":false},"product_brand":[],"product_cat":[624,20],"product_tag":[],"class_list":{"0":"post-47342","1":"product","2":"type-product","3":"status-publish","4":"has-post-thumbnail","6":"product_cat-bulova","7":"product_cat-ceasuri-barbati","8":"pa_brand-bulova","9":"pa_braslet-otel-inoxidabil","10":"pa_corpus-43-mm","11":"pa_forma-rotund","12":"pa_funcii-cronograf","13":"pa_funcii-data","14":"pa_garatia-24-luni","15":"pa_korpus-argintiu","16":"pa_kvarc-quartz","17":"pa_material-otel-inoxidabil","18":"pa_mehanizm-quartz","19":"pa_remeshok-argintiu","20":"pa_steklo-cristal-mineral","21":"pa_strana-sua","22":"pa_voda-10-atm","24":"first","25":"instock","26":"purchasable","27":"product-type-simple"},"acf":[],"_links":{"self":[{"href":"https:\/\/ceasuri.md\/ru\/wp-json\/wp\/v2\/product\/47342","targetHints":{"allow":["GET"]}}],"collection":[{"href":"https:\/\/ceasuri.md\/ru\/wp-json\/wp\/v2\/product"}],"about":[{"href":"https:\/\/ceasuri.md\/ru\/wp-json\/wp\/v2\/types\/product"}],"replies":[{"embeddable":true,"href":"https:\/\/ceasuri.md\/ru\/wp-json\/wp\/v2\/comments?post=47342"}],"wp:featuredmedia":[{"embeddable":true,"href":"https:\/\/ceasuri.md\/ru\/wp-json\/wp\/v2\/media\/47343"}],"wp:attachment":[{"href":"https:\/\/ceasuri.md\/ru\/wp-json\/wp\/v2\/media?parent=47342"}],"wp:term":[{"taxonomy":"product_brand","embeddable":true,"href":"https:\/\/ceasuri.md\/ru\/wp-json\/wp\/v2\/product_brand?post=47342"},{"taxonomy":"product_cat","embeddable":true,"href":"https:\/\/ceasuri.md\/ru\/wp-json\/wp\/v2\/product_cat?post=47342"},{"taxonomy":"product_tag","embeddable":true,"href":"https:\/\/ceasuri.md\/ru\/wp-json\/wp\/v2\/product_tag?post=47342"}],"curies":[{"name":"wp","href":"https:\/\/api.w.org\/{rel}","templated":true}]}}