{"id":47334,"date":"2026-04-02T22:56:14","date_gmt":"2026-04-02T19:56:14","guid":{"rendered":"http:\/\/new.ceasuri.md\/shop\/uncategorized\/bulova-marine-star-96b272\/"},"modified":"2026-04-20T01:10:02","modified_gmt":"2026-04-19T22:10:02","slug":"bulova-marine-star-96b272","status":"publish","type":"product","link":"https:\/\/ceasuri.md\/ru\/shop\/branduri\/bulova\/bulova-marine-star-96b272\/","title":{"rendered":"\u0427\u0430\u0441\u044b BULOVA MARINE STAR 96B272"},"content":{"rendered":"<p>Nou cronograf cu \u0219ase m\u00e2ini cu rezisten\u021b\u0103 la ap\u0103 p\u00e2n\u0103 la 200 de metri.<\/p>\n<p>Ceas din o\u021bel inoxidabil cu inser\u021bie din sticl\u0103 neagr\u0103 pe un luneta rotativ\u0103 cu mecanism cu clichet (luneta se rote\u0219te \u00eentr-un singur sens), cadran negru cu m\u00e2ini \u0219i indicatoare luminoase \u0219i func\u021bie calendar, cristal mineral bombat.<\/p>\n<p>Capac al carcasei \u00een\u0219urubat<\/p>\n<p>. <\/p>\n<p>Br\u0103\u021bar\u0103 din o\u021bel inoxidabil cu \u00eenchidere pliabil\u0103, bar\u0103 de siguran\u021b\u0103 \u0219i extensie.<\/p>","protected":false},"excerpt":{"rendered":"<p>Nou cronograf cu \u0219ase m\u00e2ini cu rezisten\u021b\u0103 la ap\u0103 p\u00e2n\u0103 la 200 de metri. Ceas din o\u021bel inoxidabil cu inser\u021bie din sticl\u0103 neagr\u0103 pe un luneta rotativ\u0103 cu mecanism cu clichet (luneta se rote\u0219te \u00eentr-un singur sens), cadran negru cu m\u00e2ini \u0219i indicatoare luminoase \u0219i func\u021bie calendar, cristal mineral bombat. Capac al carcasei \u00een\u0219urubat . [&hellip;]<\/p>\n","protected":false},"featured_media":47335,"comment_status":"closed","ping_status":"open","template":"","meta":{"_acf_changed":false},"product_brand":[],"product_cat":[624,20],"product_tag":[],"class_list":{"0":"post-47334","1":"product","2":"type-product","3":"status-publish","4":"has-post-thumbnail","6":"product_cat-bulova","7":"product_cat-ceasuri-barbati","8":"pa_brand-bulova","9":"pa_braslet-otel-inoxidabil","10":"pa_corpus-45-mm","11":"pa_forma-rotund","12":"pa_funcii-cronograf","13":"pa_funcii-data","14":"pa_garatia-24-luni","15":"pa_korpus-argintiu","16":"pa_kvarc-quartz","17":"pa_material-otel-inoxidabil","18":"pa_mehanizm-quartz","19":"pa_remeshok-argintiu","20":"pa_steklo-cristal-mineral","21":"pa_strana-sua","22":"pa_voda-20-atm","24":"first","25":"instock","26":"purchasable","27":"product-type-simple"},"acf":[],"_links":{"self":[{"href":"https:\/\/ceasuri.md\/ru\/wp-json\/wp\/v2\/product\/47334","targetHints":{"allow":["GET"]}}],"collection":[{"href":"https:\/\/ceasuri.md\/ru\/wp-json\/wp\/v2\/product"}],"about":[{"href":"https:\/\/ceasuri.md\/ru\/wp-json\/wp\/v2\/types\/product"}],"replies":[{"embeddable":true,"href":"https:\/\/ceasuri.md\/ru\/wp-json\/wp\/v2\/comments?post=47334"}],"wp:featuredmedia":[{"embeddable":true,"href":"https:\/\/ceasuri.md\/ru\/wp-json\/wp\/v2\/media\/47335"}],"wp:attachment":[{"href":"https:\/\/ceasuri.md\/ru\/wp-json\/wp\/v2\/media?parent=47334"}],"wp:term":[{"taxonomy":"product_brand","embeddable":true,"href":"https:\/\/ceasuri.md\/ru\/wp-json\/wp\/v2\/product_brand?post=47334"},{"taxonomy":"product_cat","embeddable":true,"href":"https:\/\/ceasuri.md\/ru\/wp-json\/wp\/v2\/product_cat?post=47334"},{"taxonomy":"product_tag","embeddable":true,"href":"https:\/\/ceasuri.md\/ru\/wp-json\/wp\/v2\/product_tag?post=47334"}],"curies":[{"name":"wp","href":"https:\/\/api.w.org\/{rel}","templated":true}]}}