{"id":47330,"date":"2026-04-02T22:56:14","date_gmt":"2026-04-02T19:56:14","guid":{"rendered":"http:\/\/new.ceasuri.md\/shop\/uncategorized\/bulova-sutton-96a208\/"},"modified":"2026-04-20T01:09:47","modified_gmt":"2026-04-19T22:09:47","slug":"bulova-sutton-96a208","status":"publish","type":"product","link":"https:\/\/ceasuri.md\/ru\/shop\/branduri\/bulova\/bulova-sutton-96a208\/","title":{"rendered":"\u0427\u0430\u0441\u044b BULOVA SUTTON 96A208"},"content":{"rendered":"<p>Design sofisticat, cu cadran de expozi\u021bie complet\u0103 \u0219i fundul carcasei.<\/p>\n<p>Carcas\u0103 din o\u021bel inoxidabil cu fundul \u00een\u0219urubat, cadran negru scheletizat cu trei m\u00e2ini care dezv\u0103luie mecanismele complicate ale mi\u0219c\u0103rii automate cu 21 de bijuterii, sticl\u0103 mineral\u0103 bombat\u0103, br\u0103\u021bar\u0103 din o\u021bel inoxidabil cu \u00eenchidere cu buton.<\/p>\n<p>Rezisten\u021b\u0103 la ap\u0103 p\u00e2n\u0103 la 30 de metri.<\/p>","protected":false},"excerpt":{"rendered":"<p>Design sofisticat, cu cadran de expozi\u021bie complet\u0103 \u0219i fundul carcasei. Carcas\u0103 din o\u021bel inoxidabil cu fundul \u00een\u0219urubat, cadran negru scheletizat cu trei m\u00e2ini care dezv\u0103luie mecanismele complicate ale mi\u0219c\u0103rii automate cu 21 de bijuterii, sticl\u0103 mineral\u0103 bombat\u0103, br\u0103\u021bar\u0103 din o\u021bel inoxidabil cu \u00eenchidere cu buton. Rezisten\u021b\u0103 la ap\u0103 p\u00e2n\u0103 la 30 de metri.<\/p>","protected":false},"featured_media":47331,"comment_status":"closed","ping_status":"open","template":"","meta":{"_acf_changed":false},"product_brand":[],"product_cat":[624,20],"product_tag":[],"class_list":{"0":"post-47330","1":"product","2":"type-product","3":"status-publish","4":"has-post-thumbnail","6":"product_cat-bulova","7":"product_cat-ceasuri-barbati","8":"pa_brand-bulova","9":"pa_braslet-otel-inoxidabil","10":"pa_corpus-43-mm","11":"pa_forma-rotund","12":"pa_funcii-schelet","13":"pa_garatia-24-luni","14":"pa_korpus-argintiu","15":"pa_material-otel-inoxidabil","16":"pa_mehanizm-mecanic","17":"pa_mehanizm-mecanism-automatic","18":"pa_remeshok-argintiu","19":"pa_steklo-cristal-mineral","20":"pa_strana-sua","21":"pa_voda-3-atm","23":"first","24":"instock","25":"purchasable","26":"product-type-simple"},"acf":[],"_links":{"self":[{"href":"https:\/\/ceasuri.md\/ru\/wp-json\/wp\/v2\/product\/47330","targetHints":{"allow":["GET"]}}],"collection":[{"href":"https:\/\/ceasuri.md\/ru\/wp-json\/wp\/v2\/product"}],"about":[{"href":"https:\/\/ceasuri.md\/ru\/wp-json\/wp\/v2\/types\/product"}],"replies":[{"embeddable":true,"href":"https:\/\/ceasuri.md\/ru\/wp-json\/wp\/v2\/comments?post=47330"}],"wp:featuredmedia":[{"embeddable":true,"href":"https:\/\/ceasuri.md\/ru\/wp-json\/wp\/v2\/media\/47331"}],"wp:attachment":[{"href":"https:\/\/ceasuri.md\/ru\/wp-json\/wp\/v2\/media?parent=47330"}],"wp:term":[{"taxonomy":"product_brand","embeddable":true,"href":"https:\/\/ceasuri.md\/ru\/wp-json\/wp\/v2\/product_brand?post=47330"},{"taxonomy":"product_cat","embeddable":true,"href":"https:\/\/ceasuri.md\/ru\/wp-json\/wp\/v2\/product_cat?post=47330"},{"taxonomy":"product_tag","embeddable":true,"href":"https:\/\/ceasuri.md\/ru\/wp-json\/wp\/v2\/product_tag?post=47330"}],"curies":[{"name":"wp","href":"https:\/\/api.w.org\/{rel}","templated":true}]}}