{"id":47322,"date":"2026-04-02T22:56:14","date_gmt":"2026-04-02T19:56:14","guid":{"rendered":"http:\/\/new.ceasuri.md\/shop\/uncategorized\/bulova-lunar-pilot-96a225\/"},"modified":"2026-04-20T01:09:49","modified_gmt":"2026-04-19T22:09:49","slug":"bulova-lunar-pilot-96a225","status":"publish","type":"product","link":"https:\/\/ceasuri.md\/ru\/shop\/branduri\/bulova\/bulova-lunar-pilot-96a225\/","title":{"rendered":"\u0427\u0430\u0441\u044b BULOVA LUNAR PILOT 96A225"},"content":{"rendered":"<p>Edi\u021bie special\u0103 Lunar Pilot Chronograph din seria Archive.<\/p>\n<p>Mi\u0219carea cronografului cu \u0219ase m\u00e2ini dispune de tehnologia patentat\u0103 de cuar\u021b de \u00eenalt\u0103 performan\u021b\u0103 cu o frecven\u021b\u0103 de vibra\u021bie de 262 kHz pentru o precizie precis\u0103.<\/p>\n<p>Aceast\u0103 nou\u0103 edi\u021bie este completat\u0103 cu o carcas\u0103 din o\u021bel inoxidabil de calitate chirurgical\u0103 316L lustruit, cadran negru cu accente albe, cristal de safir anti-reflexie, curea NATO din poliester negru cu \u00eenchidere cu cataram\u0103 din trei piese \u0219i rezisten\u021b\u0103 la ap\u0103 p\u00e2n\u0103 la 50 de metri.<\/p>","protected":false},"excerpt":{"rendered":"<p>Edi\u021bie special\u0103 Lunar Pilot Chronograph din seria Archive. Mi\u0219carea cronografului cu \u0219ase m\u00e2ini dispune de tehnologia patentat\u0103 de cuar\u021b de \u00eenalt\u0103 performan\u021b\u0103 cu o frecven\u021b\u0103 de vibra\u021bie de 262 kHz pentru o precizie precis\u0103. Aceast\u0103 nou\u0103 edi\u021bie este completat\u0103 cu o carcas\u0103 din o\u021bel inoxidabil de calitate chirurgical\u0103 316L lustruit, cadran negru cu accente albe, [&hellip;]<\/p>\n","protected":false},"featured_media":47323,"comment_status":"closed","ping_status":"open","template":"","meta":{"_acf_changed":false},"product_brand":[],"product_cat":[624,20],"product_tag":[],"class_list":{"0":"post-47322","1":"product","2":"type-product","3":"status-publish","4":"has-post-thumbnail","6":"product_cat-bulova","7":"product_cat-ceasuri-barbati","8":"pa_brand-bulova","9":"pa_braslet-textile","10":"pa_corpus-45-mm","11":"pa_forma-rotund","12":"pa_funcii-cronograf","13":"pa_funcii-tahimetru","14":"pa_garatia-24-luni","15":"pa_korpus-argintiu","16":"pa_kvarc-quartz","17":"pa_material-otel-inoxidabil","18":"pa_mehanizm-quartz","19":"pa_remeshok-negru","20":"pa_steklo-cristal-safir","21":"pa_strana-sua","22":"pa_voda-5-atm","24":"first","25":"instock","26":"purchasable","27":"product-type-simple"},"acf":[],"_links":{"self":[{"href":"https:\/\/ceasuri.md\/ru\/wp-json\/wp\/v2\/product\/47322","targetHints":{"allow":["GET"]}}],"collection":[{"href":"https:\/\/ceasuri.md\/ru\/wp-json\/wp\/v2\/product"}],"about":[{"href":"https:\/\/ceasuri.md\/ru\/wp-json\/wp\/v2\/types\/product"}],"replies":[{"embeddable":true,"href":"https:\/\/ceasuri.md\/ru\/wp-json\/wp\/v2\/comments?post=47322"}],"wp:featuredmedia":[{"embeddable":true,"href":"https:\/\/ceasuri.md\/ru\/wp-json\/wp\/v2\/media\/47323"}],"wp:attachment":[{"href":"https:\/\/ceasuri.md\/ru\/wp-json\/wp\/v2\/media?parent=47322"}],"wp:term":[{"taxonomy":"product_brand","embeddable":true,"href":"https:\/\/ceasuri.md\/ru\/wp-json\/wp\/v2\/product_brand?post=47322"},{"taxonomy":"product_cat","embeddable":true,"href":"https:\/\/ceasuri.md\/ru\/wp-json\/wp\/v2\/product_cat?post=47322"},{"taxonomy":"product_tag","embeddable":true,"href":"https:\/\/ceasuri.md\/ru\/wp-json\/wp\/v2\/product_tag?post=47322"}],"curies":[{"name":"wp","href":"https:\/\/api.w.org\/{rel}","templated":true}]}}