{"id":47251,"date":"2026-04-02T22:55:12","date_gmt":"2026-04-02T19:55:12","guid":{"rendered":"http:\/\/new.ceasuri.md\/shop\/uncategorized\/claude-bernard-aquarider-diving-chrono-10252-37rngca-grn\/"},"modified":"2026-04-20T01:07:33","modified_gmt":"2026-04-19T22:07:33","slug":"claude-bernard-aquarider-diving-chrono-10252-37rngca-grn","status":"publish","type":"product","link":"https:\/\/ceasuri.md\/ru\/shop\/branduri\/claude-bernard\/claude-bernard-aquarider-diving-chrono-10252-37rngca-grn\/","title":{"rendered":"\u0427\u0430\u0441\u044b CLAUDE BERNARD AQUARIDER DIVING CHRONO 10252-37RNGCA-GRN"},"content":{"rendered":"<p>Ceasul de m\u00e2n\u0103 Claude Bernard este un accesoriu esen\u021bial care completeaz\u0103 un look elegant, at\u00e2t \u00een via\u021ba de zi cu zi, c\u00e2t \u0219i la \u00eent\u00e2lnirile de afaceri.<\/p>\n<p>Acest ceas va \u00eenfrumuse\u021ba cu siguran\u021b\u0103 \u00eencheietura m\u00e2inii unui b\u0103rbat adev\u0103rat.<\/p>\n<p>Model este practic \u0219i rezistent la schimb\u0103rile condi\u021biilor meteorologice.<\/p>","protected":false},"excerpt":{"rendered":"<p>Ceasul de m\u00e2n\u0103 Claude Bernard este un accesoriu esen\u021bial care completeaz\u0103 un look elegant, at\u00e2t \u00een via\u021ba de zi cu zi, c\u00e2t \u0219i la \u00eent\u00e2lnirile de afaceri. Acest ceas va \u00eenfrumuse\u021ba cu siguran\u021b\u0103 \u00eencheietura m\u00e2inii unui b\u0103rbat adev\u0103rat. Model este practic \u0219i rezistent la schimb\u0103rile condi\u021biilor meteorologice.<\/p>","protected":false},"featured_media":47252,"comment_status":"closed","ping_status":"open","template":"","meta":{"_acf_changed":false},"product_brand":[],"product_cat":[20,19],"product_tag":[],"class_list":{"0":"post-47251","1":"product","2":"type-product","3":"status-publish","4":"has-post-thumbnail","6":"product_cat-ceasuri-barbati","7":"product_cat-claude-bernard","8":"pa_brand-claude-bernard","9":"pa_braslet-cauciuc","10":"pa_corpus-43-mm","11":"pa_forma-rotund","12":"pa_funcii-cronograf","13":"pa_funcii-data","14":"pa_funcii-iluminare-fluorescenta","15":"pa_garatia-24-luni","16":"pa_korpus-roz-gold","17":"pa_kvarc-quartz","18":"pa_material-otel-inoxidabil","19":"pa_mehanizm-quartz","20":"pa_remeshok-negru","21":"pa_steklo-cristal-safir","22":"pa_strana-elvetia","23":"pa_voda-20-atm","25":"first","26":"instock","27":"purchasable","28":"product-type-simple"},"acf":[],"_links":{"self":[{"href":"https:\/\/ceasuri.md\/ru\/wp-json\/wp\/v2\/product\/47251","targetHints":{"allow":["GET"]}}],"collection":[{"href":"https:\/\/ceasuri.md\/ru\/wp-json\/wp\/v2\/product"}],"about":[{"href":"https:\/\/ceasuri.md\/ru\/wp-json\/wp\/v2\/types\/product"}],"replies":[{"embeddable":true,"href":"https:\/\/ceasuri.md\/ru\/wp-json\/wp\/v2\/comments?post=47251"}],"wp:featuredmedia":[{"embeddable":true,"href":"https:\/\/ceasuri.md\/ru\/wp-json\/wp\/v2\/media\/47252"}],"wp:attachment":[{"href":"https:\/\/ceasuri.md\/ru\/wp-json\/wp\/v2\/media?parent=47251"}],"wp:term":[{"taxonomy":"product_brand","embeddable":true,"href":"https:\/\/ceasuri.md\/ru\/wp-json\/wp\/v2\/product_brand?post=47251"},{"taxonomy":"product_cat","embeddable":true,"href":"https:\/\/ceasuri.md\/ru\/wp-json\/wp\/v2\/product_cat?post=47251"},{"taxonomy":"product_tag","embeddable":true,"href":"https:\/\/ceasuri.md\/ru\/wp-json\/wp\/v2\/product_tag?post=47251"}],"curies":[{"name":"wp","href":"https:\/\/api.w.org\/{rel}","templated":true}]}}