{"id":47241,"date":"2026-04-02T22:55:12","date_gmt":"2026-04-02T19:55:12","guid":{"rendered":"http:\/\/new.ceasuri.md\/shop\/uncategorized\/alexander-shorokhoff-square-round-as-sr01-6\/"},"modified":"2026-04-20T01:09:46","modified_gmt":"2026-04-19T22:09:46","slug":"alexander-shorokhoff-square-round-as-sr01-6","status":"publish","type":"product","link":"https:\/\/ceasuri.md\/ru\/shop\/branduri\/alexander-shorokhoff\/alexander-shorokhoff-square-round-as-sr01-6\/","title":{"rendered":"\u0427\u0430\u0441\u044b ALEXANDER SHOROKHOFF SQUARE &#038; ROUND AS.SR01-6"},"content":{"rendered":"<p>Alexander Shorokhoff, fondatorul \u0219i designerul brandului , este din nou inspirat de culori. \u00cen noul model, el se joac\u0103 cu aceste culori \u0219i forme diferite.<\/p>\n<p>Culorile bogate ale cadranului creeaz\u0103 o senza\u021bie subiectiv\u0103 de bun\u0103stare. Ceasul este mult mai mult dec\u00e2t un simplu cronometru. Acesta este un obiect de art\u0103 pentru \u00eencheietura m\u00e2inii \u0219i \u00eembun\u0103t\u0103\u021beste percep\u021bia impresiilor de culoare.<\/p>\n<p>Acest model nu va trece cu siguran\u021b\u0103 neobservat datorit\u0103 coloritului s\u0103u. \u00cen plus, importan\u021ba sa este accentuat\u0103 de forma masiv\u0103 a carcasei sale p\u0103trate. Cu toate acestea, col\u021burile sunt rotunjite \u0219i u\u0219ureaz\u0103 u\u0219or aspectul masiv. <\/p>\n<p>Ceasul este dedicat anului aniversar al manufacturii.<\/p>\n<p>Model este disponibil \u00eentr-o edi\u021bie limitat\u0103 de 30 de exemplare.<\/p>\n<p>Num\u0103rul colec\u021biei \u00een edi\u021bie limitat\u0103: 22\/30.<\/p>","protected":false},"excerpt":{"rendered":"<p>Alexander Shorokhoff, fondatorul \u0219i designerul brandului , este din nou inspirat de culori. \u00cen noul model, el se joac\u0103 cu aceste culori \u0219i forme diferite. Culorile bogate ale cadranului creeaz\u0103 o senza\u021bie subiectiv\u0103 de bun\u0103stare. Ceasul este mult mai mult dec\u00e2t un simplu cronometru. Acesta este un obiect de art\u0103 pentru \u00eencheietura m\u00e2inii \u0219i \u00eembun\u0103t\u0103\u021beste [&hellip;]<\/p>\n","protected":false},"featured_media":47242,"comment_status":"closed","ping_status":"open","template":"","meta":{"_acf_changed":false},"product_brand":[],"product_cat":[570,20,106,205],"product_tag":[],"class_list":{"0":"post-47241","1":"product","2":"type-product","3":"status-publish","4":"has-post-thumbnail","6":"product_cat-alexander-shorokhoff","7":"product_cat-ceasuri-barbati","8":"product_cat-ceasuri-premium","9":"product_cat-limited-edition","10":"pa_brand-alexander-shorokhoff","11":"pa_braslet-piele","12":"pa_corpus-44-mm","13":"pa_forma-patrat","14":"pa_funcii-cronograf","15":"pa_funcii-data","16":"pa_funcii-limited-edition","17":"pa_garatia-24-luni","18":"pa_korpus-argintiu","19":"pa_material-otel-inoxidabil","20":"pa_mehanizm-bobinaj-manual","21":"pa_mehanizm-mecanic","22":"pa_remeshok-maro","23":"pa_steklo-cristal-safir","24":"pa_strana-germania","25":"pa_voda-3-atm","27":"first","28":"instock","29":"purchasable","30":"product-type-simple"},"acf":[],"_links":{"self":[{"href":"https:\/\/ceasuri.md\/ru\/wp-json\/wp\/v2\/product\/47241","targetHints":{"allow":["GET"]}}],"collection":[{"href":"https:\/\/ceasuri.md\/ru\/wp-json\/wp\/v2\/product"}],"about":[{"href":"https:\/\/ceasuri.md\/ru\/wp-json\/wp\/v2\/types\/product"}],"replies":[{"embeddable":true,"href":"https:\/\/ceasuri.md\/ru\/wp-json\/wp\/v2\/comments?post=47241"}],"wp:featuredmedia":[{"embeddable":true,"href":"https:\/\/ceasuri.md\/ru\/wp-json\/wp\/v2\/media\/47242"}],"wp:attachment":[{"href":"https:\/\/ceasuri.md\/ru\/wp-json\/wp\/v2\/media?parent=47241"}],"wp:term":[{"taxonomy":"product_brand","embeddable":true,"href":"https:\/\/ceasuri.md\/ru\/wp-json\/wp\/v2\/product_brand?post=47241"},{"taxonomy":"product_cat","embeddable":true,"href":"https:\/\/ceasuri.md\/ru\/wp-json\/wp\/v2\/product_cat?post=47241"},{"taxonomy":"product_tag","embeddable":true,"href":"https:\/\/ceasuri.md\/ru\/wp-json\/wp\/v2\/product_tag?post=47241"}],"curies":[{"name":"wp","href":"https:\/\/api.w.org\/{rel}","templated":true}]}}