{"id":47234,"date":"2026-04-02T22:55:12","date_gmt":"2026-04-02T19:55:12","guid":{"rendered":"http:\/\/new.ceasuri.md\/shop\/uncategorized\/alexander-shorokhoff-neva-as-nev01-5\/"},"modified":"2026-04-20T01:09:44","modified_gmt":"2026-04-19T22:09:44","slug":"alexander-shorokhoff-neva-as-nev01-5","status":"publish","type":"product","link":"https:\/\/ceasuri.md\/ru\/shop\/branduri\/alexander-shorokhoff\/alexander-shorokhoff-neva-as-nev01-5\/","title":{"rendered":"\u0427\u0430\u0441\u044b ALEXANDER SHOROKHOFF NEVA AS.NEV01-5"},"content":{"rendered":"<p>Natural \u0219i luminos, plin de via\u021b\u0103 \u0219i armonios, proasp\u0103t \u0219i lini\u0219titor: noul NEVA de la Alexander Schorochoff.<\/p>\n<p>Ca \u0219i \u00een cazul modelului anterior, ghilotina ondulat\u0103 de pe cadranul superior joac\u0103 un rol important. Cadranul din partea de jos ofer\u0103 contrast \u0219i prezint\u0103 logo-ul Alexander Shorokhoff, indicatoarele de minute \u0219i secunde.<\/p>\n<p>Acele de culoare argintie pentru ore \u0219i minute ofer\u0103 contrastul necesar pentru culoarea saturat\u0103.<\/p>\n<p>Frumuse\u021bea mi\u0219c\u0103rii poate fi v\u0103zut\u0103 prin cristalul de safir. Ast\u0103zi, astfel de mi\u0219c\u0103ri nu mai sunt reproduse.<\/p>\n<p>Cu toate acestea, Manufactura Alexandre Schorochoff a ob\u021binut un num\u0103r limitat de exemplare \u0219i produce aceast\u0103 serie \u00eentr-o mic\u0103 edi\u021bie limitat\u0103.<\/p>\n<p>Num\u0103rul colec\u021biei \u00een edi\u021bie limitat\u0103: 46\/49.<\/p>","protected":false},"excerpt":{"rendered":"<p>Natural \u0219i luminos, plin de via\u021b\u0103 \u0219i armonios, proasp\u0103t \u0219i lini\u0219titor: noul NEVA de la Alexander Schorochoff. Ca \u0219i \u00een cazul modelului anterior, ghilotina ondulat\u0103 de pe cadranul superior joac\u0103 un rol important. Cadranul din partea de jos ofer\u0103 contrast \u0219i prezint\u0103 logo-ul Alexander Shorokhoff, indicatoarele de minute \u0219i secunde. Acele de culoare argintie pentru [&hellip;]<\/p>\n","protected":false},"featured_media":47235,"comment_status":"closed","ping_status":"open","template":"","meta":{"_acf_changed":false},"product_brand":[],"product_cat":[570,20,106,205],"product_tag":[],"class_list":{"0":"post-47234","1":"product","2":"type-product","3":"status-publish","4":"has-post-thumbnail","6":"product_cat-alexander-shorokhoff","7":"product_cat-ceasuri-barbati","8":"product_cat-ceasuri-premium","9":"product_cat-limited-edition","10":"pa_brand-alexander-shorokhoff","11":"pa_braslet-piele","12":"pa_corpus-43-mm","13":"pa_forma-rotund","14":"pa_funcii-data","15":"pa_funcii-limited-edition","16":"pa_funcii-offset-second-hand","17":"pa_garatia-24-luni","18":"pa_korpus-argintiu","19":"pa_material-otel-inoxidabil","20":"pa_mehanizm-mecanic","21":"pa_mehanizm-mecanism-automatic","22":"pa_remeshok-verde","23":"pa_steklo-cristal-safir","24":"pa_strana-germania","25":"pa_voda-5-atm","27":"first","28":"instock","29":"purchasable","30":"product-type-simple"},"acf":[],"_links":{"self":[{"href":"https:\/\/ceasuri.md\/ru\/wp-json\/wp\/v2\/product\/47234","targetHints":{"allow":["GET"]}}],"collection":[{"href":"https:\/\/ceasuri.md\/ru\/wp-json\/wp\/v2\/product"}],"about":[{"href":"https:\/\/ceasuri.md\/ru\/wp-json\/wp\/v2\/types\/product"}],"replies":[{"embeddable":true,"href":"https:\/\/ceasuri.md\/ru\/wp-json\/wp\/v2\/comments?post=47234"}],"wp:featuredmedia":[{"embeddable":true,"href":"https:\/\/ceasuri.md\/ru\/wp-json\/wp\/v2\/media\/47235"}],"wp:attachment":[{"href":"https:\/\/ceasuri.md\/ru\/wp-json\/wp\/v2\/media?parent=47234"}],"wp:term":[{"taxonomy":"product_brand","embeddable":true,"href":"https:\/\/ceasuri.md\/ru\/wp-json\/wp\/v2\/product_brand?post=47234"},{"taxonomy":"product_cat","embeddable":true,"href":"https:\/\/ceasuri.md\/ru\/wp-json\/wp\/v2\/product_cat?post=47234"},{"taxonomy":"product_tag","embeddable":true,"href":"https:\/\/ceasuri.md\/ru\/wp-json\/wp\/v2\/product_tag?post=47234"}],"curies":[{"name":"wp","href":"https:\/\/api.w.org\/{rel}","templated":true}]}}