{"id":47229,"date":"2026-04-02T22:55:12","date_gmt":"2026-04-02T19:55:12","guid":{"rendered":"http:\/\/new.ceasuri.md\/shop\/uncategorized\/alexander-shorokhoff-deep-ding-two-style-as-dd04-b\/"},"modified":"2026-04-20T01:09:42","modified_gmt":"2026-04-19T22:09:42","slug":"alexander-shorokhoff-deep-ding-two-style-as-dd04-b","status":"publish","type":"product","link":"https:\/\/ceasuri.md\/ru\/shop\/branduri\/alexander-shorokhoff\/alexander-shorokhoff-deep-ding-two-style-as-dd04-b\/","title":{"rendered":"\u0427\u0430\u0441\u044b ALEXANDER SHOROKHOFF DEEP DING TWO STYLE AS.DD04-B"},"content":{"rendered":"<p>Cadranul noului Deep Ding 2 are forme de valuri avangardiste \u0219i reprezint\u0103 astfel marea.<\/p>\n<p>Acele ceasului sunt impresionante \u0219i au un material luminescent. Dimensiunea lor face ca acestea s\u0103 fie u\u0219or de citit sub ap\u0103 \u0219i \u00een \u00eentuneric. Indicatoarele mari ale orelor sunt, de asemenea, realizate din material luminescent \u0219i corespund perfect cu acele.<\/p>\n<p>Carcasa este dotat\u0103 cu dou\u0103 coroane. Una este situat\u0103 la ora 2 pentru luneta interioar\u0103 rotativ\u0103, care poate fi utilizat\u0103 pentru a seta minutele \u00een timpul scufund\u0103rilor, iar cealalt\u0103 la ora 4 pentru a seta ora. Ambele coroane sunt marcate pentru a evita orice confuzie. \u00cen plus, coroanele sunt dublu izolate pentru a fi suficient de protejate \u00eempotriva presiunii apei.<\/p>\n<p>Num\u0103rul colec\u021biei \u00een edi\u021bie limitat\u0103: 02\/17.<\/p>","protected":false},"excerpt":{"rendered":"<p>Cadranul noului Deep Ding 2 are forme de valuri avangardiste \u0219i reprezint\u0103 astfel marea. Acele ceasului sunt impresionante \u0219i au un material luminescent. Dimensiunea lor face ca acestea s\u0103 fie u\u0219or de citit sub ap\u0103 \u0219i \u00een \u00eentuneric. Indicatoarele mari ale orelor sunt, de asemenea, realizate din material luminescent \u0219i corespund perfect cu acele. Carcasa [&hellip;]<\/p>\n","protected":false},"featured_media":47230,"comment_status":"closed","ping_status":"open","template":"","meta":{"_acf_changed":false},"product_brand":[],"product_cat":[570,20,106,205],"product_tag":[],"class_list":{"0":"post-47229","1":"product","2":"type-product","3":"status-publish","4":"has-post-thumbnail","6":"product_cat-alexander-shorokhoff","7":"product_cat-ceasuri-barbati","8":"product_cat-ceasuri-premium","9":"product_cat-limited-edition","10":"pa_brand-alexander-shorokhoff","11":"pa_braslet-cauciuc","12":"pa_corpus-45-mm","13":"pa_forma-rotund","14":"pa_funcii-data","15":"pa_funcii-iluminare-fluorescenta","16":"pa_funcii-limited-edition","17":"pa_garatia-24-luni","18":"pa_korpus-negru","19":"pa_material-otel-inoxidabil","20":"pa_mehanizm-mecanic","21":"pa_mehanizm-mecanism-automatic","22":"pa_remeshok-negru","23":"pa_steklo-cristal-safir","24":"pa_strana-germania","25":"pa_voda-10-atm","27":"first","28":"instock","29":"purchasable","30":"product-type-simple"},"acf":[],"_links":{"self":[{"href":"https:\/\/ceasuri.md\/ru\/wp-json\/wp\/v2\/product\/47229","targetHints":{"allow":["GET"]}}],"collection":[{"href":"https:\/\/ceasuri.md\/ru\/wp-json\/wp\/v2\/product"}],"about":[{"href":"https:\/\/ceasuri.md\/ru\/wp-json\/wp\/v2\/types\/product"}],"replies":[{"embeddable":true,"href":"https:\/\/ceasuri.md\/ru\/wp-json\/wp\/v2\/comments?post=47229"}],"wp:featuredmedia":[{"embeddable":true,"href":"https:\/\/ceasuri.md\/ru\/wp-json\/wp\/v2\/media\/47230"}],"wp:attachment":[{"href":"https:\/\/ceasuri.md\/ru\/wp-json\/wp\/v2\/media?parent=47229"}],"wp:term":[{"taxonomy":"product_brand","embeddable":true,"href":"https:\/\/ceasuri.md\/ru\/wp-json\/wp\/v2\/product_brand?post=47229"},{"taxonomy":"product_cat","embeddable":true,"href":"https:\/\/ceasuri.md\/ru\/wp-json\/wp\/v2\/product_cat?post=47229"},{"taxonomy":"product_tag","embeddable":true,"href":"https:\/\/ceasuri.md\/ru\/wp-json\/wp\/v2\/product_tag?post=47229"}],"curies":[{"name":"wp","href":"https:\/\/api.w.org\/{rel}","templated":true}]}}