{"id":47221,"date":"2026-04-02T22:54:27","date_gmt":"2026-04-02T19:54:27","guid":{"rendered":"http:\/\/new.ceasuri.md\/shop\/uncategorized\/casio-edifice-efr-526d-1avuef\/"},"modified":"2026-04-24T13:10:53","modified_gmt":"2026-04-24T10:10:53","slug":"casio-edifice-efr-526d-1avuef","status":"publish","type":"product","link":"https:\/\/ceasuri.md\/ru\/shop\/branduri\/casio\/casio-edifice-efr-526d-1avuef\/","title":{"rendered":"Ceas CASIO EDIFICE EFR-526D-1AVUEF"},"content":{"rendered":"<p>Un cronograf Edifice suprinz\u0103tor pe br\u0103\u021bar\u0103 de o\u021bel din seria EFR-526, \u00eentr-o carcas\u0103 de o\u021bel cu cadran \u0219i lunet\u0103 analogic\u0103 neagr\u0103.<\/p>\n<p>Pe l\u00e2ng\u0103 designul modest, cadranul prezint\u0103 un cronometru \u0219i dat\u0103.<\/p>\n<p>Este rezistent la ap\u0103, iar cadranul este protejat de un geam mineral c\u0103lit.<\/p>\n<p>Modelele EFR sunt disponibile \u00eentr-o varietate de culori, ceea ce le transform\u0103 \u00eentr-un ceas potrivit pentru fiecare zi.<\/p>","protected":false},"excerpt":{"rendered":"<p>Un cronograf Edifice suprinz\u0103tor pe br\u0103\u021bar\u0103 de o\u021bel din seria EFR-526, \u00eentr-o carcas\u0103 de o\u021bel cu cadran \u0219i lunet\u0103 analogic\u0103 neagr\u0103. Pe l\u00e2ng\u0103 designul modest, cadranul prezint\u0103 un cronometru \u0219i dat\u0103. Este rezistent la ap\u0103, iar cadranul este protejat de un geam mineral c\u0103lit. Modelele EFR sunt disponibile \u00eentr-o varietate de culori, ceea ce le [&hellip;]<\/p>\n","protected":false},"featured_media":47222,"comment_status":"closed","ping_status":"open","template":"","meta":{"_acf_changed":false},"product_brand":[],"product_cat":[27,20,536],"product_tag":[],"class_list":{"0":"post-47221","1":"product","2":"type-product","3":"status-publish","4":"has-post-thumbnail","6":"product_cat-casio","7":"product_cat-ceasuri-barbati","8":"product_cat-edifice","9":"pa_brand-casio","10":"pa_brand-edifice","11":"pa_braslet-otel-inoxidabil","12":"pa_corpus-44-mm","13":"pa_forma-rotund","14":"pa_funcii-cronograf","15":"pa_funcii-data","16":"pa_garatia-24-luni","17":"pa_korpus-argintiu","18":"pa_kvarc-quartz","19":"pa_material-otel-inoxidabil","20":"pa_mehanizm-quartz","21":"pa_remeshok-argintiu","22":"pa_steklo-cristal-mineral","23":"pa_strana-japonia","24":"pa_voda-10-atm","26":"first","27":"instock","28":"purchasable","29":"product-type-simple"},"acf":[],"_links":{"self":[{"href":"https:\/\/ceasuri.md\/ru\/wp-json\/wp\/v2\/product\/47221","targetHints":{"allow":["GET"]}}],"collection":[{"href":"https:\/\/ceasuri.md\/ru\/wp-json\/wp\/v2\/product"}],"about":[{"href":"https:\/\/ceasuri.md\/ru\/wp-json\/wp\/v2\/types\/product"}],"replies":[{"embeddable":true,"href":"https:\/\/ceasuri.md\/ru\/wp-json\/wp\/v2\/comments?post=47221"}],"wp:featuredmedia":[{"embeddable":true,"href":"https:\/\/ceasuri.md\/ru\/wp-json\/wp\/v2\/media\/47222"}],"wp:attachment":[{"href":"https:\/\/ceasuri.md\/ru\/wp-json\/wp\/v2\/media?parent=47221"}],"wp:term":[{"taxonomy":"product_brand","embeddable":true,"href":"https:\/\/ceasuri.md\/ru\/wp-json\/wp\/v2\/product_brand?post=47221"},{"taxonomy":"product_cat","embeddable":true,"href":"https:\/\/ceasuri.md\/ru\/wp-json\/wp\/v2\/product_cat?post=47221"},{"taxonomy":"product_tag","embeddable":true,"href":"https:\/\/ceasuri.md\/ru\/wp-json\/wp\/v2\/product_tag?post=47221"}],"curies":[{"name":"wp","href":"https:\/\/api.w.org\/{rel}","templated":true}]}}