{"id":47212,"date":"2026-04-02T22:54:27","date_gmt":"2026-04-02T19:54:27","guid":{"rendered":"http:\/\/new.ceasuri.md\/shop\/uncategorized\/casio-g-shock-ga-b001-4aer\/"},"modified":"2026-04-07T04:21:55","modified_gmt":"2026-04-07T01:21:55","slug":"casio-g-shock-ga-b001-4aer","status":"publish","type":"product","link":"https:\/\/ceasuri.md\/ru\/shop\/branduri\/casio\/casio-g-shock-ga-b001-4aer\/","title":{"rendered":"Ceas CASIO G-SHOCK GA-B001-4AER"},"content":{"rendered":"<p>G-SHOCK GA-B001 &#8211; cu noul s\u0103u design rezistent \u0219i func\u021bia Smartphone Link.<\/p>\n<p>Acest ceas nu este doar la mod\u0103, ci este complet func\u021bional. Sincronizeaz\u0103-te cu smartphone-ul t\u0103u prin Bluetooth\u00ae \u0219i acceseaz\u0103 aplica\u021bia dedicat\u0103 pentru a accesa func\u021biile de care ai nevoie.<\/p>\n<p>Linia GA-B001 este caracterizat\u0103 de un design inovator: dou\u0103 componente separate ale lunetei superioare \u0219i inferioare se conecteaz\u0103 la pozi\u021biile de la ora 9 \u0219i ora 3. Aceast\u0103 ingeniozitate este completat\u0103 de o aten\u021bie deosebit\u0103 la detalii: marcajele indicilor \u0219i afi\u0219ajul LCD cu form\u0103 unic\u0103 sunt realizate ca niciodat\u0103 p\u00e2n\u0103 acum pe un ceas G-SHOCK.<\/p>\n<p>Alege\u021bi dintre o culoare albastru turcoaz cu gradient translucid sau un ro\u0219u inedit.<\/p>","protected":false},"excerpt":{"rendered":"<p>G-SHOCK GA-B001 &#8211; cu noul s\u0103u design rezistent \u0219i func\u021bia Smartphone Link. Acest ceas nu este doar la mod\u0103, ci este complet func\u021bional. Sincronizeaz\u0103-te cu smartphone-ul t\u0103u prin Bluetooth\u00ae \u0219i acceseaz\u0103 aplica\u021bia dedicat\u0103 pentru a accesa func\u021biile de care ai nevoie. Linia GA-B001 este caracterizat\u0103 de un design inovator: dou\u0103 componente separate ale lunetei superioare [&hellip;]<\/p>\n","protected":false},"featured_media":47213,"comment_status":"closed","ping_status":"open","template":"","meta":{"_acf_changed":false},"product_brand":[],"product_cat":[27,20,419],"product_tag":[],"class_list":{"0":"post-47212","1":"product","2":"type-product","3":"status-publish","4":"has-post-thumbnail","6":"product_cat-casio","7":"product_cat-ceasuri-barbati","8":"product_cat-g-shock","9":"pa_brand-casio","10":"pa_brand-g-shock","11":"pa_braslet-cauciuc","12":"pa_corpus-46-mm","13":"pa_forma-rotund","14":"pa_funcii-alarma","15":"pa_funcii-bluetooth-smart","16":"pa_funcii-calendar","17":"pa_funcii-cronometru","18":"pa_funcii-iluminare","19":"pa_funcii-timp-mondial","20":"pa_garatia-24-luni","21":"pa_korpus-rosu","22":"pa_material-carbon","23":"pa_material-plastic","24":"pa_mehanizm-electronic","25":"pa_mehanizm-quartz","26":"pa_remeshok-rosu","27":"pa_steklo-cristal-mineral","28":"pa_strana-japonia","29":"pa_voda-20-atm","31":"first","32":"instock","33":"purchasable","34":"product-type-simple"},"acf":[],"_links":{"self":[{"href":"https:\/\/ceasuri.md\/ru\/wp-json\/wp\/v2\/product\/47212","targetHints":{"allow":["GET"]}}],"collection":[{"href":"https:\/\/ceasuri.md\/ru\/wp-json\/wp\/v2\/product"}],"about":[{"href":"https:\/\/ceasuri.md\/ru\/wp-json\/wp\/v2\/types\/product"}],"replies":[{"embeddable":true,"href":"https:\/\/ceasuri.md\/ru\/wp-json\/wp\/v2\/comments?post=47212"}],"wp:featuredmedia":[{"embeddable":true,"href":"https:\/\/ceasuri.md\/ru\/wp-json\/wp\/v2\/media\/47213"}],"wp:attachment":[{"href":"https:\/\/ceasuri.md\/ru\/wp-json\/wp\/v2\/media?parent=47212"}],"wp:term":[{"taxonomy":"product_brand","embeddable":true,"href":"https:\/\/ceasuri.md\/ru\/wp-json\/wp\/v2\/product_brand?post=47212"},{"taxonomy":"product_cat","embeddable":true,"href":"https:\/\/ceasuri.md\/ru\/wp-json\/wp\/v2\/product_cat?post=47212"},{"taxonomy":"product_tag","embeddable":true,"href":"https:\/\/ceasuri.md\/ru\/wp-json\/wp\/v2\/product_tag?post=47212"}],"curies":[{"name":"wp","href":"https:\/\/api.w.org\/{rel}","templated":true}]}}