{"id":47100,"date":"2026-04-02T22:53:38","date_gmt":"2026-04-02T19:53:38","guid":{"rendered":"http:\/\/new.ceasuri.md\/shop\/uncategorized\/michael-kors-ritz-mk6428\/"},"modified":"2026-04-07T04:21:34","modified_gmt":"2026-04-07T01:21:34","slug":"michael-kors-ritz-mk6428","status":"publish","type":"product","link":"https:\/\/ceasuri.md\/ru\/shop\/branduri\/michael-kors\/michael-kors-ritz-mk6428\/","title":{"rendered":"Ceas MICHAEL KORS RITZ MK6428"},"content":{"rendered":"<p>Ceasurile Michael Kors sunt o necesitate pentru oricine care are grij\u0103 de ceea ce poart\u0103. Fie c\u0103 este un cadou sau o cump\u0103r\u0103tur\u0103 personal\u0103, v\u0103 ve\u021bi \u00eendr\u0103gosti de un ceas Michael Kors de \u00eendat\u0103 ce \u00eel ve\u021bi purta la \u00eencheietura m\u00e2inii.<\/p>\n<p>Ceasul de metal de culoare aur roz pentru femei este unul dintre cele mai populare pe pia\u021b\u0103, urmat de modelele clasice din aur. Aceste ceasuri moi \u0219i delicate sunt ideale pentru purtarea de zi cu zi, adesea completate de pietre str\u0103lucitoare \u00een jurul cadranului.<\/p>\n<p>Ceasul pentru b\u0103rba\u021bi este disponibil \u00een culori metalice str\u0103lucitoare, al\u0103turi de piele \u00eenchis\u0103, ceea ce \u00eel face un accesoriu elegant pentru un costum elegant sau o \u021binut\u0103 casual.<\/p>","protected":false},"excerpt":{"rendered":"<p>Ceasurile Michael Kors sunt o necesitate pentru oricine care are grij\u0103 de ceea ce poart\u0103. Fie c\u0103 este un cadou sau o cump\u0103r\u0103tur\u0103 personal\u0103, v\u0103 ve\u021bi \u00eendr\u0103gosti de un ceas Michael Kors de \u00eendat\u0103 ce \u00eel ve\u021bi purta la \u00eencheietura m\u00e2inii. Ceasul de metal de culoare aur roz pentru femei este unul dintre cele mai [&hellip;]<\/p>\n","protected":false},"featured_media":47101,"comment_status":"closed","ping_status":"open","template":"","meta":{"_acf_changed":false},"product_brand":[],"product_cat":[25,616],"product_tag":[],"class_list":{"0":"post-47100","1":"product","2":"type-product","3":"status-publish","4":"has-post-thumbnail","6":"product_cat-ceasuri-dama","7":"product_cat-michael-kors","8":"pa_brand-michael-kors","9":"pa_braslet-otel-inoxidabil","10":"pa_corpus-37-mm","11":"pa_decor-cristale-swarowski","12":"pa_forma-rotund","13":"pa_funcii-cronograf","14":"pa_funcii-data","15":"pa_garatia-24-luni","16":"pa_korpus-argintiu","17":"pa_material-otel-inoxidabil","18":"pa_mehanizm-quartz","19":"pa_remeshok-argintiu","20":"pa_steklo-cristal-mineral","21":"pa_strana-sua","22":"pa_voda-5-atm","24":"first","25":"instock","26":"purchasable","27":"product-type-simple"},"acf":[],"_links":{"self":[{"href":"https:\/\/ceasuri.md\/ru\/wp-json\/wp\/v2\/product\/47100","targetHints":{"allow":["GET"]}}],"collection":[{"href":"https:\/\/ceasuri.md\/ru\/wp-json\/wp\/v2\/product"}],"about":[{"href":"https:\/\/ceasuri.md\/ru\/wp-json\/wp\/v2\/types\/product"}],"replies":[{"embeddable":true,"href":"https:\/\/ceasuri.md\/ru\/wp-json\/wp\/v2\/comments?post=47100"}],"wp:featuredmedia":[{"embeddable":true,"href":"https:\/\/ceasuri.md\/ru\/wp-json\/wp\/v2\/media\/47101"}],"wp:attachment":[{"href":"https:\/\/ceasuri.md\/ru\/wp-json\/wp\/v2\/media?parent=47100"}],"wp:term":[{"taxonomy":"product_brand","embeddable":true,"href":"https:\/\/ceasuri.md\/ru\/wp-json\/wp\/v2\/product_brand?post=47100"},{"taxonomy":"product_cat","embeddable":true,"href":"https:\/\/ceasuri.md\/ru\/wp-json\/wp\/v2\/product_cat?post=47100"},{"taxonomy":"product_tag","embeddable":true,"href":"https:\/\/ceasuri.md\/ru\/wp-json\/wp\/v2\/product_tag?post=47100"}],"curies":[{"name":"wp","href":"https:\/\/api.w.org\/{rel}","templated":true}]}}