{"id":46818,"date":"2026-04-02T22:50:43","date_gmt":"2026-04-02T19:50:43","guid":{"rendered":"http:\/\/new.ceasuri.md\/shop\/uncategorized\/storm-kreise-heartdrop-necklace\/"},"modified":"2026-04-20T00:56:44","modified_gmt":"2026-04-19T21:56:44","slug":"storm-kreise-heartdrop-necklace","status":"publish","type":"product","link":"https:\/\/ceasuri.md\/ru\/shop\/accesorii\/accesorii-dama\/coliere\/storm-kreise-heartdrop-necklace\/","title":{"rendered":"STORM KREISE HEARTDROP NECKLACE"},"content":{"rendered":"<p>Colierul STORM KREISE HEARTDROP este un accesoriu impresionant, creat din o\u021bel, care eman\u0103 for\u021b\u0103 \u0219i stil.<\/p>\n<p>Lan\u021bul robust, alc\u0103tuit din zale largi \u0219i finisate cu precizie, ofer\u0103 o prezen\u021b\u0103 marcant\u0103 \u0219i o durabilitate remarcabil\u0103.La baza colierului, un inel central mare este punctul de ancor\u0103 pentru un am\u0103nunt decorativ sofisticat &#8211; un pandantiv \u00een form\u0103 de inim\u0103 \u0219i un disc circular simplu, ambele purt\u00e2nd inscrip\u021bia distinctiv\u0103 a brandului STORM. Acest detaliu feminin adaug\u0103 un contrast delicat colierului masiv \u0219i \u00eei confer\u0103 un echilibru perfect \u00eentre robuste\u021be \u0219i sensibilitate.<\/p>\n<p>Aceast\u0103 pies\u0103 de bijuterie este ideal\u0103 pentru femeile care doresc s\u0103 combine declara\u021bia de putere cu o atingere de feminitate, fiind potrivit\u0103 at\u00e2t pentru uz zilnic, c\u00e2t \u0219i pentru evenimente speciale.<\/p>\n<p>Colierul KREISE HEARTDROP de la STORM este o declara\u021bie de neuitat \u00een orice colec\u021bie de accesorii.<\/p>","protected":false},"excerpt":{"rendered":"<p>Colierul STORM KREISE HEARTDROP este un accesoriu impresionant, creat din o\u021bel, care eman\u0103 for\u021b\u0103 \u0219i stil. Lan\u021bul robust, alc\u0103tuit din zale largi \u0219i finisate cu precizie, ofer\u0103 o prezen\u021b\u0103 marcant\u0103 \u0219i o durabilitate remarcabil\u0103.La baza colierului, un inel central mare este punctul de ancor\u0103 pentru un am\u0103nunt decorativ sofisticat &#8211; un pandantiv \u00een form\u0103 de [&hellip;]<\/p>\n","protected":false},"featured_media":46819,"comment_status":"closed","ping_status":"open","template":"","meta":{"_acf_changed":false},"product_brand":[],"product_cat":[583,22,604,394],"product_tag":[],"class_list":{"0":"post-46818","1":"product","2":"type-product","3":"status-publish","4":"has-post-thumbnail","6":"product_cat-coliere","7":"product_cat-sale","8":"product_cat-sale-bijuterii-dama","9":"product_cat-storm","10":"pa_brand-storm","11":"pa_corpus-44cm","12":"pa_korpus-argintiu","13":"pa_material-otel-inoxidabil","14":"pa_strana-marea-britanie","16":"first","17":"instock","18":"sale","19":"purchasable","20":"product-type-simple"},"acf":[],"_links":{"self":[{"href":"https:\/\/ceasuri.md\/ru\/wp-json\/wp\/v2\/product\/46818","targetHints":{"allow":["GET"]}}],"collection":[{"href":"https:\/\/ceasuri.md\/ru\/wp-json\/wp\/v2\/product"}],"about":[{"href":"https:\/\/ceasuri.md\/ru\/wp-json\/wp\/v2\/types\/product"}],"replies":[{"embeddable":true,"href":"https:\/\/ceasuri.md\/ru\/wp-json\/wp\/v2\/comments?post=46818"}],"wp:featuredmedia":[{"embeddable":true,"href":"https:\/\/ceasuri.md\/ru\/wp-json\/wp\/v2\/media\/46819"}],"wp:attachment":[{"href":"https:\/\/ceasuri.md\/ru\/wp-json\/wp\/v2\/media?parent=46818"}],"wp:term":[{"taxonomy":"product_brand","embeddable":true,"href":"https:\/\/ceasuri.md\/ru\/wp-json\/wp\/v2\/product_brand?post=46818"},{"taxonomy":"product_cat","embeddable":true,"href":"https:\/\/ceasuri.md\/ru\/wp-json\/wp\/v2\/product_cat?post=46818"},{"taxonomy":"product_tag","embeddable":true,"href":"https:\/\/ceasuri.md\/ru\/wp-json\/wp\/v2\/product_tag?post=46818"}],"curies":[{"name":"wp","href":"https:\/\/api.w.org\/{rel}","templated":true}]}}