{"id":46810,"date":"2026-04-02T22:50:43","date_gmt":"2026-04-02T19:50:43","guid":{"rendered":"http:\/\/new.ceasuri.md\/shop\/uncategorized\/storm-o-chain-necklace-silver\/"},"modified":"2026-04-28T14:42:04","modified_gmt":"2026-04-28T11:42:04","slug":"storm-o-chain-necklace-silver","status":"publish","type":"product","link":"https:\/\/ceasuri.md\/ru\/shop\/accesorii\/accesorii-dama\/coliere\/storm-o-chain-necklace-silver\/","title":{"rendered":"STORM O Chain Necklace"},"content":{"rendered":"<p>Acest colier argintiu de la brandul Storm este o expresie a luxului \u0219i rafinamentului.<\/p>\n<p>Lan\u021bul \u00eempletit unic, realizat cu o aten\u021bie deosebit\u0103 la detalii, creeaz\u0103 un efect tridimensional \u0219i se a\u0219az\u0103 confortabil \u00een jurul g\u00e2tului, oferind o purtare pl\u0103cut\u0103. Fiecare verig\u0103 este me\u0219te\u0219ugit\u0103 cu m\u0103iestrie pentru a reflecta lumina, ad\u0103ug\u00e2nd o str\u0103lucire juc\u0103u\u0219\u0103 bijuteriei \u0219i transform\u00e2nd-o \u00eentr-un accent expresiv pentru orice \u021binut\u0103.<\/p>\n<p>Sistemul de \u00eenchidere tip carabin\u0103 asigur\u0103 u\u0219urin\u021ba \u0219i securitatea la purtare, permi\u021b\u00e2nd o manipulare simpl\u0103 \u0219i rapid\u0103.<\/p>\n<p>Pl\u0103cu\u021ba metalic\u0103 discret\u0103 cu logo-ul Storm indic\u0103 apartenen\u021ba la un brand renumit \u0219i subliniaz\u0103 calitatea superioar\u0103 a accesoriului.<\/p>\n<p>Acest colier este potrivit at\u00e2t pentru uz zilnic, c\u00e2t \u0219i pentru ocazii speciale, fiind versatil \u0219i u\u0219or de asortat at\u00e2t cu un costum formal, c\u00e2t \u0219i cu o rochie de sear\u0103. Cre\u00e2nd un punct focal atr\u0103g\u0103tor la nivelul g\u00e2tului, va deveni cu siguran\u021b\u0103 accesoriul preferat al celor care pre\u021buiesc stilul \u0219i calitatea.<\/p>","protected":false},"excerpt":{"rendered":"<p>Acest colier argintiu de la brandul Storm este o expresie a luxului \u0219i rafinamentului. Lan\u021bul \u00eempletit unic, realizat cu o aten\u021bie deosebit\u0103 la detalii, creeaz\u0103 un efect tridimensional \u0219i se a\u0219az\u0103 confortabil \u00een jurul g\u00e2tului, oferind o purtare pl\u0103cut\u0103. Fiecare verig\u0103 este me\u0219te\u0219ugit\u0103 cu m\u0103iestrie pentru a reflecta lumina, ad\u0103ug\u00e2nd o str\u0103lucire juc\u0103u\u0219\u0103 bijuteriei \u0219i [&hellip;]<\/p>\n","protected":false},"featured_media":46811,"comment_status":"closed","ping_status":"open","template":"","meta":{"_acf_changed":false},"product_brand":[],"product_cat":[583,22,604,394],"product_tag":[],"class_list":{"0":"post-46810","1":"product","2":"type-product","3":"status-publish","4":"has-post-thumbnail","6":"product_cat-coliere","7":"product_cat-sale","8":"product_cat-sale-bijuterii-dama","9":"product_cat-storm","10":"pa_brand-storm","11":"pa_corpus-44cm","12":"pa_korpus-argintiu","13":"pa_material-otel-inoxidabil","14":"pa_strana-marea-britanie","16":"first","17":"instock","18":"sale","19":"purchasable","20":"product-type-simple"},"acf":[],"_links":{"self":[{"href":"https:\/\/ceasuri.md\/ru\/wp-json\/wp\/v2\/product\/46810","targetHints":{"allow":["GET"]}}],"collection":[{"href":"https:\/\/ceasuri.md\/ru\/wp-json\/wp\/v2\/product"}],"about":[{"href":"https:\/\/ceasuri.md\/ru\/wp-json\/wp\/v2\/types\/product"}],"replies":[{"embeddable":true,"href":"https:\/\/ceasuri.md\/ru\/wp-json\/wp\/v2\/comments?post=46810"}],"wp:featuredmedia":[{"embeddable":true,"href":"https:\/\/ceasuri.md\/ru\/wp-json\/wp\/v2\/media\/46811"}],"wp:attachment":[{"href":"https:\/\/ceasuri.md\/ru\/wp-json\/wp\/v2\/media?parent=46810"}],"wp:term":[{"taxonomy":"product_brand","embeddable":true,"href":"https:\/\/ceasuri.md\/ru\/wp-json\/wp\/v2\/product_brand?post=46810"},{"taxonomy":"product_cat","embeddable":true,"href":"https:\/\/ceasuri.md\/ru\/wp-json\/wp\/v2\/product_cat?post=46810"},{"taxonomy":"product_tag","embeddable":true,"href":"https:\/\/ceasuri.md\/ru\/wp-json\/wp\/v2\/product_tag?post=46810"}],"curies":[{"name":"wp","href":"https:\/\/api.w.org\/{rel}","templated":true}]}}