{"id":46808,"date":"2022-12-20T14:24:57","date_gmt":"2022-12-20T12:24:57","guid":{"rendered":"http:\/\/new.ceasuri.md\/shop\/uncategorized\/storm-funkicharm-earrings-silver\/"},"modified":"2026-05-01T17:26:56","modified_gmt":"2026-05-01T14:26:56","slug":"storm-funkicharm-earrings-silver","status":"publish","type":"product","link":"https:\/\/ceasuri.md\/ru\/shop\/accesorii\/accesorii-dama\/cercei\/storm-funkicharm-earrings-silver\/","title":{"rendered":"STORM Funkicharm Earrings"},"content":{"rendered":"<p>Cerceii STORM Funkicharm \u00een nuan\u021b\u0103 de argint sunt o adev\u0103rat\u0103 declara\u021bie de stil \u0219i originalitate.<\/p>\n<p>Designul lor unic, cu cercuri \u0219i pandantive dreptunghiulare care at\u00e2rn\u0103 \u00eentr-o ordine perfect simetric\u0103, ofer\u0103 un aspect modern \u0219i juc\u0103u\u0219. Fiecare pandantiv este accentuat cu un cristal str\u0103lucitor, ce adaug\u0103 un strop de rafinament.<\/p>\n<p>Aceast\u0103 pereche de cercei este ideal\u0103 pentru cei care doresc s\u0103 combine simplitatea cu un element de surpriz\u0103.<\/p>\n<p>Prin\u021b\u00e2nd lumina din fiecare unghi, cerceii Funkicharm vor atrage priviri admirative, f\u0103c\u00e2ndu-i o alegere perfect\u0103 pentru orice eveniment sau ca un accesoriu de zi cu zi care s\u0103 adauge o not\u0103 distinctiv\u0103 oric\u0103rei \u021binute.<\/p>","protected":false},"excerpt":{"rendered":"<p>Cerceii STORM Funkicharm \u00een nuan\u021b\u0103 de argint sunt o adev\u0103rat\u0103 declara\u021bie de stil \u0219i originalitate. Designul lor unic, cu cercuri \u0219i pandantive dreptunghiulare care at\u00e2rn\u0103 \u00eentr-o ordine perfect simetric\u0103, ofer\u0103 un aspect modern \u0219i juc\u0103u\u0219. Fiecare pandantiv este accentuat cu un cristal str\u0103lucitor, ce adaug\u0103 un strop de rafinament. Aceast\u0103 pereche de cercei este ideal\u0103 [&hellip;]<\/p>\n","protected":false},"featured_media":46809,"comment_status":"closed","ping_status":"open","template":"","meta":{"_acf_changed":false},"product_brand":[],"product_cat":[585,22,604,394],"product_tag":[],"class_list":{"0":"post-46808","1":"product","2":"type-product","3":"status-publish","4":"has-post-thumbnail","6":"product_cat-cercei","7":"product_cat-sale","8":"product_cat-sale-bijuterii-dama","9":"product_cat-storm","10":"pa_brand-storm","11":"pa_corpus-4cm","12":"pa_decor-zirconiu","13":"pa_korpus-argintiu","14":"pa_material-otel-inoxidabil","15":"pa_strana-marea-britanie","17":"first","18":"instock","19":"sale","20":"purchasable","21":"product-type-simple"},"acf":[],"_links":{"self":[{"href":"https:\/\/ceasuri.md\/ru\/wp-json\/wp\/v2\/product\/46808","targetHints":{"allow":["GET"]}}],"collection":[{"href":"https:\/\/ceasuri.md\/ru\/wp-json\/wp\/v2\/product"}],"about":[{"href":"https:\/\/ceasuri.md\/ru\/wp-json\/wp\/v2\/types\/product"}],"replies":[{"embeddable":true,"href":"https:\/\/ceasuri.md\/ru\/wp-json\/wp\/v2\/comments?post=46808"}],"wp:featuredmedia":[{"embeddable":true,"href":"https:\/\/ceasuri.md\/ru\/wp-json\/wp\/v2\/media\/46809"}],"wp:attachment":[{"href":"https:\/\/ceasuri.md\/ru\/wp-json\/wp\/v2\/media?parent=46808"}],"wp:term":[{"taxonomy":"product_brand","embeddable":true,"href":"https:\/\/ceasuri.md\/ru\/wp-json\/wp\/v2\/product_brand?post=46808"},{"taxonomy":"product_cat","embeddable":true,"href":"https:\/\/ceasuri.md\/ru\/wp-json\/wp\/v2\/product_cat?post=46808"},{"taxonomy":"product_tag","embeddable":true,"href":"https:\/\/ceasuri.md\/ru\/wp-json\/wp\/v2\/product_tag?post=46808"}],"curies":[{"name":"wp","href":"https:\/\/api.w.org\/{rel}","templated":true}]}}