{"id":46805,"date":"2022-12-20T14:24:55","date_gmt":"2022-12-20T12:24:55","guid":{"rendered":"http:\/\/new.ceasuri.md\/shop\/uncategorized\/storm-cartel-twistring-l\/"},"modified":"2026-05-01T17:26:51","modified_gmt":"2026-05-01T14:26:51","slug":"storm-cartel-twistring-l","status":"publish","type":"product","link":"https:\/\/ceasuri.md\/ru\/shop\/accesorii\/accesorii-dama\/inele\/storm-cartel-twistring-l\/","title":{"rendered":"STORM CARTEL TWISTRING"},"content":{"rendered":"<p>Inelul STORM CARTEL TWISTRING m\u0103rimea L este o bijuterie distinctiv\u0103, realizat\u0103 din o\u021bel inoxidabil cu o finisare de culoare aurie.<\/p>\n<p>Designul s\u0103u modern se caracterizeaz\u0103 prin mai multe benzi spiralate, \u00eempletite armonios pentru a crea o textur\u0103 complex\u0103 \u0219i captivant\u0103. Fiecare band\u0103 este meticulos detaliat\u0103, reflect\u00e2nd lumina pentru a emite un str\u0103lucire sofisticat\u0103.<\/p>\n<p>Acest inel nu doar c\u0103 iese \u00een eviden\u021b\u0103 datorit\u0103 aspectului s\u0103u bogat \u0219i a finisajului str\u0103lucitor, dar este \u0219i o demonstra\u021bie de m\u0103iestrie \u00een designul de bijuterii.<\/p>\n<p>Rezisten\u021ba inerent\u0103 a o\u021belului inoxidabil asigur\u0103 c\u0103 inelul TWISTRING este nu doar atractiv, ci \u0219i durabil, capabil s\u0103 reziste la uzura cotidian\u0103. Este o pies\u0103 remarcabil\u0103 pentru cei care caut\u0103 un accesoriu care s\u0103 combine elegan\u021ba atemporal\u0103 cu un stil modern.<\/p>","protected":false},"excerpt":{"rendered":"<p>Inelul STORM CARTEL TWISTRING m\u0103rimea L este o bijuterie distinctiv\u0103, realizat\u0103 din o\u021bel inoxidabil cu o finisare de culoare aurie. Designul s\u0103u modern se caracterizeaz\u0103 prin mai multe benzi spiralate, \u00eempletite armonios pentru a crea o textur\u0103 complex\u0103 \u0219i captivant\u0103. Fiecare band\u0103 este meticulos detaliat\u0103, reflect\u00e2nd lumina pentru a emite un str\u0103lucire sofisticat\u0103. Acest inel [&hellip;]<\/p>\n","protected":false},"featured_media":46806,"comment_status":"closed","ping_status":"open","template":"","meta":{"_acf_changed":false},"product_brand":[],"product_cat":[586,22,604,394],"product_tag":[],"class_list":{"0":"post-46805","1":"product","2":"type-product","3":"status-publish","4":"has-post-thumbnail","6":"product_cat-inele","7":"product_cat-sale","8":"product_cat-sale-bijuterii-dama","9":"product_cat-storm","10":"pa_brand-storm","11":"pa_corpus-18-mm","12":"pa_korpus-auriu","13":"pa_material-otel-inoxidabil","14":"pa_strana-marea-britanie","16":"first","17":"instock","18":"sale","19":"purchasable","20":"product-type-simple"},"acf":[],"_links":{"self":[{"href":"https:\/\/ceasuri.md\/ru\/wp-json\/wp\/v2\/product\/46805","targetHints":{"allow":["GET"]}}],"collection":[{"href":"https:\/\/ceasuri.md\/ru\/wp-json\/wp\/v2\/product"}],"about":[{"href":"https:\/\/ceasuri.md\/ru\/wp-json\/wp\/v2\/types\/product"}],"replies":[{"embeddable":true,"href":"https:\/\/ceasuri.md\/ru\/wp-json\/wp\/v2\/comments?post=46805"}],"wp:featuredmedia":[{"embeddable":true,"href":"https:\/\/ceasuri.md\/ru\/wp-json\/wp\/v2\/media\/46806"}],"wp:attachment":[{"href":"https:\/\/ceasuri.md\/ru\/wp-json\/wp\/v2\/media?parent=46805"}],"wp:term":[{"taxonomy":"product_brand","embeddable":true,"href":"https:\/\/ceasuri.md\/ru\/wp-json\/wp\/v2\/product_brand?post=46805"},{"taxonomy":"product_cat","embeddable":true,"href":"https:\/\/ceasuri.md\/ru\/wp-json\/wp\/v2\/product_cat?post=46805"},{"taxonomy":"product_tag","embeddable":true,"href":"https:\/\/ceasuri.md\/ru\/wp-json\/wp\/v2\/product_tag?post=46805"}],"curies":[{"name":"wp","href":"https:\/\/api.w.org\/{rel}","templated":true}]}}