{"id":46803,"date":"2026-04-02T22:50:43","date_gmt":"2026-04-02T19:50:43","guid":{"rendered":"http:\/\/new.ceasuri.md\/shop\/uncategorized\/storm-o-chain-necklace-gold\/"},"modified":"2026-04-28T14:41:52","modified_gmt":"2026-04-28T11:41:52","slug":"storm-o-chain-necklace-gold","status":"publish","type":"product","link":"https:\/\/ceasuri.md\/ru\/shop\/accesorii\/accesorii-dama\/coliere\/storm-o-chain-necklace-gold\/","title":{"rendered":"STORM O Chain Necklace"},"content":{"rendered":"<p>Acest colier cu nuan\u021b\u0103 aurie de la Storm este o demonstra\u021bie str\u0103lucitoare de stil \u0219i elegan\u021b\u0103. Lan\u021bul s\u0103u \u00eempletit, cu un design detaliat \u0219i intricat, emite o senza\u021bie de rafinament \u0219i opulen\u021b\u0103, \u00eens\u0103 f\u0103r\u0103 preten\u021bia de a fi realizat din aur veritabil.<\/p>\n<p>Oferind un aspect bogat \u0219i o textur\u0103 care capteaz\u0103 lumina, acest colier este perfect pentru a ad\u0103uga un accent sofisticat oric\u0103rei \u021binute.\u00cenchiz\u0103toarea tip carabin\u0103 asigur\u0103 o utilizare u\u0219oar\u0103 \u0219i o fixare sigur\u0103, iar pl\u0103cu\u021ba metalic\u0103 gravat\u0103 cu numele brandului Storm atest\u0103 autenticitatea \u0219i calitatea designului.<\/p>\n<p>Este o pies\u0103 versatil\u0103, ideal\u0103 pentru a fi purtat\u0103 at\u00e2t \u00een via\u021ba de zi cu zi, c\u00e2t \u0219i la ocazii speciale, fiind capabil\u0103 s\u0103 transforme un ansamblu simplu \u00eentr-unul sofisticat.<\/p>","protected":false},"excerpt":{"rendered":"<p>Acest colier cu nuan\u021b\u0103 aurie de la Storm este o demonstra\u021bie str\u0103lucitoare de stil \u0219i elegan\u021b\u0103. Lan\u021bul s\u0103u \u00eempletit, cu un design detaliat \u0219i intricat, emite o senza\u021bie de rafinament \u0219i opulen\u021b\u0103, \u00eens\u0103 f\u0103r\u0103 preten\u021bia de a fi realizat din aur veritabil. Oferind un aspect bogat \u0219i o textur\u0103 care capteaz\u0103 lumina, acest colier este [&hellip;]<\/p>\n","protected":false},"featured_media":46804,"comment_status":"closed","ping_status":"open","template":"","meta":{"_acf_changed":false},"product_brand":[],"product_cat":[583,22,604,394],"product_tag":[],"class_list":{"0":"post-46803","1":"product","2":"type-product","3":"status-publish","4":"has-post-thumbnail","6":"product_cat-coliere","7":"product_cat-sale","8":"product_cat-sale-bijuterii-dama","9":"product_cat-storm","10":"pa_brand-storm","11":"pa_corpus-44cm","12":"pa_korpus-auriu","13":"pa_material-otel-inoxidabil","14":"pa_strana-marea-britanie","16":"first","17":"instock","18":"sale","19":"purchasable","20":"product-type-simple"},"acf":[],"_links":{"self":[{"href":"https:\/\/ceasuri.md\/ru\/wp-json\/wp\/v2\/product\/46803","targetHints":{"allow":["GET"]}}],"collection":[{"href":"https:\/\/ceasuri.md\/ru\/wp-json\/wp\/v2\/product"}],"about":[{"href":"https:\/\/ceasuri.md\/ru\/wp-json\/wp\/v2\/types\/product"}],"replies":[{"embeddable":true,"href":"https:\/\/ceasuri.md\/ru\/wp-json\/wp\/v2\/comments?post=46803"}],"wp:featuredmedia":[{"embeddable":true,"href":"https:\/\/ceasuri.md\/ru\/wp-json\/wp\/v2\/media\/46804"}],"wp:attachment":[{"href":"https:\/\/ceasuri.md\/ru\/wp-json\/wp\/v2\/media?parent=46803"}],"wp:term":[{"taxonomy":"product_brand","embeddable":true,"href":"https:\/\/ceasuri.md\/ru\/wp-json\/wp\/v2\/product_brand?post=46803"},{"taxonomy":"product_cat","embeddable":true,"href":"https:\/\/ceasuri.md\/ru\/wp-json\/wp\/v2\/product_cat?post=46803"},{"taxonomy":"product_tag","embeddable":true,"href":"https:\/\/ceasuri.md\/ru\/wp-json\/wp\/v2\/product_tag?post=46803"}],"curies":[{"name":"wp","href":"https:\/\/api.w.org\/{rel}","templated":true}]}}