{"id":46801,"date":"2022-12-20T14:24:46","date_gmt":"2022-12-20T12:24:46","guid":{"rendered":"http:\/\/new.ceasuri.md\/shop\/uncategorized\/storm-%d0%b1%d0%b8%d0%b6-funkicharmpendant-sil\/"},"modified":"2026-05-01T17:26:45","modified_gmt":"2026-05-01T14:26:45","slug":"storm-%d0%b1%d0%b8%d0%b6-funkicharmpendant-sil","status":"publish","type":"product","link":"https:\/\/ceasuri.md\/ru\/shop\/accesorii\/storm-%d0%b1%d0%b8%d0%b6-funkicharmpendant-sil\/","title":{"rendered":"STORM Funkicharm Pendant"},"content":{"rendered":"<p>STORM este o marc\u0103 britanic\u0103 specializat\u0103 \u00een ceasuri de m\u00e2n\u0103, bijuterii \u0219i accesorii. A fost fondat\u0103 \u00een 1989 la Londra.<\/p>\n<p>Specialitatea m\u0103rcii este combina\u021bia dintre calitatea clasic\u0103, designul elegant \u0219i neobi\u0219nuit \u0219i pre\u021bul accesibil.<\/p>","protected":false},"excerpt":{"rendered":"<p>STORM este o marc\u0103 britanic\u0103 specializat\u0103 \u00een ceasuri de m\u00e2n\u0103, bijuterii \u0219i accesorii. A fost fondat\u0103 \u00een 1989 la Londra. Specialitatea m\u0103rcii este combina\u021bia dintre calitatea clasic\u0103, designul elegant \u0219i neobi\u0219nuit \u0219i pre\u021bul accesibil.<\/p>","protected":false},"featured_media":46802,"comment_status":"closed","ping_status":"open","template":"","meta":{"_acf_changed":false},"product_brand":[],"product_cat":[575,1886,1881,18,1887,22,592,1884,1885],"product_tag":[],"class_list":{"0":"post-46801","1":"product","2":"type-product","3":"status-publish","4":"has-post-thumbnail","6":"product_cat-accesorii","7":"product_cat-accesorii-barbati-2","8":"product_cat-accesorii-dama-2","9":"product_cat-branduri","10":"product_cat-colier","11":"product_cat-sale","12":"product_cat-sale-bijuterii","13":"product_cat-sale-bijuterii-dama-2","14":"product_cat-storm-2","15":"pa_brand-storm","16":"pa_corpus-49cm","17":"pa_decor-zirconiu","18":"pa_korpus-argintiu","19":"pa_material-otel-inoxidabil","20":"pa_strana-marea-britanie","22":"first","23":"instock","24":"sale","25":"purchasable","26":"product-type-simple"},"acf":[],"_links":{"self":[{"href":"https:\/\/ceasuri.md\/ru\/wp-json\/wp\/v2\/product\/46801","targetHints":{"allow":["GET"]}}],"collection":[{"href":"https:\/\/ceasuri.md\/ru\/wp-json\/wp\/v2\/product"}],"about":[{"href":"https:\/\/ceasuri.md\/ru\/wp-json\/wp\/v2\/types\/product"}],"replies":[{"embeddable":true,"href":"https:\/\/ceasuri.md\/ru\/wp-json\/wp\/v2\/comments?post=46801"}],"wp:featuredmedia":[{"embeddable":true,"href":"https:\/\/ceasuri.md\/ru\/wp-json\/wp\/v2\/media\/46802"}],"wp:attachment":[{"href":"https:\/\/ceasuri.md\/ru\/wp-json\/wp\/v2\/media?parent=46801"}],"wp:term":[{"taxonomy":"product_brand","embeddable":true,"href":"https:\/\/ceasuri.md\/ru\/wp-json\/wp\/v2\/product_brand?post=46801"},{"taxonomy":"product_cat","embeddable":true,"href":"https:\/\/ceasuri.md\/ru\/wp-json\/wp\/v2\/product_cat?post=46801"},{"taxonomy":"product_tag","embeddable":true,"href":"https:\/\/ceasuri.md\/ru\/wp-json\/wp\/v2\/product_tag?post=46801"}],"curies":[{"name":"wp","href":"https:\/\/api.w.org\/{rel}","templated":true}]}}