{"id":46789,"date":"2022-12-20T14:24:23","date_gmt":"2022-12-20T12:24:23","guid":{"rendered":"http:\/\/new.ceasuri.md\/shop\/uncategorized\/storm-rock-earrings-black\/"},"modified":"2026-05-01T17:26:25","modified_gmt":"2026-05-01T14:26:25","slug":"storm-rock-earrings-black","status":"publish","type":"product","link":"https:\/\/ceasuri.md\/ru\/shop\/accesorii\/accesorii-dama\/cercei\/storm-rock-earrings-black\/","title":{"rendered":"STORM Rock Earrings"},"content":{"rendered":"<p>Aceste cercei inelari sunt o combina\u021bie elegant\u0103 de stil contemporan \u0219i fine\u021be clasic\u0103.<\/p>\n<p>Confec\u021bionate din metal lucios cu nuan\u021b\u0103 argintie, au o form\u0103 neted\u0103 \u0219i rotund\u0103, care confer\u0103 un aspect simplu \u0219i rafinat.<\/p>\n<p>Fiecare cercel este \u00eempodobit cu o piatr\u0103 neagr\u0103 p\u0103trat\u0103, suspendat\u0103 gra\u021bios pe inel, ad\u0103ug\u00e2nd un contrast sofisticat \u0219i profunzime designului. Pietrele au o suprafa\u021b\u0103 lustruit\u0103 \u0219i neted\u0103, care complementeaz\u0103 forma minimalist\u0103 a cerceilor, f\u0103c\u00e2ndu-i potrivi\u021bi at\u00e2t pentru purtare de zi cu zi, c\u00e2t \u0219i pentru evenimente de sear\u0103.<\/p>\n<p>Ace\u0219ti cercei de la Storm sunt alegerea perfect\u0103 pentru femeia modern\u0103 care caut\u0103 accesorii rafinate \u0219i totodat\u0103 expresive. Ei pot completa orice \u021binut\u0103, de la casual la formal\u0103, \u0219i vor deveni un accent remarcabil, dar nu cople\u0219itor, \u00een orice ansamblu.<\/p>","protected":false},"excerpt":{"rendered":"<p>Aceste cercei inelari sunt o combina\u021bie elegant\u0103 de stil contemporan \u0219i fine\u021be clasic\u0103. Confec\u021bionate din metal lucios cu nuan\u021b\u0103 argintie, au o form\u0103 neted\u0103 \u0219i rotund\u0103, care confer\u0103 un aspect simplu \u0219i rafinat. Fiecare cercel este \u00eempodobit cu o piatr\u0103 neagr\u0103 p\u0103trat\u0103, suspendat\u0103 gra\u021bios pe inel, ad\u0103ug\u00e2nd un contrast sofisticat \u0219i profunzime designului. Pietrele au [&hellip;]<\/p>\n","protected":false},"featured_media":46790,"comment_status":"closed","ping_status":"open","template":"","meta":{"_acf_changed":false},"product_brand":[],"product_cat":[585,22,604,394],"product_tag":[],"class_list":{"0":"post-46789","1":"product","2":"type-product","3":"status-publish","4":"has-post-thumbnail","6":"product_cat-cercei","7":"product_cat-sale","8":"product_cat-sale-bijuterii-dama","9":"product_cat-storm","10":"pa_brand-storm","11":"pa_corpus-5cm","12":"pa_korpus-argintiu","13":"pa_korpus-negru","14":"pa_material-otel-inoxidabil","15":"pa_strana-marea-britanie","17":"first","18":"instock","19":"sale","20":"purchasable","21":"product-type-simple"},"acf":[],"_links":{"self":[{"href":"https:\/\/ceasuri.md\/ru\/wp-json\/wp\/v2\/product\/46789","targetHints":{"allow":["GET"]}}],"collection":[{"href":"https:\/\/ceasuri.md\/ru\/wp-json\/wp\/v2\/product"}],"about":[{"href":"https:\/\/ceasuri.md\/ru\/wp-json\/wp\/v2\/types\/product"}],"replies":[{"embeddable":true,"href":"https:\/\/ceasuri.md\/ru\/wp-json\/wp\/v2\/comments?post=46789"}],"wp:featuredmedia":[{"embeddable":true,"href":"https:\/\/ceasuri.md\/ru\/wp-json\/wp\/v2\/media\/46790"}],"wp:attachment":[{"href":"https:\/\/ceasuri.md\/ru\/wp-json\/wp\/v2\/media?parent=46789"}],"wp:term":[{"taxonomy":"product_brand","embeddable":true,"href":"https:\/\/ceasuri.md\/ru\/wp-json\/wp\/v2\/product_brand?post=46789"},{"taxonomy":"product_cat","embeddable":true,"href":"https:\/\/ceasuri.md\/ru\/wp-json\/wp\/v2\/product_cat?post=46789"},{"taxonomy":"product_tag","embeddable":true,"href":"https:\/\/ceasuri.md\/ru\/wp-json\/wp\/v2\/product_tag?post=46789"}],"curies":[{"name":"wp","href":"https:\/\/api.w.org\/{rel}","templated":true}]}}